{"id":253030,"date":"2026-01-10T22:10:00","date_gmt":"2026-01-10T19:10:00","guid":{"rendered":"https:\/\/baldumarket.lt\/product\/brando-b10-stol-rozkladany\/"},"modified":"2026-02-11T18:31:33","modified_gmt":"2026-02-11T15:31:33","slug":"brando-b10-stol-rozkladany","status":"publish","type":"product","link":"https:\/\/baldumarket.lt\/lt\/product\/brando-b10-stol-rozkladany\/","title":{"rendered":"BRANDO B10 I\u0160PL\u0116STAMAS STALAS"},"content":{"rendered":"<p>BRANDO B10 i\u0161traukiamas stalas puikiai atrodo svetain\u0117je, valgomajame ir darbo kambaryje, suteikdamas elegancijos. Pastatytas centre, jis neabejotinai taps i\u0161skirtiniu akcentu. Stalas turi i\u0161traukiam\u0105 funkcij\u0105 (40 cm \u012fd\u0117klas), tod\u0117l j\u012f galima greitai ir lengvai i\u0161skleisti iki 200 cm ilgio. I\u0161skleistas stalas puikiai tinka svarbiems \u0161eimos susib\u016brimams, patogiai sus\u0117sdamas a\u0161tuoniems \u017emon\u0117ms. Universalus dizainas dera su kitomis spalvomis, atverdamas begales dizaino galimybi\u0173. Stalas puikiai dera su kitais BRANDO serijos baldais arba kaip atskiras baldas, prisitaikantis prie j\u016bs\u0173 kambario interjero.<\/p>\n<p>I\u0161traukiama TAIP \u012ed\u0117kl\u0173 skai\u010dius 1 Plotis 90 cm Ilgis 160 cm Ilgis po i\u0161skleidimo 200 cm Auk\u0161tis 76,5 cm Produkto svoris su pakuote 57,50 kg Gamintojo kodas \/ simbolis B10 Kolekcijos pavadinimas BRANDO Pavadinimas b2b sistemoje BRANDO B-10 balta, betonin\u0117 STAL\u0172 komplektas Produkto pakuo\u010di\u0173 skai\u010dius 2 Stilius Modernus \u012eranga Surinkimo instrukcijos \/ surinkimo priedai Surinkimas Savaranki\u0161kam surinkimui Spalva Balta \/ betonin\u0117 Stalvir\u0161io med\u017eiaga \/ tipas \/ storis 28 mm baldin\u0117 lenta R\u0117mo med\u017eiaga \/ tipas \/ storis 18 mm baldin\u0117 lenta Kojeli\u0173 med\u017eiaga \/ tipas \/ storis 22 mm baldin\u0117 lenta Kojel\u0117 \/ med\u017eiaga \/ spalva Nereguliuojama \/ Bald\u0173 b\u0117geliai \/ plastikin\u0117 \/ Juoda<\/p>","protected":false},"excerpt":{"rendered":"<p>BRANDO B10 i\u0161traukiamas stalas puikiai atrodo svetain\u0117se, valgomuosiuose ir darbo vietose, suteikdamas elegancijos. Pastatytas centre, jis neabejotinai taps i\u0161skirtiniu akcentu. Stalas turi i\u0161traukiam\u0105 funkcij\u0105 (40 cm \u012fd\u0117klas), tod\u0117l j\u012f galima greitai ir lengvai i\u0161traukti iki 200 cm ilgio. I\u0161traukus stal\u0105, jis [\u2026]<\/p>","protected":false},"featured_media":252995,"comment_status":"open","ping_status":"open","template":"","meta":[],"product_brand":[],"product_cat":[2457,1934],"product_tag":[],"class_list":{"0":"post-253030","1":"product","2":"type-product","3":"status-publish","4":"has-post-thumbnail","6":"product_cat-liveo","7":"product_cat-tables","9":"first","10":"instock","11":"purchasable","12":"product-type-simple"},"_links":{"self":[{"href":"https:\/\/baldumarket.lt\/lt\/wp-json\/wp\/v2\/product\/253030","targetHints":{"allow":["GET"]}}],"collection":[{"href":"https:\/\/baldumarket.lt\/lt\/wp-json\/wp\/v2\/product"}],"about":[{"href":"https:\/\/baldumarket.lt\/lt\/wp-json\/wp\/v2\/types\/product"}],"replies":[{"embeddable":true,"href":"https:\/\/baldumarket.lt\/lt\/wp-json\/wp\/v2\/comments?post=253030"}],"wp:featuredmedia":[{"embeddable":true,"href":"https:\/\/baldumarket.lt\/lt\/wp-json\/wp\/v2\/media\/252995"}],"wp:attachment":[{"href":"https:\/\/baldumarket.lt\/lt\/wp-json\/wp\/v2\/media?parent=253030"}],"wp:term":[{"taxonomy":"product_brand","embeddable":true,"href":"https:\/\/baldumarket.lt\/lt\/wp-json\/wp\/v2\/product_brand?post=253030"},{"taxonomy":"product_cat","embeddable":true,"href":"https:\/\/baldumarket.lt\/lt\/wp-json\/wp\/v2\/product_cat?post=253030"},{"taxonomy":"product_tag","embeddable":true,"href":"https:\/\/baldumarket.lt\/lt\/wp-json\/wp\/v2\/product_tag?post=253030"}],"curies":[{"name":"wp","href":"https:\/\/api.w.org\/{rel}","templated":true}]}}