{"id":253024,"date":"2026-01-10T22:09:56","date_gmt":"2026-01-10T19:09:56","guid":{"rendered":"https:\/\/baldumarket.lt\/product\/brando-b09-lawa\/"},"modified":"2026-02-11T18:31:33","modified_gmt":"2026-02-11T15:31:33","slug":"brando-b09-lawa","status":"publish","type":"product","link":"https:\/\/baldumarket.lt\/lt\/product\/brando-b09-lawa\/","title":{"rendered":"BRANDO B09 SUOLAS"},"content":{"rendered":"<p>BRANDO B09 kavos staliukas \u2013 puikus b\u016bdas sukurti darn\u0173 kambario dizain\u0105 su kitais \u0161ios serijos baldais. D\u0117l to jis idealiai tinka svetain\u0117ms, darbo kambariams ir paaugli\u0173 kambariams. Jis puikiai tinka patiekti aromating\u0105 kav\u0105 ir skanius sausainius. Kavos staliukas yra dviej\u0173 lygi\u0173 \u2013 apatin\u0117je lentynoje galite pad\u0117ti knygas, \u017eurnalus ar ne\u0161iojam\u0105j\u012f kompiuter\u012f. Universalus dizainas dera su kitomis spalvomis, suteikdamas neribotas dizaino galimybes. Kavos staliukas puikiai dera su kitais BRANDO serijos baldais arba kaip atskiras baldas, prisitaikantis prie j\u016bs\u0173 kambario interjero dizaino.<\/p>\n<p>I\u0161traukiama NE Plotis 67 cm Ilgis 102 cm Auk\u0161tis 49 cm Produkto svoris su pakuote 28,70 kg Gamintojo kodas \/ simbolis B09 Kolekcijos pavadinimas BRANDO Pavadinimas b2b sistemoje BRANDO B-9 balta, betonin\u0117 SUOLO komplektas Produkto pakuo\u010di\u0173 skai\u010dius 1 Stilius Modernus \u012eranga Surinkimo instrukcijos \/ surinkimo priedai Surinkimas Savaranki\u0161kam surinkimui Spalva Balta \/ betonin\u0117 Stalvir\u0161io med\u017eiaga \/ tipas \/ storis 28 mm baldin\u0117 lenta R\u0117mo med\u017eiaga \/ tipas \/ storis 18 mm baldin\u0117 lenta Lentynos spalva Balta Lentynos med\u017eiaga \/ tipas \/ storis 16 mm baldin\u0117 lenta Kar\u016bn\u0117l\u0117s lentynos kiekis 1 Kojeli\u0173 med\u017eiaga \/ tipas \/ storis 22 mm baldin\u0117 lenta Kojel\u0117 \/ med\u017eiaga \/ spalva Nereguliuojama \/ Bald\u0173 slydiklis \/ plastikin\u0117 \/ Juoda<\/p>","protected":false},"excerpt":{"rendered":"<p>BRANDO B09 kavos staliukas \u2013 puikus b\u016bdas sukurti darn\u0173 kambario dizain\u0105 su kitais \u0161ios serijos baldais. D\u0117l to jis puikiai tinka svetain\u0117ms, darbo kambariams ir paaugli\u0173 kambariams. Jis puikiai tinka patiekti aromating\u0105 kav\u0105 ir skanius sausainius. Kavos staliukas yra dviej\u0173 lygi\u0173 \u2013 jame galite sud\u0117ti knygas, \u017eurnalus ar [\u2026]<\/p>","protected":false},"featured_media":253001,"comment_status":"open","ping_status":"open","template":"","meta":[],"product_brand":[],"product_cat":[866,2457],"product_tag":[],"class_list":{"0":"post-253024","1":"product","2":"type-product","3":"status-publish","4":"has-post-thumbnail","6":"product_cat-coffee-tables","7":"product_cat-liveo","9":"first","10":"instock","11":"purchasable","12":"product-type-simple"},"_links":{"self":[{"href":"https:\/\/baldumarket.lt\/lt\/wp-json\/wp\/v2\/product\/253024","targetHints":{"allow":["GET"]}}],"collection":[{"href":"https:\/\/baldumarket.lt\/lt\/wp-json\/wp\/v2\/product"}],"about":[{"href":"https:\/\/baldumarket.lt\/lt\/wp-json\/wp\/v2\/types\/product"}],"replies":[{"embeddable":true,"href":"https:\/\/baldumarket.lt\/lt\/wp-json\/wp\/v2\/comments?post=253024"}],"wp:featuredmedia":[{"embeddable":true,"href":"https:\/\/baldumarket.lt\/lt\/wp-json\/wp\/v2\/media\/253001"}],"wp:attachment":[{"href":"https:\/\/baldumarket.lt\/lt\/wp-json\/wp\/v2\/media?parent=253024"}],"wp:term":[{"taxonomy":"product_brand","embeddable":true,"href":"https:\/\/baldumarket.lt\/lt\/wp-json\/wp\/v2\/product_brand?post=253024"},{"taxonomy":"product_cat","embeddable":true,"href":"https:\/\/baldumarket.lt\/lt\/wp-json\/wp\/v2\/product_cat?post=253024"},{"taxonomy":"product_tag","embeddable":true,"href":"https:\/\/baldumarket.lt\/lt\/wp-json\/wp\/v2\/product_tag?post=253024"}],"curies":[{"name":"wp","href":"https:\/\/api.w.org\/{rel}","templated":true}]}}