{"id":253022,"date":"2026-01-10T22:09:52","date_gmt":"2026-01-10T19:09:52","guid":{"rendered":"https:\/\/baldumarket.lt\/product\/brando-b08-polka-wiszaca\/"},"modified":"2026-02-11T18:31:33","modified_gmt":"2026-02-11T15:31:33","slug":"brando-b08-polka-wiszaca","status":"publish","type":"product","link":"https:\/\/baldumarket.lt\/lt\/product\/brando-b08-polka-wiszaca\/","title":{"rendered":"BRANDO B08 PAKABINAMA LENTYNA"},"content":{"rendered":"<p>BRANDO B08 lentyna puikiai tinka jaunimo kambariui, valgomajam, svetainei ar miegamajam. Paprastas dizainas daro j\u0105 tobulu bet kokio interjero akcentu. Joje patogiai galima laikyti \u012fvairius smulkius daiktus. Ji puikiai tinka vir\u0161 televizoriaus staliuko ar komodos i\u0161 BRANDO kolekcijos arba kaip atskiras baldas, kur\u012f galima pritaikyti prie j\u016bs\u0173 kambario interjero.<\/p>\n<p>Plotis 150,9 cm Gylis 23 cm Auk\u0161tis 22 cm Produkto svoris su pakuote 8,70 kg Gamintojo kodas \/ simbolis B08 Kolekcijos pavadinimas BRANDO Pavadinimas b2b sistemoje BRANDO B-8 balta, betonin\u0117 PAKABINAM\u0172 LENTYN\u0172 komplektas Produkto pakuo\u010di\u0173 skai\u010dius 1 Stilius Modernus \u012eranga Surinkimo instrukcijos \/ surinkimo priedai Surinkimas Savaranki\u0161kam surinkimui Spalva Balta \/ betonin\u0117 Korpuso med\u017eiaga \/ tipas \/ storis 18 mm MDF bald\u0173 plok\u0161t\u0117 Korpuso vir\u0161utin\u0117s dalies med\u017eiaga \/ tipas \/ storis 16 mm bald\u0173 plok\u0161t\u0117 Korpuso \u012franga Reguliuojami bald\u0173 pakabos<\/p>","protected":false},"excerpt":{"rendered":"<p>BRANDO B08 lentyna puikiai tinka jaunimo kambariui, valgomajam, svetainei ar miegamajam. Paprastas dizainas daro j\u0105 tobulu bet kokio interjero papildymu. Joje patogiai galima laikyti \u012fvairius smulkius daiktus. Ji puikiai tinka vir\u0161 televizoriaus staliuko ar komodos i\u0161 BRANDO kolekcijos arba kaip [\u2026]<\/p>","protected":false},"featured_media":252992,"comment_status":"open","ping_status":"open","template":"","meta":[],"product_brand":[],"product_cat":[1174,2457],"product_tag":[],"class_list":{"0":"post-253022","1":"product","2":"type-product","3":"status-publish","4":"has-post-thumbnail","6":"product_cat-hanging-shelves","7":"product_cat-liveo","9":"first","10":"instock","11":"purchasable","12":"product-type-simple"},"_links":{"self":[{"href":"https:\/\/baldumarket.lt\/lt\/wp-json\/wp\/v2\/product\/253022","targetHints":{"allow":["GET"]}}],"collection":[{"href":"https:\/\/baldumarket.lt\/lt\/wp-json\/wp\/v2\/product"}],"about":[{"href":"https:\/\/baldumarket.lt\/lt\/wp-json\/wp\/v2\/types\/product"}],"replies":[{"embeddable":true,"href":"https:\/\/baldumarket.lt\/lt\/wp-json\/wp\/v2\/comments?post=253022"}],"wp:featuredmedia":[{"embeddable":true,"href":"https:\/\/baldumarket.lt\/lt\/wp-json\/wp\/v2\/media\/252992"}],"wp:attachment":[{"href":"https:\/\/baldumarket.lt\/lt\/wp-json\/wp\/v2\/media?parent=253022"}],"wp:term":[{"taxonomy":"product_brand","embeddable":true,"href":"https:\/\/baldumarket.lt\/lt\/wp-json\/wp\/v2\/product_brand?post=253022"},{"taxonomy":"product_cat","embeddable":true,"href":"https:\/\/baldumarket.lt\/lt\/wp-json\/wp\/v2\/product_cat?post=253022"},{"taxonomy":"product_tag","embeddable":true,"href":"https:\/\/baldumarket.lt\/lt\/wp-json\/wp\/v2\/product_tag?post=253022"}],"curies":[{"name":"wp","href":"https:\/\/api.w.org\/{rel}","templated":true}]}}