{"id":253019,"date":"2026-01-10T22:09:48","date_gmt":"2026-01-10T19:09:48","guid":{"rendered":"https:\/\/baldumarket.lt\/product\/brando-b07-szafa\/"},"modified":"2026-02-11T18:31:33","modified_gmt":"2026-02-11T15:31:33","slug":"brando-b07-szafa","status":"publish","type":"product","link":"https:\/\/baldumarket.lt\/lt\/product\/brando-b07-szafa\/","title":{"rendered":"BRANDO B07 DRABU\u017dIN\u0116"},"content":{"rendered":"<p>Spinta BRANDO B07 \u2013 tai universalus baldas, kur\u012f galima lengvai pritaikyti beveik bet kokiam interjerui. Dviej\u0173 dur\u0173 spinta pasi\u017eymi funkcionalia erdve ir patogiu drabu\u017ei\u0173 laikymu ant pakab\u0173. Apatin\u0117je spintos dalyje yra lentyna, leid\u017eianti susitvarkyti kitus spintos daiktus. Tuo pa\u010diu metu spinta u\u017eima ma\u017eai vietos ir yra labai lengvai i\u0161d\u0117liojama. Moderni spintos i\u0161vaizda pasiekiama frezuot\u0173 fasad\u0173, kurie veikia kaip atidarymo rankenos, d\u0117ka. Universalus dizainas dera su kitomis spalvomis, suteikdamas neribotas dizaino galimybes. Spinta puikiai dera su kitais BRANDO serijos baldais arba kaip atskiras baldas, prisitaikantis prie j\u016bs\u0173 kambario interjero dizaino.<\/p>\n<p>Plotis 107 cm Gylis 55 cm Auk\u0161tis 192 cm Produkto svoris su pakuote 87,50 kg Gamintojo kodas \/ simbolis b07 Kolekcijos pavadinimas BRANDO Pavadinimas b2b sistemoje BRANDO B-7 balta, betonin\u0117, baltai blizgi Spinta 2D komplektas Produkt\u0173 pakuo\u010di\u0173 skai\u010dius 3 Stilius Modernus \u012eranga Surinkimo instrukcijos \/ surinkimo priedai Surinkimas Savaranki\u0161kam surinkimui Korpuso spalva Balta \/ Betonas Korpuso med\u017eiaga \/ tipas \/ storis 16 mm baldin\u0117 plok\u0161t\u0117 \/ 18 mm MDF baldin\u0117s plok\u0161t\u0117s juostel\u0117 Vir\u0161utinio korpuso med\u017eiaga \/ tipas \/ storis 16 mm baldin\u0117 plok\u0161t\u0117 Apatinio korpuso med\u017eiaga \/ tipas \/ storis 16 mm baldin\u0117 plok\u0161t\u0117 Lentynos spalva Balta Lentynos med\u017eiaga \/ tipas \/ storis 16 mm baldin\u0117 plok\u0161t\u0117 Kar\u016bn\u0117l\u0117s tipo lentyn\u0173 kiekis 1 Galin\u0117s sienel\u0117s med\u017eiaga \/ tipas \/ storis 2,5 mm HDF baldin\u0117 plok\u0161t\u0117 Galin\u0117s sienel\u0117s \u2013 matomos dalies spalva Balta Priekin\u0117s spalvos Balta Blizgi Priekin\u0117s med\u017eiagos \/ tipas \/ storis 18 mm MDF baldin\u0117 plok\u0161t\u0117 Priekinis vyris \u2300 35 mm, reguliuojamas trijose plok\u0161tumose Priekin\u0117 rankena \/ med\u017eiaga \/ spalva Frezuota \/ baltai blizgi \u0160velnaus u\u017edarymo dur\u0173 sistema Standarti\u0161kai Kojel\u0117 \/ med\u017eiaga \/ spalva Nereguliuojama \/ plastikin\u0117 \/ juoda Dur\u0173 skai\u010dius: 4 U\u017edar\u0173 ni\u0161\u0173 skai\u010dius: 3 K\u0117bulo \u012franga: 1 pakabos strypas (standartin\u0117 komplektacija)<\/p>","protected":false},"excerpt":{"rendered":"<p>BRANDO B07 spinta yra universalus baldas, kur\u012f galima lengvai pritaikyti beveik bet kokiam interjerui. Dviej\u0173 dur\u0173 spinta si\u016blo funkcionali\u0105 erdv\u0119 ir drabu\u017ei\u0173 pakab\u0105 patogiam daikt\u0173 laikymui ant pakab\u0173. Apatin\u0117je spintos dalyje yra lentyna, leid\u017eianti tvarkingai susid\u0117ti kitus drabu\u017ei\u0173 spintos daiktus. Tuo pa\u010diu metu, [\u2026]<\/p>","protected":false},"featured_media":253020,"comment_status":"open","ping_status":"open","template":"","meta":[],"product_brand":[],"product_cat":[2457,1177],"product_tag":[],"class_list":{"0":"post-253019","1":"product","2":"type-product","3":"status-publish","4":"has-post-thumbnail","6":"product_cat-liveo","7":"product_cat-wardrobes","9":"first","10":"instock","11":"purchasable","12":"product-type-simple"},"_links":{"self":[{"href":"https:\/\/baldumarket.lt\/lt\/wp-json\/wp\/v2\/product\/253019","targetHints":{"allow":["GET"]}}],"collection":[{"href":"https:\/\/baldumarket.lt\/lt\/wp-json\/wp\/v2\/product"}],"about":[{"href":"https:\/\/baldumarket.lt\/lt\/wp-json\/wp\/v2\/types\/product"}],"replies":[{"embeddable":true,"href":"https:\/\/baldumarket.lt\/lt\/wp-json\/wp\/v2\/comments?post=253019"}],"wp:featuredmedia":[{"embeddable":true,"href":"https:\/\/baldumarket.lt\/lt\/wp-json\/wp\/v2\/media\/253020"}],"wp:attachment":[{"href":"https:\/\/baldumarket.lt\/lt\/wp-json\/wp\/v2\/media?parent=253019"}],"wp:term":[{"taxonomy":"product_brand","embeddable":true,"href":"https:\/\/baldumarket.lt\/lt\/wp-json\/wp\/v2\/product_brand?post=253019"},{"taxonomy":"product_cat","embeddable":true,"href":"https:\/\/baldumarket.lt\/lt\/wp-json\/wp\/v2\/product_cat?post=253019"},{"taxonomy":"product_tag","embeddable":true,"href":"https:\/\/baldumarket.lt\/lt\/wp-json\/wp\/v2\/product_tag?post=253019"}],"curies":[{"name":"wp","href":"https:\/\/api.w.org\/{rel}","templated":true}]}}