{"id":253016,"date":"2026-01-10T22:09:44","date_gmt":"2026-01-10T19:09:44","guid":{"rendered":"https:\/\/baldumarket.lt\/product\/brando-b06-regal-zamkniety-l-p\/"},"modified":"2026-02-11T18:31:33","modified_gmt":"2026-02-11T15:31:33","slug":"brando-b06-regal-zamkniety-l-p","status":"publish","type":"product","link":"https:\/\/baldumarket.lt\/lt\/product\/brando-b06-regal-zamkniety-l-p\/","title":{"rendered":"BRANDO B06 U\u017dDAROS LENTYNOS K\/D"},"content":{"rendered":"<p>BRANDO B06 knyg\u0173 lentyna yra universalus, funkcionalus ir nesenstantis dizaino elementas. Jos vidus padalintas \u012f tris lentynas, leid\u017eian\u010dias sutvarkyti drabu\u017ei\u0173 spint\u0105 miegamajame, nam\u0173 tekstil\u0119 svetain\u0117je arba papildomus stalo \u012frankius valgomajame. \u0160is eleganti\u0161kos i\u0161vaizdos baldas neu\u017eima daug vietos, ta\u010diau viduje yra labai erdvus. Knyg\u0173 lentyna yra universali; galite pasirinkti, ar durys atsidaro \u012f de\u0161in\u0119, ar \u012f kair\u0119. Moderni knyg\u0173 lentynos i\u0161vaizda pasiekiama frezuot\u0173 fasad\u0173, kurie veikia kaip atidarymo rankenos, d\u0117ka. Universalus dizainas dera su kitomis spalvomis, suteikdamas neribotas dizaino galimybes. Knyg\u0173 lentyna puikiai dera su kitais BRANDO serijos baldais arba kaip atskiras baldas, prisitaikantis prie j\u016bs\u0173 kambario interjero dizaino.<\/p>\n<p>Plotis 71,5 cm Gylis 40 cm Auk\u0161tis 192 cm Produkto svoris su pakuote 58,70 kg Gamintojo kodas \/ simbolis B06 Kolekcijos pavadinimas BRANDO Pavadinimas b2b sistemoje BRANDO B-6 balta, betonin\u0117, baltai blizgi LENTYNA LP komplektas Produkto pakuo\u010di\u0173 skai\u010dius 2 Stilius Modernus \u012eranga Surinkimo instrukcijos \/ surinkimo priedai Surinkimas Savaranki\u0161kam surinkimui Korpuso spalva Balta \/ Betonas Korpuso med\u017eiaga \/ tipas \/ storis 16 mm bald\u0173 plok\u0161t\u0117 \/ 18 mm MDF bald\u0173 plok\u0161t\u0117s juostel\u0117 Vir\u0161utinio korpuso vir\u0161utinio sluoksnio med\u017eiaga \/ tipas \/ storis 16 mm bald\u0173 plok\u0161t\u0117 Apatinio korpuso vir\u0161utinio sluoksnio med\u017eiaga \/ tipas \/ storis 16 mm bald\u0173 plok\u0161t\u0117 Lentynos spalva Balta Lentynos med\u017eiaga \/ tipas \/ storis 16 mm bald\u0173 plok\u0161t\u0117 Lentyn\u0173 kiekis 3 Galin\u0117s sienel\u0117s med\u017eiaga \/ tipas \/ storis 2,5 mm HDF bald\u0173 plok\u0161t\u0117 Galin\u0117s sienel\u0117s spalva \u2013 matoma dalis Balta Priekin\u0117s spalvos Balta Blizgi Priekin\u0117s med\u017eiagos \/ tipas \/ storis 18 mm MDF bald\u0173 plok\u0161t\u0117 Priekinis vyris \u2300 35 mm, reguliuojamas trijose plok\u0161tumose Priekinis universalus atidarymas \u012f kair\u0119 \/ \u012f de\u0161in\u0119 TAIP Priekin\u0117 rankena \/ med\u017eiaga \/ spalva Frezuota \/ baltai blizgi \u0160velnaus u\u017edarymo dur\u0173 sistema Standarti\u0161kai Kojel\u0117 \/ med\u017eiaga \/ spalvos: Be reguliavimo \/ plastikas \/ juodas Dureli\u0173 skai\u010dius: 2 U\u017edar\u0173 ni\u0161\u0173 skai\u010dius: 5<\/p>","protected":false},"excerpt":{"rendered":"<p>BRANDO B06 knyg\u0173 lentyna yra universalus, funkcionalus ir nesenstantis dizaino elementas. Jos vidus padalintas \u012f tris lentynas, tod\u0117l miegamajame galite susitvarkyti drabu\u017ei\u0173 spint\u0105, svetain\u0117je \u2013 nam\u0173 tekstil\u0119, o valgomajame \u2013 papildomus stalo \u012frankius. \u0160is eleganti\u0161kai atrodantis baldas neu\u017eima daug vietos, ta\u010diau viduje yra labai erdvus. [\u2026]<\/p>","protected":false},"featured_media":253017,"comment_status":"open","ping_status":"open","template":"","meta":[],"product_brand":[],"product_cat":[2457,1177],"product_tag":[],"class_list":{"0":"post-253016","1":"product","2":"type-product","3":"status-publish","4":"has-post-thumbnail","6":"product_cat-liveo","7":"product_cat-wardrobes","9":"first","10":"instock","11":"purchasable","12":"product-type-simple"},"_links":{"self":[{"href":"https:\/\/baldumarket.lt\/lt\/wp-json\/wp\/v2\/product\/253016","targetHints":{"allow":["GET"]}}],"collection":[{"href":"https:\/\/baldumarket.lt\/lt\/wp-json\/wp\/v2\/product"}],"about":[{"href":"https:\/\/baldumarket.lt\/lt\/wp-json\/wp\/v2\/types\/product"}],"replies":[{"embeddable":true,"href":"https:\/\/baldumarket.lt\/lt\/wp-json\/wp\/v2\/comments?post=253016"}],"wp:featuredmedia":[{"embeddable":true,"href":"https:\/\/baldumarket.lt\/lt\/wp-json\/wp\/v2\/media\/253017"}],"wp:attachment":[{"href":"https:\/\/baldumarket.lt\/lt\/wp-json\/wp\/v2\/media?parent=253016"}],"wp:term":[{"taxonomy":"product_brand","embeddable":true,"href":"https:\/\/baldumarket.lt\/lt\/wp-json\/wp\/v2\/product_brand?post=253016"},{"taxonomy":"product_cat","embeddable":true,"href":"https:\/\/baldumarket.lt\/lt\/wp-json\/wp\/v2\/product_cat?post=253016"},{"taxonomy":"product_tag","embeddable":true,"href":"https:\/\/baldumarket.lt\/lt\/wp-json\/wp\/v2\/product_tag?post=253016"}],"curies":[{"name":"wp","href":"https:\/\/api.w.org\/{rel}","templated":true}]}}