{"id":253008,"date":"2026-01-10T22:09:40","date_gmt":"2026-01-10T19:09:40","guid":{"rendered":"https:\/\/baldumarket.lt\/product\/brando-b05-witryna-l-p\/"},"modified":"2026-02-11T18:31:33","modified_gmt":"2026-02-11T15:31:33","slug":"brando-b05-witryna-l-p","status":"publish","type":"product","link":"https:\/\/baldumarket.lt\/lt\/product\/brando-b05-witryna-l-p\/","title":{"rendered":"BRANDO B05 EKRANAS K\/D"},"content":{"rendered":"<p>BRANDO B05 L\/R vitrina puikiai papildys j\u016bs\u0173 svetain\u0119 ar valgom\u0105j\u012f, o savo stabilia konstrukcija j\u0105 i\u0161skiria i\u0161 kit\u0173. U\u017e stiklini\u0173 dureli\u0173 rasite dvi ap\u0161viestas stiklines lentynas, kurias galima naudoti kaip ekspozicijos elementus. Apatin\u0117je spintel\u0117s dalyje rasite daiktus, kuri\u0173 nenorite rodyti. Spintel\u0117 yra universali; galite pasirinkti, ar durel\u0117s atsidaro \u012f de\u0161in\u0119, ar \u012f kair\u0119. Moderni spintel\u0117s i\u0161vaizda pasiekiama d\u0117l frezuot\u0173 fasad\u0173, kurie veikia kaip atidarymo rankenos. Universalus dizainas dera su kitomis spalvomis, suteikdamas neribotas dizaino galimybes. Spintel\u0117 puikiai dera su kitais BRANDO serijos baldais arba kaip atskiras baldas, prisitaikantis prie j\u016bs\u0173 kambario interjero dizaino.<\/p>\n<p>Plotis 71,5 cm Gylis 40 cm Auk\u0161tis 192 cm Produkto svoris su pakuote 59,00 kg Gamintojo kodas \/ simbolis B05 Kolekcijos pavadinimas BRANDO Pavadinimas b2b sistemoje BRANDO B-5 balta, betonin\u0117, baltai blizgi VITRIN\u0116 SPINTEL\u0116 LP komplektas Produkto pakuo\u010di\u0173 skai\u010dius 2 Stilius Moderni \u012eranga Surinkimo instrukcijos \/ surinkimo priedai Surinkimas Savaranki\u0161kam surinkimui Korpuso spalva Balta \/ Betonas Korpuso med\u017eiaga \/ tipas \/ storis 16 mm baldin\u0117 plok\u0161t\u0117 \/ juostel\u0117 18 mm MDF baldin\u0117 plok\u0161t\u0117 Vir\u0161utinio korpuso med\u017eiaga \/ med\u017eiaga \/ tipas \/ storis 16 mm baldin\u0117 plok\u0161t\u0117 Apatinio korpuso med\u017eiaga \/ med\u017eiaga \/ tipas \/ storis 16 mm baldin\u0117 plok\u0161t\u0117 Lentynos spalva Balta Lentynos med\u017eiaga \/ tipas \/ storis 16 mm baldin\u0117 plok\u0161t\u0117 Lentyn\u0173 kiekis 1 Galin\u0117s sienel\u0117s med\u017eiaga \/ tipas \/ storis 2,5 mm HDF baldin\u0117 plok\u0161t\u0117 Matoma galin\u0117s sienel\u0117s dalis Balta Priekin\u0117 spalva Balta Blizgi Priekin\u0117 med\u017eiaga \/ tipas \/ storis MDF baldin\u0117 plok\u0161t\u0117 18 mm Priekinis vyris \u2300 35 mm reguliuojamas trijose plok\u0161tumose Priekinis universalus atidarymas kair\u0117n \/ de\u0161in\u0117n TAIP Priekin\u0117 rankena \/ apdaila \/ spalva Frezuota \/ blizgi balta Glaz\u016bruota priekin\u0117 apdaila \/ stiklo spalva Gr\u016bdintas \/ skaidrus Priekinio stiklo storis 4 mm Stiklin\u0117s lentynos stiklo spalva Skaidri Stiklin\u0117s lentynos stiklo storis 6 mm Stiklini\u0173 lentyn\u0173 kiekis 2 Vidinis ap\u0161vietimas Standartinis Vidinio ap\u0161vietimo \u0161viesos spalva \u0160altai balta Vidinio ap\u0161vietimo energijos klas\u0117 A++ \u0160velnaus u\u017edarymo dureli\u0173 sistema Standartinis Kojel\u0117 \/ apdaila \/ spalva Nereguliuojama \/ plastikin\u0117 \/ juoda Dureli\u0173 skai\u010dius 2 U\u017edar\u0173 ni\u0161\u0173 skai\u010dius u\u017e priekinio stiklo 3 U\u017edar\u0173 ni\u0161\u0173 skai\u010dius 2<\/p>","protected":false},"excerpt":{"rendered":"<p>BRANDO B05 L\/R vitrina puikiai papildys j\u016bs\u0173 svetain\u0119 ar valgom\u0105j\u012f, o savo stabilia konstrukcija j\u0105 i\u0161skiria i\u0161 kit\u0173. U\u017e stiklini\u0173 dureli\u0173 rasite dvi ap\u0161viestas stiklines lentynas, kurias galima naudoti kaip ekspozicij\u0173 elementus. Apatin\u0117je spintel\u0117s dalyje galite laikyti daiktus, kuri\u0173 nenorite rodyti. [\u2026]<\/p>","protected":false},"featured_media":253009,"comment_status":"open","ping_status":"open","template":"","meta":[],"product_brand":[],"product_cat":[2457,2006],"product_tag":[],"class_list":{"0":"post-253008","1":"product","2":"type-product","3":"status-publish","4":"has-post-thumbnail","6":"product_cat-liveo","7":"product_cat-vitrines","9":"first","10":"instock","11":"purchasable","12":"product-type-simple"},"_links":{"self":[{"href":"https:\/\/baldumarket.lt\/lt\/wp-json\/wp\/v2\/product\/253008","targetHints":{"allow":["GET"]}}],"collection":[{"href":"https:\/\/baldumarket.lt\/lt\/wp-json\/wp\/v2\/product"}],"about":[{"href":"https:\/\/baldumarket.lt\/lt\/wp-json\/wp\/v2\/types\/product"}],"replies":[{"embeddable":true,"href":"https:\/\/baldumarket.lt\/lt\/wp-json\/wp\/v2\/comments?post=253008"}],"wp:featuredmedia":[{"embeddable":true,"href":"https:\/\/baldumarket.lt\/lt\/wp-json\/wp\/v2\/media\/253009"}],"wp:attachment":[{"href":"https:\/\/baldumarket.lt\/lt\/wp-json\/wp\/v2\/media?parent=253008"}],"wp:term":[{"taxonomy":"product_brand","embeddable":true,"href":"https:\/\/baldumarket.lt\/lt\/wp-json\/wp\/v2\/product_brand?post=253008"},{"taxonomy":"product_cat","embeddable":true,"href":"https:\/\/baldumarket.lt\/lt\/wp-json\/wp\/v2\/product_cat?post=253008"},{"taxonomy":"product_tag","embeddable":true,"href":"https:\/\/baldumarket.lt\/lt\/wp-json\/wp\/v2\/product_tag?post=253008"}],"curies":[{"name":"wp","href":"https:\/\/api.w.org\/{rel}","templated":true}]}}