{"id":253005,"date":"2026-01-10T22:09:35","date_gmt":"2026-01-10T19:09:35","guid":{"rendered":"https:\/\/baldumarket.lt\/product\/brando-b04-kredens\/"},"modified":"2026-05-01T15:04:45","modified_gmt":"2026-05-01T12:04:45","slug":"brando-b04-kredens","status":"publish","type":"product","link":"https:\/\/baldumarket.lt\/lt\/product\/brando-b04-kredens\/","title":{"rendered":"BRANDO B04 indauja"},"content":{"rendered":"<p>BRANDO B04 indauja \u012fne\u0161 gaivos \u012f j\u016bs\u0173 interjer\u0105, puikiai papildys j\u016bs\u0173 svetain\u0119 ar valgom\u0105j\u012f ir suteiks daug vietos daiktams susid\u0117ti. Jos vidus padalintas \u012f dvi rakinamas dalis: ekspozicijos dal\u012f ir pagalbin\u0119 dal\u012f. Apatin\u0117je dalyje yra erdvi ni\u0161a su lentyna, skirta padidinti daikt\u0173 laikymo galimybes ir tvark\u0105 j\u016bs\u0173 svetain\u0117je ar valgomajame. U\u017e stiklini\u0173 dureli\u0173 stiklin\u0117s lentynos gra\u017eiai i\u0161ry\u0161kina nam\u0173 dekor\u0105, o standartinis LED ap\u0161vietimas pary\u0161kina viduje esan\u010dius daiktus. Modern\u0173 indaujas i\u0161ry\u0161kina frezuoti fasadai, kurie veikia kaip atidarymo rankenos. Universalus dizainas dera su kitomis spalvomis, suteikdamas neribotas dizaino galimybes. Indauja puikiai dera su kitais BRANDO serijos baldais arba kaip atskiras baldas, prisitaikantis prie j\u016bs\u0173 kambario interjero.<\/p>\n<p>Plotis 107 cm Gylis 40 cm Auk\u0161tis 132,5 cm Produkto svoris su pakuote 62,40 kg Gamintojo kodas \/ simbolis B04 Kolekcijos pavadinimas BRANDO Pavadinimas b2b sistemoje BRANDO B-4 balta, betonin\u0117, baltai blizgi SPINTEL\u0116S komplektas Produkto pakuo\u010di\u0173 skai\u010dius 2 Stilius Modernus \u012eranga Surinkimo instrukcijos \/ surinkimo priedai Surinkimui Savaranki\u0161kam surinkimui Korpuso spalva Balta \/ Betonas Korpuso med\u017eiaga \/ tipas \/ storis 16 mm baldin\u0117 plok\u0161t\u0117 \/ 18 mm MDF baldin\u0117s plok\u0161t\u0117s juostel\u0117 Vir\u0161utin\u0117 korpuso apdaila \/ med\u017eiaga \/ tipas \/ storis 16 mm baldin\u0117 plok\u0161t\u0117 Apatin\u0117 korpuso apdaila \/ med\u017eiaga \/ tipas \/ storis 16 mm baldin\u0117 plok\u0161t\u0117 Lentynos spalva Balta Lentynos med\u017eiaga \/ tipas \/ storis 16 mm baldin\u0117 plok\u0161t\u0117 Kar\u016bn\u0117l\u0117s tipo lentyn\u0173 kiekis 1 Galin\u0117s sienel\u0117s med\u017eiaga \/ tipas \/ storis 2,5 mm HDF baldin\u0117 plok\u0161t\u0117 Galin\u0117s sienel\u0117s \u2013 matomos dalies spalva Balta Priekin\u0117s spalvos Balta Blizgi Priekin\u0117s med\u017eiagos \/ tipas \/ storis 18 mm MDF baldin\u0117 plok\u0161t\u0117 Priekinis vyris \u2300 35 mm, reguliuojamas trijose plok\u0161tumose Priekin\u0117 ranken\u0117l\u0117 \/ apdaila \/ spalva Frezuota \/ baltai blizgi \u012estiklinto priekinio stiklo apdaila \/ stiklo spalva Gr\u016bdintas \/ bespalvis \u012estiklintas priekinis stiklas Storis 4 mm Stiklin\u0117s lentynos stiklo spalva Bespalv\u0117 Stiklin\u0117s lentynos stiklo storis 6 mm Stiklini\u0173 lentyn\u0173 kiekis 2 Vidinis ap\u0161vietimas Standarti\u0161kai Vidinio ap\u0161vietimo \u0161viesos spalva \u0160altai balta Vidinio ap\u0161vietimo energijos klas\u0117 A++ \u0160velnaus u\u017edarymo dureli\u0173 sistema Standarti\u0161kai Kojel\u0117 \/ apdaila \/ spalva Nereguliuojama \/ plastikin\u0117 \/ juoda Dureli\u0173 skai\u010dius 4 U\u017edar\u0173 ni\u0161\u0173 skai\u010dius u\u017e priekinio stiklo 4 U\u017edar\u0173 ni\u0161\u0173 skai\u010dius 2<\/p>","protected":false},"excerpt":{"rendered":"<p>BRANDO B04 indauja \u012fne\u0161 gaivos \u012f j\u016bs\u0173 interjer\u0105, puikiai papildys j\u016bs\u0173 svetain\u0119 ar valgom\u0105j\u012f ir suteiks daug vietos daiktams susid\u0117ti. Jos vidus padalintas \u012f dvi rakinamas dalis: ekspozicijos dal\u012f ir pagalbin\u0119 dal\u012f. Apatin\u0117je dalyje yra erdvi ni\u0161a su lentyna, skirta didesniam daikt\u0173 laikymui ir [\u2026]<\/p>","protected":false},"featured_media":253006,"comment_status":"open","ping_status":"open","template":"","meta":[],"product_brand":[],"product_cat":[10201,1173,2457],"product_tag":[],"class_list":{"0":"post-253005","1":"product","2":"type-product","3":"status-publish","4":"has-post-thumbnail","6":"product_cat-furniture-system-brando","7":"product_cat-chests-of-drawers","8":"product_cat-liveo","10":"first","11":"instock","12":"purchasable","13":"product-type-simple"},"_links":{"self":[{"href":"https:\/\/baldumarket.lt\/lt\/wp-json\/wp\/v2\/product\/253005","targetHints":{"allow":["GET"]}}],"collection":[{"href":"https:\/\/baldumarket.lt\/lt\/wp-json\/wp\/v2\/product"}],"about":[{"href":"https:\/\/baldumarket.lt\/lt\/wp-json\/wp\/v2\/types\/product"}],"replies":[{"embeddable":true,"href":"https:\/\/baldumarket.lt\/lt\/wp-json\/wp\/v2\/comments?post=253005"}],"wp:featuredmedia":[{"embeddable":true,"href":"https:\/\/baldumarket.lt\/lt\/wp-json\/wp\/v2\/media\/253006"}],"wp:attachment":[{"href":"https:\/\/baldumarket.lt\/lt\/wp-json\/wp\/v2\/media?parent=253005"}],"wp:term":[{"taxonomy":"product_brand","embeddable":true,"href":"https:\/\/baldumarket.lt\/lt\/wp-json\/wp\/v2\/product_brand?post=253005"},{"taxonomy":"product_cat","embeddable":true,"href":"https:\/\/baldumarket.lt\/lt\/wp-json\/wp\/v2\/product_cat?post=253005"},{"taxonomy":"product_tag","embeddable":true,"href":"https:\/\/baldumarket.lt\/lt\/wp-json\/wp\/v2\/product_tag?post=253005"}],"curies":[{"name":"wp","href":"https:\/\/api.w.org\/{rel}","templated":true}]}}