{"id":253003,"date":"2026-01-10T22:09:32","date_gmt":"2026-01-10T19:09:32","guid":{"rendered":"https:\/\/baldumarket.lt\/product\/brando-b03-komoda\/"},"modified":"2026-02-11T18:31:33","modified_gmt":"2026-02-11T15:31:33","slug":"brando-b03-komoda","status":"publish","type":"product","link":"https:\/\/baldumarket.lt\/lt\/product\/brando-b03-komoda\/","title":{"rendered":"BRANDO B03 komoda"},"content":{"rendered":"<p>BRANDO B03 komoda tiks beveik prie bet kokio interjero. Ji su\u0161ildys kambar\u012f, kuriame ji yra. Idealiai tinka tiek didel\u0117ms, tiek ma\u017eesn\u0117ms erdv\u0117ms, ji puikiai tinka svetainei, r\u016bbinei ir miegamajam. Komoda turi du erdvius stal\u010dius ir tris dureles, kuri\u0173 kiekvienoje yra pasl\u0117pta lentyna, dalijanti kiekvien\u0105 skyri\u0173 \u012f dvi dalis. Erdvus vidus leid\u017eia laikyti daugyb\u0119 b\u016btiniausi\u0173 daikt\u0173 bet kokiems namams, o platus stalvir\u0161is puikiai tinka dekoratyviniams daiktams ir atminimo daiktams eksponuoti. Modern\u0173 komodos vaizd\u0105 pary\u0161kina frezuoti fasadai, kurie veikia kaip atidarymo rankenos. Universalus dizainas dera su kitomis spalvomis, suteikdamas begalines dizaino galimybes. Komoda puikiai dera su lentyna B-8 ir kitais BRANDO serijos baldais arba kaip atskiras baldas, leid\u017eiantis pritaikyti savo kambario dizain\u0105.<\/p>\n<p>Plotis 150,9 cm Gylis 40 cm Auk\u0161tis 84 cm Produkto svoris su pakuote 60,40 kg Gamintojo kodas \/ simbolis B03 Kolekcijos pavadinimas BRANDO Pavadinimas b2b sistemoje BRANDO B-3 balta, betonin\u0117, baltai blizgi KOMODOS komplektas Produkto pakuo\u010di\u0173 skai\u010dius 2 Stilius Modernus \u012eranga Surinkimo instrukcijos \/ surinkimo priedai Surinkimas Savaranki\u0161kam surinkimui Korpuso spalva Balta \/ Betonas Korpuso med\u017eiaga \/ tipas \/ storis 16 mm bald\u0173 plok\u0161t\u0117 \/ 18 mm MDF bald\u0173 plok\u0161t\u0117s juostel\u0117 Vir\u0161utinio korpuso med\u017eiaga \/ tipas \/ storis 16 mm bald\u0173 plok\u0161t\u0117 Apatinio korpuso med\u017eiaga \/ tipas \/ storis 16 mm bald\u0173 plok\u0161t\u0117 Lentynos spalva Balta Lentynos med\u017eiaga \/ tipas \/ storis 16 mm bald\u0173 plok\u0161t\u0117 Lentyn\u0173 kiekis 1 Kar\u016bnin\u0117s lentynos kiekis 1 Galin\u0117s sienel\u0117s med\u017eiaga \/ tipas \/ storis 2,5 mm HDF bald\u0173 plok\u0161t\u0117 Galin\u0117s sienel\u0117s spalva \u2013 matoma dalis Balta Priekin\u0117s spalvos Balta Blizgi Priekin\u0117s med\u017eiagos \/ tipas \/ storis 18 mm MDF bald\u0173 plok\u0161t\u0117 Priekinis vyris \u2300 35 mm, reguliuojamas trijose plok\u0161tumose Priekin\u0117 rankena \/ med\u017eiaga \/ spalva Frezuota \/ baltai blizgi \u0160velnaus u\u017edarymo dur\u0173 sistema Standartinis Pilno i\u0161traukimo stal\u010di\u0173 b\u0117geliai Kojel\u0117 \/ apdaila \/ spalva Be reguliavimo \/ plastikas \/ juoda Papildoma kojel\u0117 \/ apdaila \/ spalva Be reguliavimo per vidur\u012f \/ plastikas \/ juoda Dureli\u0173 skai\u010dius 3 Stal\u010di\u0173 skai\u010dius 2 U\u017edar\u0173 ni\u0161\u0173 skai\u010dius 4<\/p>","protected":false},"excerpt":{"rendered":"<p>BRANDO B03 komoda tiks beveik prie bet kokio interjero. Ji su\u0161ildys kambar\u012f, kuriame ji bus. Idealiai tinka tiek didel\u0117ms, tiek ma\u017eesn\u0117ms erdv\u0117ms, puikiai tinka svetainei, r\u016bbinei ir miegamajam. Komoda turi du erdvius stal\u010dius ir tris dureles, kuri\u0173 kiekvienoje yra pasl\u0117pta lentyna, skirianti kiekvien\u0105 [\u2026]<\/p>","protected":false},"featured_media":252993,"comment_status":"open","ping_status":"open","template":"","meta":[],"product_brand":[],"product_cat":[1173,2457],"product_tag":[],"class_list":{"0":"post-253003","1":"product","2":"type-product","3":"status-publish","4":"has-post-thumbnail","6":"product_cat-chests-of-drawers","7":"product_cat-liveo","9":"first","10":"instock","11":"purchasable","12":"product-type-simple"},"_links":{"self":[{"href":"https:\/\/baldumarket.lt\/lt\/wp-json\/wp\/v2\/product\/253003","targetHints":{"allow":["GET"]}}],"collection":[{"href":"https:\/\/baldumarket.lt\/lt\/wp-json\/wp\/v2\/product"}],"about":[{"href":"https:\/\/baldumarket.lt\/lt\/wp-json\/wp\/v2\/types\/product"}],"replies":[{"embeddable":true,"href":"https:\/\/baldumarket.lt\/lt\/wp-json\/wp\/v2\/comments?post=253003"}],"wp:featuredmedia":[{"embeddable":true,"href":"https:\/\/baldumarket.lt\/lt\/wp-json\/wp\/v2\/media\/252993"}],"wp:attachment":[{"href":"https:\/\/baldumarket.lt\/lt\/wp-json\/wp\/v2\/media?parent=253003"}],"wp:term":[{"taxonomy":"product_brand","embeddable":true,"href":"https:\/\/baldumarket.lt\/lt\/wp-json\/wp\/v2\/product_brand?post=253003"},{"taxonomy":"product_cat","embeddable":true,"href":"https:\/\/baldumarket.lt\/lt\/wp-json\/wp\/v2\/product_cat?post=253003"},{"taxonomy":"product_tag","embeddable":true,"href":"https:\/\/baldumarket.lt\/lt\/wp-json\/wp\/v2\/product_tag?post=253003"}],"curies":[{"name":"wp","href":"https:\/\/api.w.org\/{rel}","templated":true}]}}