{"id":252997,"date":"2026-01-10T22:09:28","date_gmt":"2026-01-10T19:09:28","guid":{"rendered":"https:\/\/baldumarket.lt\/product\/brando-b02-komoda\/"},"modified":"2026-02-11T18:31:33","modified_gmt":"2026-02-11T15:31:33","slug":"brando-b02-komoda","status":"publish","type":"product","link":"https:\/\/baldumarket.lt\/lt\/product\/brando-b02-komoda\/","title":{"rendered":"BRANDO B02 komoda"},"content":{"rendered":"<p>BRANDO B02 indauja \u2013 funkcionalus ir klasikinis sprendimas svetainei ar bet kuriam kitam kambariui. Nors ir ma\u017ea (107 cm ilgio), tai erdvus baldas. Vir\u0161uje yra du erdv\u016bs stal\u010diai, o apa\u010dioje \u2013 u\u017erakinama spintel\u0117 su lentyna. \u010cia patogiai susid\u0117kite visus b\u016btiniausius daiktus, o vir\u0161utin\u0117 lentyna puikiai tinka suvenyrams ir nieku\u010diams eksponuoti. Modern\u0173 indaujai suteikia frezuoti fasadai, kurie atlieka atidarymo ranken\u0173 funkcij\u0105. Universalus dizainas dera su kitomis spalvomis, atverdamas begales dizaino galimybi\u0173. Indauja puikiai dera su kitais BRANDO serijos baldais arba yra atskiras baldas, prisitaikantis prie j\u016bs\u0173 kambario interjero.<\/p>\n<p>Plotis 107 cm Gylis 40 cm Auk\u0161tis 84 cm Produkto svoris su pakuote 44,60 kg Gamintojo kodas \/ simbolis B02 Kolekcijos pavadinimas BRANDO Pavadinimas b2b sistemoje BRANDO B-2 balta, betonin\u0117, baltai blizgi KOMODOS komplektas Produkto pakuo\u010di\u0173 skai\u010dius 2 Stilius Moderni \u012franga Surinkimo instrukcijos \/ surinkimo priedai Surinkimas Savaranki\u0161kam surinkimui Korpuso spalva Balta \/ Betonas Korpuso med\u017eiaga \/ tipas \/ storis 16 mm baldin\u0117 plok\u0161t\u0117 \/ 18 mm MDF baldin\u0117s plok\u0161t\u0117s juostel\u0117 Vir\u0161utinio korpuso med\u017eiaga \/ tipas \/ storis 16 mm baldin\u0117 plok\u0161t\u0117 Apatinio korpuso med\u017eiaga \/ tipas \/ storis 16 mm baldin\u0117 plok\u0161t\u0117 Lentynos spalva Balta Lentynos med\u017eiaga \/ tipas \/ storis 16 mm baldin\u0117 plok\u0161t\u0117 Kar\u016bn\u0117l\u0117s tipo lentyn\u0173 kiekis 1 Galin\u0117s sienel\u0117s med\u017eiaga \/ tipas \/ storis 2,5 mm HDF baldin\u0117 plok\u0161t\u0117 Galin\u0117s sienel\u0117s matomos dalies spalva Balta Priekin\u0117s spalvos Balta Blizgi Priekin\u0117s med\u017eiagos \/ tipas \/ storis 18 mm MDF baldin\u0117 plok\u0161t\u0117 Priekinis vyris \u2300 35 mm, reguliuojamas trijose plok\u0161tumose Priekin\u0117 rankena \/ med\u017eiaga \/ spalva Frezuota \/ baltai blizgi \u0160velnaus u\u017edarymo dur\u0173 sistema Standarti\u0161kai Pilnai i\u0161traukiami stal\u010di\u0173 b\u0117geliai Kojel\u0117 \/ med\u017eiaga \/ Spalvos: Be reguliavimo \/ plastikas \/ juodas Dureli\u0173 skai\u010dius: 2 Stal\u010di\u0173 skai\u010dius: 2 U\u017edar\u0173 ni\u0161\u0173 skai\u010dius: 2<\/p>","protected":false},"excerpt":{"rendered":"<p>BRANDO B02 indauja \u2013 funkcionalus ir klasikinis sprendimas svetainei ar bet kuriam kitam kambariui. Nors ir ma\u017ea (tik 107 cm), tai erdvus baldas. Vir\u0161uje yra du erdv\u016bs stal\u010diai, o apa\u010dioje \u2013 u\u017erakinama spintel\u0117 su lentyna. \u010cia lengvai susid\u0117kite visus b\u016btiniausius daiktus, o [\u2026]<\/p>","protected":false},"featured_media":252998,"comment_status":"open","ping_status":"open","template":"","meta":[],"product_brand":[],"product_cat":[1173,2457],"product_tag":[],"class_list":{"0":"post-252997","1":"product","2":"type-product","3":"status-publish","4":"has-post-thumbnail","6":"product_cat-chests-of-drawers","7":"product_cat-liveo","9":"first","10":"instock","11":"purchasable","12":"product-type-simple"},"_links":{"self":[{"href":"https:\/\/baldumarket.lt\/lt\/wp-json\/wp\/v2\/product\/252997","targetHints":{"allow":["GET"]}}],"collection":[{"href":"https:\/\/baldumarket.lt\/lt\/wp-json\/wp\/v2\/product"}],"about":[{"href":"https:\/\/baldumarket.lt\/lt\/wp-json\/wp\/v2\/types\/product"}],"replies":[{"embeddable":true,"href":"https:\/\/baldumarket.lt\/lt\/wp-json\/wp\/v2\/comments?post=252997"}],"wp:featuredmedia":[{"embeddable":true,"href":"https:\/\/baldumarket.lt\/lt\/wp-json\/wp\/v2\/media\/252998"}],"wp:attachment":[{"href":"https:\/\/baldumarket.lt\/lt\/wp-json\/wp\/v2\/media?parent=252997"}],"wp:term":[{"taxonomy":"product_brand","embeddable":true,"href":"https:\/\/baldumarket.lt\/lt\/wp-json\/wp\/v2\/product_brand?post=252997"},{"taxonomy":"product_cat","embeddable":true,"href":"https:\/\/baldumarket.lt\/lt\/wp-json\/wp\/v2\/product_cat?post=252997"},{"taxonomy":"product_tag","embeddable":true,"href":"https:\/\/baldumarket.lt\/lt\/wp-json\/wp\/v2\/product_tag?post=252997"}],"curies":[{"name":"wp","href":"https:\/\/api.w.org\/{rel}","templated":true}]}}