{"id":252989,"date":"2026-01-10T22:09:23","date_gmt":"2026-01-10T19:09:23","guid":{"rendered":"https:\/\/baldumarket.lt\/product\/brando-b01-rtv\/"},"modified":"2026-05-01T15:04:54","modified_gmt":"2026-05-01T12:04:54","slug":"brando-b01-rtv","status":"publish","type":"product","link":"https:\/\/baldumarket.lt\/lt\/product\/brando-b01-rtv\/","title":{"rendered":"BRANDO B01 RTV"},"content":{"rendered":"<p>BRANDO B01 televizoriaus staliukas \u2013 b\u016btinas bet kurio svetain\u0117s ar darbo kambario aksesuaras. Stabilus televizoriaus stalvir\u0161is ir dvi ni\u0161os elektronikai leis susikurti svajoni\u0173 kino kampel\u012f. Be to, du erdv\u016bs stal\u010diai puikiai tinka b\u016btiniausi\u0173 daikt\u0173 ir aksesuar\u0173 laikymui. Modern\u0173 televizoriaus staliuko i\u0161vaizd\u0105 pary\u0161kina frezuoti fasadai, kurie veikia kaip atidarymo rankenos. Universalus dizainas dera su kitomis spalvomis, atverdamas begales dizaino galimybi\u0173. Televizoriaus staliukas puikiai dera su lentyna B-8 ir kitais BRANDO serijos gaminiais arba naudojamas kaip atskiras televizoriaus staliukas.<\/p>\n<p>Plotis 150,9 cm Gylis 45 cm Auk\u0161tis 50 cm Produkto svoris su pakuote 47,40 kg Gamintojo kodas \/ simbolis B01 Kolekcijos pavadinimas Brando Pavadinimas b2b sistemoje BRANDO B-1 balta, betonin\u0117, baltai blizgi RTV komplektas Produkto pakuo\u010di\u0173 skai\u010dius 2 Stilius Moderni \u012eranga Surinkimo instrukcijos \/ surinkimo priedai Surinkimas Savaranki\u0161kam surinkimui Korpuso spalva Balta \/ Betonas Korpuso med\u017eiaga \/ tipas \/ storis 16 mm bald\u0173 plok\u0161t\u0117 \/ 18 mm MDF bald\u0173 plok\u0161t\u0117s juostel\u0117 Vir\u0161utinio korpuso med\u017eiaga \/ tipas \/ storis 16 mm bald\u0173 plok\u0161t\u0117 Apatinio korpuso med\u017eiaga \/ tipas \/ storis 16 mm bald\u0173 plok\u0161t\u0117 Galin\u0117s sienel\u0117s med\u017eiaga \/ tipas \/ storis 2,5 mm HDF bald\u0173 plok\u0161t\u0117 Galin\u0117s sienel\u0117s spalva \u2013 matoma dalis Balta Priekin\u0117s spalvos Balta blizgi Priekin\u0117s med\u017eiagos \/ tipas \/ storis 18 mm MDF bald\u0173 plok\u0161t\u0117 Priekin\u0117 rankena \/ tipas \/ spalva Frezuota \/ baltai blizgi Skyl\u0117 RTV laidams \u2300 50 mm Pilno i\u0161traukimo stal\u010di\u0173 b\u0117geliai Kojel\u0117 \/ tipas \/ spalva Nereguliuojama \/ plastikin\u0117 \/ juoda Papildoma kojel\u0117 \/ tipas \/ spalva Nereguliuojama vidurin\u0117 \/ plastikin\u0117 \/ juoda Stal\u010di\u0173 skai\u010dius 2 Atvir\u0173 ni\u0161\u0173 skai\u010dius 2<\/p>","protected":false},"excerpt":{"rendered":"<p>BRANDO B01 televizoriaus staliukas yra b\u016btinas bet kurio svetain\u0117s ar darbo kambario aksesuaras. Stabilus televizoriaus stalvir\u0161is ir dvi ni\u0161os elektronikai leis susikurti svajoni\u0173 kino kampel\u012f. Be to, du erdv\u016bs stal\u010diai puikiai tinka b\u016btiniausiems daiktams ir aksesuarams susid\u0117ti. Modern\u0173 televizoriaus staliuko vaizd\u0105 sustiprina frezuoti fasadai [\u2026]<\/p>","protected":false},"featured_media":252990,"comment_status":"open","ping_status":"open","template":"","meta":[],"product_brand":[],"product_cat":[10201,2457,1175],"product_tag":[],"class_list":{"0":"post-252989","1":"product","2":"type-product","3":"status-publish","4":"has-post-thumbnail","6":"product_cat-furniture-system-brando","7":"product_cat-liveo","8":"product_cat-tv-stands","10":"first","11":"instock","12":"purchasable","13":"product-type-simple"},"_links":{"self":[{"href":"https:\/\/baldumarket.lt\/lt\/wp-json\/wp\/v2\/product\/252989","targetHints":{"allow":["GET"]}}],"collection":[{"href":"https:\/\/baldumarket.lt\/lt\/wp-json\/wp\/v2\/product"}],"about":[{"href":"https:\/\/baldumarket.lt\/lt\/wp-json\/wp\/v2\/types\/product"}],"replies":[{"embeddable":true,"href":"https:\/\/baldumarket.lt\/lt\/wp-json\/wp\/v2\/comments?post=252989"}],"wp:featuredmedia":[{"embeddable":true,"href":"https:\/\/baldumarket.lt\/lt\/wp-json\/wp\/v2\/media\/252990"}],"wp:attachment":[{"href":"https:\/\/baldumarket.lt\/lt\/wp-json\/wp\/v2\/media?parent=252989"}],"wp:term":[{"taxonomy":"product_brand","embeddable":true,"href":"https:\/\/baldumarket.lt\/lt\/wp-json\/wp\/v2\/product_brand?post=252989"},{"taxonomy":"product_cat","embeddable":true,"href":"https:\/\/baldumarket.lt\/lt\/wp-json\/wp\/v2\/product_cat?post=252989"},{"taxonomy":"product_tag","embeddable":true,"href":"https:\/\/baldumarket.lt\/lt\/wp-json\/wp\/v2\/product_tag?post=252989"}],"curies":[{"name":"wp","href":"https:\/\/api.w.org\/{rel}","templated":true}]}}