{"id":252978,"date":"2026-01-10T22:09:17","date_gmt":"2026-01-10T19:09:17","guid":{"rendered":"https:\/\/baldumarket.lt\/product\/blat-dab-kamienny-38-cm-pod-zamowienie-1-mb\/"},"modified":"2026-02-11T18:31:34","modified_gmt":"2026-02-11T15:31:34","slug":"blat-dab-kamienny-38-cm-pod-zamowienie-1-mb","status":"publish","type":"product","link":"https:\/\/baldumarket.lt\/lt\/product\/blat-dab-kamienny-38-cm-pod-zamowienie-1-mb\/","title":{"rendered":"AKMENINIO \u0104\u017dUOLIO STALVIR\u0160IS 3,8 CM, GAMINAMA PAGAL U\u017dSAKYM\u0104 1 MB"},"content":{"rendered":"<p>Plotis 100 cm Gylis 60 cm Auk\u0161tis 3,8 cm Gaminio svoris su pakuote 14,85 kg Gaminio pakuo\u010di\u0173 skai\u010dius 1 \u012eranga Surinkimo instrukcijos \/ surinkimo priedai Surinkimas Savaranki\u0161kam surinkimui Spalva Akmens \u0105\u017euolo Stalvir\u0161is Med\u017eiaga \/ tipas \/ storis Bald\u0173 plok\u0161t\u0117 38 mm<\/p>","protected":false},"excerpt":{"rendered":"<p>Plotis 100 cm Gylis 60 cm Auk\u0161tis 3,8 cm Gaminio svoris su pakuote 14,85 kg Gaminio pakuo\u010di\u0173 skai\u010dius 1 \u012eranga Surinkimo instrukcijos \/ surinkimo priedai Surinkimas Savaranki\u0161kam surinkimui Spalva Akmens \u0105\u017euolo Stalvir\u0161is Med\u017eiaga \/ tipas \/ storis Bald\u0173 plok\u0161t\u0117 38 mm<\/p>","protected":false},"featured_media":252909,"comment_status":"open","ping_status":"open","template":"","meta":[],"product_brand":[],"product_cat":[1043,2457],"product_tag":[],"class_list":{"0":"post-252978","1":"product","2":"type-product","3":"status-publish","4":"has-post-thumbnail","6":"product_cat-extras","7":"product_cat-liveo","9":"first","10":"instock","11":"purchasable","12":"product-type-simple"},"_links":{"self":[{"href":"https:\/\/baldumarket.lt\/lt\/wp-json\/wp\/v2\/product\/252978","targetHints":{"allow":["GET"]}}],"collection":[{"href":"https:\/\/baldumarket.lt\/lt\/wp-json\/wp\/v2\/product"}],"about":[{"href":"https:\/\/baldumarket.lt\/lt\/wp-json\/wp\/v2\/types\/product"}],"replies":[{"embeddable":true,"href":"https:\/\/baldumarket.lt\/lt\/wp-json\/wp\/v2\/comments?post=252978"}],"wp:featuredmedia":[{"embeddable":true,"href":"https:\/\/baldumarket.lt\/lt\/wp-json\/wp\/v2\/media\/252909"}],"wp:attachment":[{"href":"https:\/\/baldumarket.lt\/lt\/wp-json\/wp\/v2\/media?parent=252978"}],"wp:term":[{"taxonomy":"product_brand","embeddable":true,"href":"https:\/\/baldumarket.lt\/lt\/wp-json\/wp\/v2\/product_brand?post=252978"},{"taxonomy":"product_cat","embeddable":true,"href":"https:\/\/baldumarket.lt\/lt\/wp-json\/wp\/v2\/product_cat?post=252978"},{"taxonomy":"product_tag","embeddable":true,"href":"https:\/\/baldumarket.lt\/lt\/wp-json\/wp\/v2\/product_tag?post=252978"}],"curies":[{"name":"wp","href":"https:\/\/api.w.org\/{rel}","templated":true}]}}