{"id":252962,"date":"2026-01-10T22:09:03","date_gmt":"2026-01-10T19:09:03","guid":{"rendered":"https:\/\/baldumarket.lt\/product\/blat-90-dab-kamienny-38-cm\/"},"modified":"2026-02-11T18:31:34","modified_gmt":"2026-02-11T15:31:34","slug":"blat-90-dab-kamienny-38-cm","status":"publish","type":"product","link":"https:\/\/baldumarket.lt\/lt\/product\/blat-90-dab-kamienny-38-cm\/","title":{"rendered":"STALVIR\u0160IS 90 AKMENINIS \u0104\u017dUOLAS 3,8 CM"},"content":{"rendered":"<p>M\u016bs\u0173 virtuv\u0117s stalvir\u0161iai derina modern\u0173 dizain\u0105 ir auk\u0161t\u0105 funkcionalum\u0105. Jie yra 28 mm ir 38 mm storio, tod\u0117l puikiai tinka tiek klasikiniam, tiek moderniam interjerui. Platus apdailos pasirinkimas \u2013 nuo eleganti\u0161ko \u0161viesaus travertino iki nat\u016brali\u0173 medienos atspalvi\u0173, toki\u0173 kaip auksinis \u0105\u017euolas ir akmens \u0105\u017euolas, iki minimalistinio ir modernaus juodojo betono \u2013 leid\u017eia priderinti stalvir\u0161\u012f prie bet kokio interjero. Stalvir\u0161iai yra universal\u016bs, tod\u0117l puikiai tinka \u012fvairiems interjerams ir papildo \u201eModena\u201c, \u201eTiffany\u201c ir \u201ePati\u201c virtuv\u0117s bald\u0173 kolekcijas. D\u0117l plataus ilgi\u0173 pasirinkimo (30 cm, 40 cm, 50 cm, 60 cm, 80 cm ir 90 cm) lengvai rasite tobul\u0105 stalvir\u0161\u012f savo virtuvei. Stalvir\u0161iai yra atspar\u016bs kasdieniam naudojimui, lengvai valomi ir suteikia tvirt\u0105 pagrind\u0105 maisto gaminimui ir laikui kartu virtuv\u0117je.<\/p>\n<p>Plotis 90 cm Gylis 60 cm Auk\u0161tis 3,8 cm Gaminio svoris su pakuote 13,55 kg Gaminio pakuo\u010di\u0173 skai\u010dius 1 \u012eranga Surinkimo instrukcijos \/ surinkimo priedai Surinkimas Savaranki\u0161kam surinkimui Spalva \u0104\u017euolo akmuo Stalvir\u0161is Med\u017eiaga \/ tipas \/ storis Bald\u0173 plok\u0161t\u0117 38 mm<\/p>","protected":false},"excerpt":{"rendered":"<p>M\u016bs\u0173 virtuv\u0117s stalvir\u0161iai derina modern\u0173 dizain\u0105 su dideliu funkcionalumu. Jie yra 28 mm ir 38 mm storio, tod\u0117l puikiai tinka tiek klasikiniam, tiek moderniam interjerui. Platus apdailos pasirinkimas \u2013 nuo eleganti\u0161ko \u0161viesaus travertino iki nat\u016brali\u0173 medienos atspalvi\u0173, toki\u0173 kaip auksinis \u0105\u017euolas ir akmens \u0105\u017euolas, iki minimalistinio ir modernaus juodojo betono \u2013 leid\u017eia [\u2026]<\/p>","protected":false},"featured_media":252956,"comment_status":"open","ping_status":"open","template":"","meta":[],"product_brand":[],"product_cat":[1043,2457],"product_tag":[],"class_list":{"0":"post-252962","1":"product","2":"type-product","3":"status-publish","4":"has-post-thumbnail","6":"product_cat-extras","7":"product_cat-liveo","9":"first","10":"instock","11":"purchasable","12":"product-type-simple"},"_links":{"self":[{"href":"https:\/\/baldumarket.lt\/lt\/wp-json\/wp\/v2\/product\/252962","targetHints":{"allow":["GET"]}}],"collection":[{"href":"https:\/\/baldumarket.lt\/lt\/wp-json\/wp\/v2\/product"}],"about":[{"href":"https:\/\/baldumarket.lt\/lt\/wp-json\/wp\/v2\/types\/product"}],"replies":[{"embeddable":true,"href":"https:\/\/baldumarket.lt\/lt\/wp-json\/wp\/v2\/comments?post=252962"}],"wp:featuredmedia":[{"embeddable":true,"href":"https:\/\/baldumarket.lt\/lt\/wp-json\/wp\/v2\/media\/252956"}],"wp:attachment":[{"href":"https:\/\/baldumarket.lt\/lt\/wp-json\/wp\/v2\/media?parent=252962"}],"wp:term":[{"taxonomy":"product_brand","embeddable":true,"href":"https:\/\/baldumarket.lt\/lt\/wp-json\/wp\/v2\/product_brand?post=252962"},{"taxonomy":"product_cat","embeddable":true,"href":"https:\/\/baldumarket.lt\/lt\/wp-json\/wp\/v2\/product_cat?post=252962"},{"taxonomy":"product_tag","embeddable":true,"href":"https:\/\/baldumarket.lt\/lt\/wp-json\/wp\/v2\/product_tag?post=252962"}],"curies":[{"name":"wp","href":"https:\/\/api.w.org\/{rel}","templated":true}]}}