{"id":252829,"date":"2026-01-10T22:07:36","date_gmt":"2026-01-10T19:07:36","guid":{"rendered":"https:\/\/baldumarket.lt\/product\/besto-bt31-stol-rozkladany\/"},"modified":"2026-02-11T18:31:35","modified_gmt":"2026-02-11T15:31:35","slug":"besto-bt31-stol-rozkladany","status":"publish","type":"product","link":"https:\/\/baldumarket.lt\/lt\/product\/besto-bt31-stol-rozkladany\/","title":{"rendered":"BESTO BT31 I\u0160PL\u0116STAMAS STALAS"},"content":{"rendered":"<p>BESTO BT31 stalas \u2013 puikus pasirinkimas svetain\u0117ms, valgomiesiems ir virtuv\u0117ms, puikiai tinkantis tiems, kurie vertina klasikin\u012f interjero dizain\u0105. Jis pasi\u017eymi i\u0161traukiama funkcija, tod\u0117l puikiai tinka didesn\u0117ms grup\u0117ms, nes jo naudingas plotas padid\u0117ja nuo 160 cm iki 200 cm. Stalas puikiai tinka derinti su kitais BESTO serijos baldais arba naudoti kaip atskiras baldas, prisitaikantis prie j\u016bs\u0173 kambario interjero.<\/p>\n<p>I\u0161traukiama TAIP \u012ed\u0117kl\u0173 skai\u010dius 1 Plotis 90 cm Ilgis 160 cm Ilgis po i\u0161skleidimo 200 cm Auk\u0161tis 76,5 cm Produkto svoris su pakuote 46,40 kg Gamintojo kodas \/ simbolis BT31 Kolekcijos pavadinimas BESTO Pavadinimas b2b sistemoje BESTO BT31 \u0104\u017dUOLINIS E TABLE KPL Produkto pakuo\u010di\u0173 skai\u010dius 3 Stilius Modernus \u012eranga Surinkimo instrukcijos \/ surinkimo priedai Surinkimas Savaranki\u0161kam surinkimui Spalvos \u0104\u017euolo imitacija Stalvir\u0161io med\u017eiaga \/ tipas \/ storis 22 mm baldin\u0117 lenta R\u0117mo med\u017eiaga \/ tipas \/ storis 16 mm baldin\u0117 lenta Kojeli\u0173 med\u017eiaga \/ tipas \/ storis 22 mm baldin\u0117 lenta Kojel\u0117 \/ med\u017eiaga \/ spalva Nereguliuojama \/ Bald\u0173 b\u0117geliai \/ plastikas \/ Juoda<\/p>","protected":false},"excerpt":{"rendered":"<p>The BESTO BT31 table is a perfect choice for living rooms, dining rooms, and kitchens, perfect for those who appreciate classic interior design. It features an extendable function, perfect for larger groups, expanding its usable space from 160 cm to 200 cm. The table is perfect for combining with other pieces from the BESTO series [&hellip;]<\/p>","protected":false},"featured_media":252792,"comment_status":"open","ping_status":"open","template":"","meta":[],"product_brand":[],"product_cat":[9302,2457,1934],"product_tag":[],"class_list":{"0":"post-252829","1":"product","2":"type-product","3":"status-publish","4":"has-post-thumbnail","6":"product_cat-system-mebli-besto-liveo","7":"product_cat-liveo","8":"product_cat-tables","10":"first","11":"instock","12":"purchasable","13":"product-type-simple"},"_links":{"self":[{"href":"https:\/\/baldumarket.lt\/lt\/wp-json\/wp\/v2\/product\/252829","targetHints":{"allow":["GET"]}}],"collection":[{"href":"https:\/\/baldumarket.lt\/lt\/wp-json\/wp\/v2\/product"}],"about":[{"href":"https:\/\/baldumarket.lt\/lt\/wp-json\/wp\/v2\/types\/product"}],"replies":[{"embeddable":true,"href":"https:\/\/baldumarket.lt\/lt\/wp-json\/wp\/v2\/comments?post=252829"}],"wp:featuredmedia":[{"embeddable":true,"href":"https:\/\/baldumarket.lt\/lt\/wp-json\/wp\/v2\/media\/252792"}],"wp:attachment":[{"href":"https:\/\/baldumarket.lt\/lt\/wp-json\/wp\/v2\/media?parent=252829"}],"wp:term":[{"taxonomy":"product_brand","embeddable":true,"href":"https:\/\/baldumarket.lt\/lt\/wp-json\/wp\/v2\/product_brand?post=252829"},{"taxonomy":"product_cat","embeddable":true,"href":"https:\/\/baldumarket.lt\/lt\/wp-json\/wp\/v2\/product_cat?post=252829"},{"taxonomy":"product_tag","embeddable":true,"href":"https:\/\/baldumarket.lt\/lt\/wp-json\/wp\/v2\/product_tag?post=252829"}],"curies":[{"name":"wp","href":"https:\/\/api.w.org\/{rel}","templated":true}]}}