{"id":252828,"date":"2026-01-10T22:07:33","date_gmt":"2026-01-10T19:07:33","guid":{"rendered":"https:\/\/baldumarket.lt\/product\/besto-bt30-lawa\/"},"modified":"2026-02-11T18:31:35","modified_gmt":"2026-02-11T15:31:35","slug":"besto-bt30-lawa","status":"publish","type":"product","link":"https:\/\/baldumarket.lt\/lt\/product\/besto-bt30-lawa\/","title":{"rendered":"BESTO BT30 SUOLAS"},"content":{"rendered":"<p>BESTO BT30 kavos staliukas puikiai papildys sof\u0105, sukurdamas unikali\u0105 erdv\u0119 poilsio zonoje. Jis puikiai tinka popiet\u0117s kavai ar filmo \u017ei\u016br\u0117jimui. Prakti\u0161ka lentyna po stalvir\u0161iu gali b\u016bti naudojama laikra\u0161\u010diams, knygoms ar televizoriaus nuotolinio valdymo pulteliui laikyti. Kavos staliukas puikiai dera su kitais BESTO serijos baldais arba veikia kaip atskiras baldas, prisitaikantis prie j\u016bs\u0173 kambario dizaino.<\/p>\n<p>I\u0161traukiamas NE Plotis 67 cm Ilgis 102 cm Auk\u0161tis 49 cm Produkto svoris su pakuote 24,85 kg Gamintojo kodas \/ simbolis BT30 Kolekcijos pavadinimas BESTO Pavadinimas b2b sistemoje BESTO BT30 \u0104\u017dUOLINIS KAVOS STALIUKO KOMPLEKTAS Produkto pakuo\u010di\u0173 skai\u010dius 2 Stilius Modernus \u012eranga Surinkimo instrukcijos \/ surinkimo priedai Surinkimas Savaranki\u0161kam surinkimui Spalvos \u0104\u017euolo imitacija Stalvir\u0161io med\u017eiaga \/ tipas \/ storis 22 mm baldin\u0117 lenta R\u0117mo med\u017eiaga \/ tipas \/ storis 16 mm baldin\u0117 lenta Lentynos spalva \u0104\u017euolo imitacija Lentynos med\u017eiaga \/ tipas \/ storis 16 mm baldin\u0117 lenta Kar\u016bnuotos lentynos kiekis 1 Kojeli\u0173 med\u017eiaga \/ tipas \/ storis 22 mm baldin\u0117 lenta Kojel\u0117 \/ med\u017eiaga \/ spalva Nereguliuojama \/ Bald\u0173 slydiklis \/ plastikas \/ Juoda<\/p>","protected":false},"excerpt":{"rendered":"<p>BESTO BT30 kavos staliukas puikiai papildys sof\u0105, sukurdamas unikali\u0105 erdv\u0119 poilsio zonoje. Jis puikiai tinka popiet\u0117s kavai ar filmo \u017ei\u016br\u0117jimui. Prakti\u0161ka lentyna po stalvir\u0161iu gali b\u016bti naudojama laikra\u0161\u010diams, knygoms ar televizoriaus nuotolinio valdymo pulteliui laikyti. Kavos staliukas puikiai dera su [\u2026]<\/p>","protected":false},"featured_media":252791,"comment_status":"open","ping_status":"open","template":"","meta":[],"product_brand":[],"product_cat":[9302,866,2457],"product_tag":[],"class_list":{"0":"post-252828","1":"product","2":"type-product","3":"status-publish","4":"has-post-thumbnail","6":"product_cat-system-mebli-besto-liveo","7":"product_cat-coffee-tables","8":"product_cat-liveo","10":"first","11":"instock","12":"purchasable","13":"product-type-simple"},"_links":{"self":[{"href":"https:\/\/baldumarket.lt\/lt\/wp-json\/wp\/v2\/product\/252828","targetHints":{"allow":["GET"]}}],"collection":[{"href":"https:\/\/baldumarket.lt\/lt\/wp-json\/wp\/v2\/product"}],"about":[{"href":"https:\/\/baldumarket.lt\/lt\/wp-json\/wp\/v2\/types\/product"}],"replies":[{"embeddable":true,"href":"https:\/\/baldumarket.lt\/lt\/wp-json\/wp\/v2\/comments?post=252828"}],"wp:featuredmedia":[{"embeddable":true,"href":"https:\/\/baldumarket.lt\/lt\/wp-json\/wp\/v2\/media\/252791"}],"wp:attachment":[{"href":"https:\/\/baldumarket.lt\/lt\/wp-json\/wp\/v2\/media?parent=252828"}],"wp:term":[{"taxonomy":"product_brand","embeddable":true,"href":"https:\/\/baldumarket.lt\/lt\/wp-json\/wp\/v2\/product_brand?post=252828"},{"taxonomy":"product_cat","embeddable":true,"href":"https:\/\/baldumarket.lt\/lt\/wp-json\/wp\/v2\/product_cat?post=252828"},{"taxonomy":"product_tag","embeddable":true,"href":"https:\/\/baldumarket.lt\/lt\/wp-json\/wp\/v2\/product_tag?post=252828"}],"curies":[{"name":"wp","href":"https:\/\/api.w.org\/{rel}","templated":true}]}}