{"id":252827,"date":"2026-01-10T22:07:31","date_gmt":"2026-01-10T19:07:31","guid":{"rendered":"https:\/\/baldumarket.lt\/product\/besto-bt13-szafka-nocna\/"},"modified":"2026-02-11T18:31:35","modified_gmt":"2026-02-11T15:31:35","slug":"besto-bt13-szafka-nocna","status":"publish","type":"product","link":"https:\/\/baldumarket.lt\/lt\/product\/besto-bt13-szafka-nocna\/","title":{"rendered":"BESTO BT13 naktin\u0117 spintel\u0117"},"content":{"rendered":"<p>BESTO BT13 naktinis staliukas puikiai tinka miegamajam. Pasta\u010dius j\u012f \u0161alia lovos, atsiras vietos vandens buteliukui, naktinei lempai ar knygai. \u0160is ma\u017eas, bet prakti\u0161kas baldas turi atvir\u0105 lentyn\u0105 ir patog\u0173 stal\u010di\u0173. \u0160viesi mediena, balti fasadai ir paprastos grafito ranken\u0117l\u0117s puikiai dera prie \u0161viesaus interjero, praturtinto mediniais dekoratyviniais elementais. \u0160is naktinis staliukas puikiai dera su kitais BESTO serijos baldais arba yra atskiras baldas, prisitaikantis prie j\u016bs\u0173 kambario interjero.<\/p>\n<p>Plotis 57,5 cm Gylis 40 cm Auk\u0161tis 52 cm Produkto svoris su pakuote 16,25 kg Gamintojo kodas \/ simbolis BT13 Kolekcijos pavadinimas BESTO Pavadinimas b2b sistemoje BESTO BT13 \u0104\u017dUOLO E\/BALTA BLIZGIO NAKTIN\u0116L\u0116S KOMPLEKTAS Produkto pakuo\u010di\u0173 skai\u010dius 2 Stilius Moderni \u012franga Surinkimo instrukcijos \/ surinkimo priedai Surinkimas Savaranki\u0161kam surinkimui Korpuso spalva Evoke Oak Korpuso apdailos med\u017eiaga \/ tipas \/ storis 16 mm baldin\u0117 plok\u0161t\u0117 \/ Juostel\u0117 18 mm MDF baldin\u0117 plok\u0161t\u0117 Vir\u0161utin\u0117 korpuso apdaila \/ med\u017eiaga \/ tipas \/ storis 16 mm baldin\u0117 plok\u0161t\u0117 Apatin\u0117 korpuso apdaila \/ med\u017eiaga \/ tipas \/ storis 16 mm baldin\u0117 plok\u0161t\u0117 Galin\u0117s sienel\u0117s apdailos med\u017eiaga \/ tipas \/ storis 2,5 mm HDF baldin\u0117 plok\u0161t\u0117 Matoma galin\u0117s sienel\u0117s dalis spalva Evoke Oak Priekin\u0117 spalva Alpine White Priekin\u0117s apdailos med\u017eiaga \/ tipas \/ storis 16 mm baldin\u0117 plok\u0161t\u0117 Priekin\u0117 rankena \/ apdaila \/ Spalva: Plastikas \/ juoda Stal\u010di\u0173 b\u0117geliai: Pilno i\u0161traukimo Kojel\u0117 \/ apdaila \/ spalva: Nereguliuojama \/ plastikas \/ juoda Stal\u010di\u0173 skai\u010dius: 1 Atvir\u0173 ni\u0161\u0173 skai\u010dius: 1<\/p>","protected":false},"excerpt":{"rendered":"<p>BESTO BT13 naktinis staliukas puikiai tinka miegamajam. Pasta\u010dius j\u012f \u0161alia lovos, atsiras vietos vandens buteliukui, naktinei lemputei ar knygai. \u0160is ma\u017eas, bet prakti\u0161kas baldas turi atvir\u0105 lentyn\u0105 ir patog\u0173 stal\u010di\u0173. \u0160viesi mediena, balti fasadai ir paprastos grafito ranken\u0117l\u0117s puikiai dera prie \u0161viesaus interjero [\u2026]<\/p>","protected":false},"featured_media":252794,"comment_status":"open","ping_status":"open","template":"","meta":[],"product_brand":[],"product_cat":[9302,1176,2457],"product_tag":[],"class_list":{"0":"post-252827","1":"product","2":"type-product","3":"status-publish","4":"has-post-thumbnail","6":"product_cat-system-mebli-besto-liveo","7":"product_cat-bedside-tables","8":"product_cat-liveo","10":"first","11":"instock","12":"purchasable","13":"product-type-simple"},"_links":{"self":[{"href":"https:\/\/baldumarket.lt\/lt\/wp-json\/wp\/v2\/product\/252827","targetHints":{"allow":["GET"]}}],"collection":[{"href":"https:\/\/baldumarket.lt\/lt\/wp-json\/wp\/v2\/product"}],"about":[{"href":"https:\/\/baldumarket.lt\/lt\/wp-json\/wp\/v2\/types\/product"}],"replies":[{"embeddable":true,"href":"https:\/\/baldumarket.lt\/lt\/wp-json\/wp\/v2\/comments?post=252827"}],"wp:featuredmedia":[{"embeddable":true,"href":"https:\/\/baldumarket.lt\/lt\/wp-json\/wp\/v2\/media\/252794"}],"wp:attachment":[{"href":"https:\/\/baldumarket.lt\/lt\/wp-json\/wp\/v2\/media?parent=252827"}],"wp:term":[{"taxonomy":"product_brand","embeddable":true,"href":"https:\/\/baldumarket.lt\/lt\/wp-json\/wp\/v2\/product_brand?post=252827"},{"taxonomy":"product_cat","embeddable":true,"href":"https:\/\/baldumarket.lt\/lt\/wp-json\/wp\/v2\/product_cat?post=252827"},{"taxonomy":"product_tag","embeddable":true,"href":"https:\/\/baldumarket.lt\/lt\/wp-json\/wp\/v2\/product_tag?post=252827"}],"curies":[{"name":"wp","href":"https:\/\/api.w.org\/{rel}","templated":true}]}}