{"id":252823,"date":"2026-01-10T22:07:26","date_gmt":"2026-01-10T19:07:26","guid":{"rendered":"https:\/\/baldumarket.lt\/product\/besto-bt12-160-s-p-loze-z-pojemnikiem-na-posciel\/"},"modified":"2026-02-11T18:31:35","modified_gmt":"2026-02-11T15:31:35","slug":"besto-bt12-160-s-p-loze-z-pojemnikiem-na-posciel","status":"publish","type":"product","link":"https:\/\/baldumarket.lt\/lt\/product\/besto-bt12-160-s-p-loze-z-pojemnikiem-na-posciel\/","title":{"rendered":"BESTO BT12\/160 SP Lova su patalyn\u0117s d\u0117\u017ee"},"content":{"rendered":"<p>Lova \u201eBESTO BT12\u201c \u2013 b\u016btinas bet kurio miegamojo baldas. Ji pasi\u017eymi moderniu ir stilingu dizainu. Jos metalinis r\u0117mas turi hidraulinio k\u0117limo funkcij\u0105, u\u017etikrinan\u010di\u0105 tinkam\u0105 \u010diu\u017einio atram\u0105 per vis\u0105 plot\u012f. Lova taip pat turi didel\u012f patalyn\u0117s skyri\u0173; \u010diu\u017ein\u012f reikia \u012fsigyti atskirai. \u0160viesi mediena kartu su baltu galv\u016bgaliu puikiai dera prie \u0161viesaus interjero, praturtinto mediniais dekoratyviniais elementais. Lova, kuri\u0105 galima \u012fsigyti trij\u0173 dyd\u017ei\u0173: 140 cm, 160 cm ir 180 cm, idealiai tinka derinti su kitais \u201eBESTO\u201c serijos baldais arba kaip atskiras baldas, leid\u017eiantis jums pritaikyti savo kambario dizain\u0105.<\/p>\n<p>Plotis 178 cm Ilgis 204,5 cm Auk\u0161tis 101,5 cm Miegamoji erdv\u0117 160 cm x 200 cm Produkto svoris su pakuote 122,35 kg Gamintojo kodas \/ simbolis BT12\/160S.P. Kolekcijos pavadinimas BESTO Pavadinimas b2b sistemoje BESTO BT12\/160 \u0104\u017dUOLO E \/BALTA LOVA 160 su talpa KPL Produkto pakuo\u010di\u0173 skai\u010dius 6 Stilius Modernus \u012eranga Surinkimo instrukcijos \/ surinkimo priedai Surinkimas Savaranki\u0161kam surinkimui Spalva Evoke Oak \/ Alpine White Vir\u0161utin\u0117s dalies med\u017eiaga \/ tipas \/ storis 16 mm baldin\u0117 plok\u0161t\u0117 \/ 18 mm MDF baldin\u0117 plok\u0161t\u0117 Kair\u0117s ir de\u0161in\u0117s pusi\u0173 med\u017eiaga \/ tipas \/ storis 22 mm baldin\u0117 plok\u0161t\u0117 Dugno med\u017eiaga \/ tipas \/ storis 22 mm baldin\u0117 plok\u0161t\u0117 Pagrindo med\u017eiaga \/ tipas \/ storis 16 mm baldin\u0117 plok\u0161t\u0117 Kojel\u0117 \/ med\u017eiaga \/ spalva Nereguliuojama \/ Bald\u0173 slydiklis \/ plastikas \/ juoda R\u0117mas Standartinis R\u0117mo med\u017eiaga Metalinis r\u0117mas \/ medin\u0117s grotel\u0117s R\u0117mo groteli\u0173 skai\u010dius 48 Patalyn\u0117 Standartinis Konteinerio tipas vidin\u0117 lovoje U\u017edar\u0173 ni\u0161\u0173 skai\u010dius 2<\/p>","protected":false},"excerpt":{"rendered":"<p>BESTO BT12 lova yra b\u016btinas bet kurio miegamojo baldas. Ji pasi\u017eymi moderniu ir stilingu dizainu. Jos metalinis r\u0117mas turi hidraulinio k\u0117limo funkcij\u0105, u\u017etikrinan\u010di\u0105 tinkam\u0105 \u010diu\u017einio atram\u0105 per vis\u0105 plot\u012f. Lova taip pat turi didel\u012f skyri\u0173 patalynei; \u010diu\u017ein\u012f reikia \u012fsigyti atskirai. \u0160viesios medienos [\u2026]<\/p>","protected":false},"featured_media":252804,"comment_status":"open","ping_status":"open","template":"","meta":[],"product_brand":[],"product_cat":[9302,505,2457],"product_tag":[],"class_list":{"0":"post-252823","1":"product","2":"type-product","3":"status-publish","4":"has-post-thumbnail","6":"product_cat-system-mebli-besto-liveo","7":"product_cat-bedroom-beds","8":"product_cat-liveo","10":"first","11":"instock","12":"purchasable","13":"product-type-simple"},"_links":{"self":[{"href":"https:\/\/baldumarket.lt\/lt\/wp-json\/wp\/v2\/product\/252823","targetHints":{"allow":["GET"]}}],"collection":[{"href":"https:\/\/baldumarket.lt\/lt\/wp-json\/wp\/v2\/product"}],"about":[{"href":"https:\/\/baldumarket.lt\/lt\/wp-json\/wp\/v2\/types\/product"}],"replies":[{"embeddable":true,"href":"https:\/\/baldumarket.lt\/lt\/wp-json\/wp\/v2\/comments?post=252823"}],"wp:featuredmedia":[{"embeddable":true,"href":"https:\/\/baldumarket.lt\/lt\/wp-json\/wp\/v2\/media\/252804"}],"wp:attachment":[{"href":"https:\/\/baldumarket.lt\/lt\/wp-json\/wp\/v2\/media?parent=252823"}],"wp:term":[{"taxonomy":"product_brand","embeddable":true,"href":"https:\/\/baldumarket.lt\/lt\/wp-json\/wp\/v2\/product_brand?post=252823"},{"taxonomy":"product_cat","embeddable":true,"href":"https:\/\/baldumarket.lt\/lt\/wp-json\/wp\/v2\/product_cat?post=252823"},{"taxonomy":"product_tag","embeddable":true,"href":"https:\/\/baldumarket.lt\/lt\/wp-json\/wp\/v2\/product_tag?post=252823"}],"curies":[{"name":"wp","href":"https:\/\/api.w.org\/{rel}","templated":true}]}}