{"id":252819,"date":"2026-01-10T22:07:20","date_gmt":"2026-01-10T19:07:20","guid":{"rendered":"https:\/\/baldumarket.lt\/product\/besto-bt11-polka-wiszaca\/"},"modified":"2026-02-11T18:31:36","modified_gmt":"2026-02-11T15:31:36","slug":"besto-bt11-polka-wiszaca","status":"publish","type":"product","link":"https:\/\/baldumarket.lt\/lt\/product\/besto-bt11-polka-wiszaca\/","title":{"rendered":"BESTO BT11 PAKABINAME LENTYNA"},"content":{"rendered":"<p>BESTO BT11 lentyna puikiai papildys j\u016bs\u0173 svetain\u0119 ar valgom\u0105j\u012f. Sukurta taip, kad b\u016bt\u0173 atskira vieta knygoms, aksesuarams ir dekoratyviniams r\u0117meliams, lentyna puikiai dera su kitais BESTO serijos baldais arba kaip atskiras baldas, prisitaikydama prie j\u016bs\u0173 kambario interjero.<\/p>\n<p>Plotis 153 cm Gylis 23,5 cm Auk\u0161tis 22 cm Produkto svoris su pakuote 9,65 kg Gamintojo kodas \/ simbolis BT11 Kolekcijos pavadinimas BESTO Pavadinimas b2b sistemoje BESTO BT11 \u0104\u017dUOLIN\u0116 LENTYN\u0172 KOMPLEKTAS Produkto pakuo\u010di\u0173 skai\u010dius 1 Stilius Modernus \u012eranga Surinkimo instrukcijos \/ surinkimo priedai Surinkimas Savaranki\u0161kam surinkimui Spalvos Evoke Oak Korpuso med\u017eiaga \/ tipas \/ storis 16 mm MDF bald\u0173 plok\u0161t\u0117 Korpuso vir\u0161utin\u0117s dalies med\u017eiaga \/ tipas \/ storis 22 mm bald\u0173 plok\u0161t\u0117 Korpuso \u012franga Reguliuojami bald\u0173 pakabos<\/p>","protected":false},"excerpt":{"rendered":"<p>BESTO BT11 lentyna puikiai papildys j\u016bs\u0173 svetain\u0119 ar valgom\u0105j\u012f. Sukurta taip, kad b\u016bt\u0173 atskira vieta knygoms, aksesuarams ir dekoratyviniams r\u0117meliams, lentyna puikiai dera su kitais BESTO serijos gaminiais arba kaip atskiras baldas, prisitaikydama prie j\u016bs\u0173 kambario interjero. Plotis 153 cm Gylis 23,5 [\u2026]<\/p>","protected":false},"featured_media":252793,"comment_status":"open","ping_status":"open","template":"","meta":[],"product_brand":[],"product_cat":[9302,1174,2457],"product_tag":[],"class_list":{"0":"post-252819","1":"product","2":"type-product","3":"status-publish","4":"has-post-thumbnail","6":"product_cat-system-mebli-besto-liveo","7":"product_cat-hanging-shelves","8":"product_cat-liveo","10":"first","11":"instock","12":"purchasable","13":"product-type-simple"},"_links":{"self":[{"href":"https:\/\/baldumarket.lt\/lt\/wp-json\/wp\/v2\/product\/252819","targetHints":{"allow":["GET"]}}],"collection":[{"href":"https:\/\/baldumarket.lt\/lt\/wp-json\/wp\/v2\/product"}],"about":[{"href":"https:\/\/baldumarket.lt\/lt\/wp-json\/wp\/v2\/types\/product"}],"replies":[{"embeddable":true,"href":"https:\/\/baldumarket.lt\/lt\/wp-json\/wp\/v2\/comments?post=252819"}],"wp:featuredmedia":[{"embeddable":true,"href":"https:\/\/baldumarket.lt\/lt\/wp-json\/wp\/v2\/media\/252793"}],"wp:attachment":[{"href":"https:\/\/baldumarket.lt\/lt\/wp-json\/wp\/v2\/media?parent=252819"}],"wp:term":[{"taxonomy":"product_brand","embeddable":true,"href":"https:\/\/baldumarket.lt\/lt\/wp-json\/wp\/v2\/product_brand?post=252819"},{"taxonomy":"product_cat","embeddable":true,"href":"https:\/\/baldumarket.lt\/lt\/wp-json\/wp\/v2\/product_cat?post=252819"},{"taxonomy":"product_tag","embeddable":true,"href":"https:\/\/baldumarket.lt\/lt\/wp-json\/wp\/v2\/product_tag?post=252819"}],"curies":[{"name":"wp","href":"https:\/\/api.w.org\/{rel}","templated":true}]}}