{"id":252818,"date":"2026-01-10T22:07:18","date_gmt":"2026-01-10T19:07:18","guid":{"rendered":"https:\/\/baldumarket.lt\/product\/besto-bt10-polki-wewnetrzne-do-szafy-bt09-3-szt\/"},"modified":"2026-02-11T18:31:36","modified_gmt":"2026-02-11T15:31:36","slug":"besto-bt10-polki-wewnetrzne-do-szafy-bt09-3-szt","status":"publish","type":"product","link":"https:\/\/baldumarket.lt\/lt\/product\/besto-bt10-polki-wewnetrzne-do-szafy-bt09-3-szt\/","title":{"rendered":"BESTO BT10 VIDIN\u0116S LENTYNOS BT09 SPINTAI, 3 vnt"},"content":{"rendered":"<p>Trij\u0173 dali\u0173 BESTO BT10 lentynos yra papildomas BESTO BT09 spintos \u012frangos elementas, kurio \u012frengimas vertas d\u0117mesio, siekiant i\u0161pl\u0117sti jos funkcionalum\u0105.<\/p>\n<p>Plotis 96 cm Gylis 50 cm Auk\u0161tis 1,6 cm Produkto svoris su pakuote 15,85 kg Gamintojo kodas \/ simbolis BT10 Kolekcijos pavadinimas BESTO Pavadinimas b2b sistemoje BESTO BT10 \u0104\u017dUOLO E LENTYNOS 4D KOMPLEKTAS Produkto pakuo\u010di\u0173 skai\u010dius 1 \u012eranga Surinkimo instrukcijos \/ surinkimo priedai Surinkimas Savaranki\u0161kam surinkimui Lentynos spalva Evoke Oak Lentynos apdailos med\u017eiaga \/ tipas \/ storis 16 mm baldin\u0117 plok\u0161t\u0117 Lentyn\u0173 kiekis 3<\/p>","protected":false},"excerpt":{"rendered":"<p>BESTO BT10 shelves in a set of three pieces are a complementary element of the BESTO BT09 wardrobe equipment, the installation of which is worth considering in order to expand its functionality. Width 96 cm Depth 50 cm Height 1.6 cm Product weight with packaging 15.85 kg Manufacturer&#8217;s code \/ symbol BT10 Collection name BESTO [&hellip;]<\/p>","protected":false},"featured_media":252807,"comment_status":"open","ping_status":"open","template":"","meta":[],"product_brand":[],"product_cat":[9251,9302,2457],"product_tag":[],"class_list":{"0":"post-252818","1":"product","2":"type-product","3":"status-publish","4":"has-post-thumbnail","6":"product_cat-musor","7":"product_cat-system-mebli-besto-liveo","8":"product_cat-liveo","10":"first","11":"instock","12":"purchasable","13":"product-type-simple"},"_links":{"self":[{"href":"https:\/\/baldumarket.lt\/lt\/wp-json\/wp\/v2\/product\/252818","targetHints":{"allow":["GET"]}}],"collection":[{"href":"https:\/\/baldumarket.lt\/lt\/wp-json\/wp\/v2\/product"}],"about":[{"href":"https:\/\/baldumarket.lt\/lt\/wp-json\/wp\/v2\/types\/product"}],"replies":[{"embeddable":true,"href":"https:\/\/baldumarket.lt\/lt\/wp-json\/wp\/v2\/comments?post=252818"}],"wp:featuredmedia":[{"embeddable":true,"href":"https:\/\/baldumarket.lt\/lt\/wp-json\/wp\/v2\/media\/252807"}],"wp:attachment":[{"href":"https:\/\/baldumarket.lt\/lt\/wp-json\/wp\/v2\/media?parent=252818"}],"wp:term":[{"taxonomy":"product_brand","embeddable":true,"href":"https:\/\/baldumarket.lt\/lt\/wp-json\/wp\/v2\/product_brand?post=252818"},{"taxonomy":"product_cat","embeddable":true,"href":"https:\/\/baldumarket.lt\/lt\/wp-json\/wp\/v2\/product_cat?post=252818"},{"taxonomy":"product_tag","embeddable":true,"href":"https:\/\/baldumarket.lt\/lt\/wp-json\/wp\/v2\/product_tag?post=252818"}],"curies":[{"name":"wp","href":"https:\/\/api.w.org\/{rel}","templated":true}]}}