{"id":252815,"date":"2026-01-10T22:07:14","date_gmt":"2026-01-10T19:07:14","guid":{"rendered":"https:\/\/baldumarket.lt\/product\/besto-bt09-szafa-z-lustrem\/"},"modified":"2026-02-11T18:31:36","modified_gmt":"2026-02-11T15:31:36","slug":"besto-bt09-szafa-z-lustrem","status":"publish","type":"product","link":"https:\/\/baldumarket.lt\/lt\/product\/besto-bt09-szafa-z-lustrem\/","title":{"rendered":"BESTO BT09 Drabu\u017ein\u0117 su veidrod\u017eiu"},"content":{"rendered":"<p>Spinta BESTO BT09 \u2013 puikus prie\u0161kambario ar miegamojo papildymas \u2013 trij\u0173 b\u0117geli\u0173 ir erdvios ni\u0161os derinys suteikia puiki\u0105 viet\u0105 striuk\u0117ms, sezoniniams aksesuarams ir batams. Spinta gali b\u016bti apr\u016bpinta papildomomis BESTO BT10 lentynomis, kad dar lengviau sutvarkyti garderob\u0105. Veidrod\u017eiai priekyje vizualiai padidins kambar\u012f ir leis patogiai ap\u017ei\u016br\u0117ti aplink\u0105 prie\u0161 i\u0161einant i\u0161 nam\u0173. \u0160viesi mediena, balti fasadai ir paprastos grafito ranken\u0117l\u0117s puikiai dera su \u0161viesiais interjerais, praturtintais mediniais dekoratyviniais elementais. Spinta idealiai derinama su kitais BESTO serijos baldais arba kaip atskiras baldas, prisitaikantis prie j\u016bs\u0173 kambario dizaino.<\/p>\n<p>Plotis 196,5 cm Gylis 54 cm Auk\u0161tis 205,5 cm Produkto svoris su pakuote 126,65 kg Gamintojo kodas \/ simbolis BT09 Kolekcijos pavadinimas BESTO Pavadinimas b2b sistemoje BESTO BT09 \u0104\u017dUOLAS E\/BALTA BLIZG\u0116 SPINTEL\u0116 4D KOMPLEKTAS Produkto pakuo\u010di\u0173 skai\u010dius 4 Stilius Moderni \u012franga Surinkimo instrukcijos \/ surinkimo priedai Surinkimui Savaranki\u0161kam surinkimui Korpuso spalva Evoke Oak Korpuso med\u017eiaga \/ tipas \/ storis 16 mm baldin\u0117 plok\u0161t\u0117 \/ Juostel\u0117 18 mm MDF baldin\u0117 plok\u0161t\u0117 Korpuso vir\u0161utin\u0117 dalis \/ med\u017eiaga \/ tipas \/ storis 16 mm baldin\u0117 plok\u0161t\u0117 Korpuso apa\u010dia \/ med\u017eiaga \/ tipas \/ storis 16 mm baldin\u0117 plok\u0161t\u0117 Lentynos spalva Evoke Oak Lentynos med\u017eiaga \/ tipas \/ storis 16 mm baldin\u0117 plok\u0161t\u0117 Kar\u016bnin\u0117s lentynos kiekis 1 Galin\u0117s sienel\u0117s med\u017eiaga \/ tipas \/ storis 2,5 mm HDF baldin\u0117 plok\u0161t\u0117 Matoma galin\u0117s sienel\u0117s dalis Evoke Oak spalva Priekin\u0117 spalva Alpi\u0173 balta \/ Evoke Oak Priekin\u0117s apdailos med\u017eiaga \/ tipas \/ storis 16 mm baldin\u0117 plok\u0161t\u0117 \/ 22 mm MDF baldin\u0117 plok\u0161t\u0117 Priekin\u0117 dalis su veidrod\u017eiu TAIP Priekin\u0117 dalis su veidrod\u017eiu kiekis 2 Priekinis vyris \u2300 35 mm reguliuojamas trijose plok\u0161tumose Priekin\u0117 rankena \/ apdaila \/ spalva Plastikas \/ juoda \u0160velnaus u\u017edarymo dur\u0173 sistema Standarti\u0161kai Kojel\u0117 \/ apdaila \/ spalva Nereguliuojama \/ plastikin\u0117 \/ juoda Papildoma kojel\u0117 \/ apdaila \/ spalva Reguliuojama vidurin\u0117 dalis \/ plastikin\u0117 \/ juoda Dur\u0173 skai\u010dius 4 U\u017edar\u0173 ni\u0161\u0173 skai\u010dius Standarti\u0161kai 3 \/ i\u0161traukiamos iki 6 Korpuso \u012franga Standarti\u0161kai 3 pakabos<\/p>","protected":false},"excerpt":{"rendered":"<p>The BESTO BT09 wardrobe is a fantastic addition to a hallway or bedroom \u2013 the combination of three rails and a spacious recess provides the perfect space for jackets, seasonal accessories, and shoes. The wardrobe can be equipped with additional BESTO BT10 shelves, making it even easier to organize your wardrobe. Mirrors on the front [&hellip;]<\/p>","protected":false},"featured_media":252816,"comment_status":"open","ping_status":"open","template":"","meta":[],"product_brand":[],"product_cat":[9302,2457,1177],"product_tag":[],"class_list":{"0":"post-252815","1":"product","2":"type-product","3":"status-publish","4":"has-post-thumbnail","6":"product_cat-system-mebli-besto-liveo","7":"product_cat-liveo","8":"product_cat-wardrobes","10":"first","11":"instock","12":"purchasable","13":"product-type-simple"},"_links":{"self":[{"href":"https:\/\/baldumarket.lt\/lt\/wp-json\/wp\/v2\/product\/252815","targetHints":{"allow":["GET"]}}],"collection":[{"href":"https:\/\/baldumarket.lt\/lt\/wp-json\/wp\/v2\/product"}],"about":[{"href":"https:\/\/baldumarket.lt\/lt\/wp-json\/wp\/v2\/types\/product"}],"replies":[{"embeddable":true,"href":"https:\/\/baldumarket.lt\/lt\/wp-json\/wp\/v2\/comments?post=252815"}],"wp:featuredmedia":[{"embeddable":true,"href":"https:\/\/baldumarket.lt\/lt\/wp-json\/wp\/v2\/media\/252816"}],"wp:attachment":[{"href":"https:\/\/baldumarket.lt\/lt\/wp-json\/wp\/v2\/media?parent=252815"}],"wp:term":[{"taxonomy":"product_brand","embeddable":true,"href":"https:\/\/baldumarket.lt\/lt\/wp-json\/wp\/v2\/product_brand?post=252815"},{"taxonomy":"product_cat","embeddable":true,"href":"https:\/\/baldumarket.lt\/lt\/wp-json\/wp\/v2\/product_cat?post=252815"},{"taxonomy":"product_tag","embeddable":true,"href":"https:\/\/baldumarket.lt\/lt\/wp-json\/wp\/v2\/product_tag?post=252815"}],"curies":[{"name":"wp","href":"https:\/\/api.w.org\/{rel}","templated":true}]}}