{"id":252812,"date":"2026-01-10T22:07:09","date_gmt":"2026-01-10T19:07:09","guid":{"rendered":"https:\/\/baldumarket.lt\/product\/besto-bt07-regal-l-p\/"},"modified":"2026-02-11T18:31:36","modified_gmt":"2026-02-11T15:31:36","slug":"besto-bt07-regal-l-p","status":"publish","type":"product","link":"https:\/\/baldumarket.lt\/lt\/product\/besto-bt07-regal-l-p\/","title":{"rendered":"BESTO BT07 LENTYNA K\/D"},"content":{"rendered":"<p>BESTO BT07 knyg\u0173 lentyna puikiai tinka svetain\u0117ms ir valgomiesiems, bet taip pat ir bet kokiam ma\u017eam miegamajam ar prie\u0161kambariui. Pagrindinis privalumas yra jos padalijimas \u012f u\u017edar\u0105 dal\u012f, kurioje galite laikyti nam\u0173 aksesuarus ar dokumentus, ir atvir\u0105 vir\u0161utin\u0119 dal\u012f su lentynomis knygoms, dekoracijoms ir aksesuarams. Knyg\u0173 lentyna yra universali; galite pasirinkti, ar durys atsidaro \u012f de\u0161in\u0119, ar \u012f kair\u0119. \u0160viesi mediena, balti fasadai ir paprastos grafito ranken\u0117l\u0117s puikiai dera su \u0161viesi\u0173 spalv\u0173 interjeru, praturtintu mediniais dekoratyviniais elementais. Knyg\u0173 lentyna idealiai tinka derinti su kitais BESTO serijos baldais arba kaip atskiras baldas, prisitaikantis prie j\u016bs\u0173 kambario dizaino.<\/p>\n<p>Plotis 66 cm Gylis 40 cm Auk\u0161tis 192 cm Produkto svoris su pakuote 43,45 kg Gamintojo kodas \/ simbolis BT07 Kolekcijos pavadinimas BESTO Pavadinimas b2b sistemoje BESTO BT07 \u0104\u017dUOLAS E\/BALTA BLIZG\u0116 LENTYNA LP KPL Produkto pakuo\u010di\u0173 skai\u010dius 3 Stilius Moderni \u012franga Surinkimo instrukcijos \/ surinkimo priedai Surinkimas Savaranki\u0161kam surinkimui Korpuso spalva Evoke Oak Korpuso med\u017eiaga \/ tipas \/ storis 16 mm baldin\u0117 plok\u0161t\u0117 \/ Juostel\u0117 18 mm MDF baldin\u0117 plok\u0161t\u0117 Vir\u0161utinio korpuso med\u017eiaga \/ med\u017eiaga \/ tipas \/ storis 16 mm baldin\u0117 plok\u0161t\u0117 Apatinio korpuso med\u017eiaga \/ med\u017eiaga \/ tipas \/ storis 16 mm baldin\u0117 plok\u0161t\u0117 Lentynos spalva Evoke Oak Lentynos med\u017eiaga \/ tipas \/ storis 16 mm baldin\u0117 plok\u0161t\u0117 Lentyn\u0173 kiekis 3 Galin\u0117s sienel\u0117s med\u017eiaga \/ tipas \/ storis 2,5 mm HDF baldin\u0117 plok\u0161t\u0117 Matomos galin\u0117s sienel\u0117s dalies spalva Evoke Oak Priekin\u0117s spalvos: Alpi\u0173 balta \/ Evoke Oak Priekin\u0117s apdailos med\u017eiaga \/ tipas \/ storis 16 mm baldin\u0117 plok\u0161t\u0117 \/ 22 mm MDF baldin\u0117 plok\u0161t\u0117 Priekinis vyris \u2300 35 mm reguliuojamas trijose plok\u0161tumose Priekinis atidarymas universalus kair\u0117 \/ de\u0161in\u0117 TAIP Priekin\u0117 rankena \/ Apdaila \/ spalva Plastikas \/ juoda \u0160velniai u\u017esidaranti dur\u0173 sistema Standartin\u0117 komplektacija Kojel\u0117 \/ apdaila \/ spalva Nereguliuojama \/ plastikas \/ juoda Dureli\u0173 skai\u010dius 1 Atvir\u0173 ni\u0161\u0173 skai\u010dius 3 U\u017edar\u0173 ni\u0161\u0173 skai\u010dius 2<\/p>","protected":false},"excerpt":{"rendered":"<p>BESTO BT07 knyg\u0173 lentyna puikiai tinka svetain\u0117ms ir valgomiesiems, bet taip pat ir bet kokiam ma\u017eam miegamajam ar prie\u0161kambariui. Pagrindinis privalumas yra jos padalijimas \u012f u\u017edar\u0105 dal\u012f, kurioje galite laikyti nam\u0173 aksesuarus ar dokumentus, ir atvir\u0105 vir\u0161utin\u0119 dal\u012f su lentynomis knygoms, dekoracijoms ir aksesuarams. Knyg\u0173 lentyna yra universali; j\u016bs [\u2026]<\/p>","protected":false},"featured_media":252797,"comment_status":"open","ping_status":"open","template":"","meta":[],"product_brand":[],"product_cat":[9302,2457,1177],"product_tag":[],"class_list":{"0":"post-252812","1":"product","2":"type-product","3":"status-publish","4":"has-post-thumbnail","6":"product_cat-system-mebli-besto-liveo","7":"product_cat-liveo","8":"product_cat-wardrobes","10":"first","11":"instock","12":"purchasable","13":"product-type-simple"},"_links":{"self":[{"href":"https:\/\/baldumarket.lt\/lt\/wp-json\/wp\/v2\/product\/252812","targetHints":{"allow":["GET"]}}],"collection":[{"href":"https:\/\/baldumarket.lt\/lt\/wp-json\/wp\/v2\/product"}],"about":[{"href":"https:\/\/baldumarket.lt\/lt\/wp-json\/wp\/v2\/types\/product"}],"replies":[{"embeddable":true,"href":"https:\/\/baldumarket.lt\/lt\/wp-json\/wp\/v2\/comments?post=252812"}],"wp:featuredmedia":[{"embeddable":true,"href":"https:\/\/baldumarket.lt\/lt\/wp-json\/wp\/v2\/media\/252797"}],"wp:attachment":[{"href":"https:\/\/baldumarket.lt\/lt\/wp-json\/wp\/v2\/media?parent=252812"}],"wp:term":[{"taxonomy":"product_brand","embeddable":true,"href":"https:\/\/baldumarket.lt\/lt\/wp-json\/wp\/v2\/product_brand?post=252812"},{"taxonomy":"product_cat","embeddable":true,"href":"https:\/\/baldumarket.lt\/lt\/wp-json\/wp\/v2\/product_cat?post=252812"},{"taxonomy":"product_tag","embeddable":true,"href":"https:\/\/baldumarket.lt\/lt\/wp-json\/wp\/v2\/product_tag?post=252812"}],"curies":[{"name":"wp","href":"https:\/\/api.w.org\/{rel}","templated":true}]}}