{"id":252810,"date":"2026-01-10T22:07:06","date_gmt":"2026-01-10T19:07:06","guid":{"rendered":"https:\/\/baldumarket.lt\/product\/besto-bt06-szafka-l-p\/"},"modified":"2026-02-11T18:31:36","modified_gmt":"2026-02-11T15:31:36","slug":"besto-bt06-szafka-l-p","status":"publish","type":"product","link":"https:\/\/baldumarket.lt\/lt\/product\/besto-bt06-szafka-l-p\/","title":{"rendered":"BESTO BT06 SPINTEL\u0116 K\/D"},"content":{"rendered":"<p>BESTO BT06 L\/R spintel\u0117 yra universalus ir labai funkcionalus baldas, kuris ras savo viet\u0105 svetain\u0117je arba valgomajame. Lentyna turi penkias vidines ni\u0161as, kuriose galite laikyti visus b\u016btiniausius daiktus, o durel\u0117s padeda palaikyti tvark\u0105. Spintel\u0117 yra universali; galite pasirinkti, ar durel\u0117s atsidaro \u012f de\u0161in\u0119, ar \u012f kair\u0119. \u0160viesi mediena, balti fasadai ir paprastos grafito ranken\u0117l\u0117s puikiai dera prie \u0161viesi\u0173 spalv\u0173 interjero, praturtinto mediniais dekoratyviniais elementais. L\/R spintel\u0117 idealiai tinka derinti su kitais BESTO serijos baldais arba kaip atskiras baldas, prisitaikantis prie j\u016bs\u0173 kambario dizaino.<\/p>\n<p>Plotis 66 cm Gylis 40 cm Auk\u0161tis 192 cm Produkto svoris su pakuote 48,55 kg Gamintojo kodas \/ simbolis BT06 Kolekcijos pavadinimas BESTO Pavadinimas b2b sistemoje BESTO BT06 \u0104\u017dUOLO E\/BALTA BLIZGIOJI SPINTEL\u0116 LP KPL Produkto pakuo\u010di\u0173 skai\u010dius 3 Stilius Moderni \u012franga Surinkimo instrukcijos \/ surinkimo priedai Surinkimas Savaranki\u0161kam surinkimui Korpuso spalva Evoke Oak Korpuso med\u017eiaga \/ tipas \/ storis 16 mm baldin\u0117 plok\u0161t\u0117 \/ Juostel\u0117 18 mm MDF baldin\u0117 plok\u0161t\u0117 Vir\u0161utinio korpuso med\u017eiaga \/ med\u017eiaga \/ tipas \/ storis 16 mm baldin\u0117 plok\u0161t\u0117 Apatinio korpuso med\u017eiaga \/ med\u017eiaga \/ tipas \/ storis 16 mm baldin\u0117 plok\u0161t\u0117 Lentynos spalva Evoke Oak Lentynos med\u017eiaga \/ tipas \/ storis 16 mm baldin\u0117 plok\u0161t\u0117 Lentyn\u0173 kiekis 3 Galin\u0117s sienel\u0117s med\u017eiaga \/ tipas \/ storis 2,5 mm HDF baldin\u0117 plok\u0161t\u0117 Matoma galin\u0117s sienel\u0117s dalis Evoke Oak Priekin\u0117s spalvos Alpi\u0173 balta \/ Evoke Oak Priekin\u0117s apdailos med\u017eiaga \/ tipas \/ storis 16 mm baldin\u0117 plok\u0161t\u0117 \/ 22 mm MDF baldin\u0117 plok\u0161t\u0117 Priekinis vyris \u2300 35 mm reguliuojamas trijose plok\u0161tumose Priekinis universalus atidarymas kair\u0117n \/ de\u0161in\u0117n TAIP Priekin\u0117 rankena \/ apdaila \/ Spalva Plastikas \/ juoda \u0160velniai u\u017esidaranti dur\u0173 sistema Standartin\u0117 komplektacija Kojel\u0117 \/ apdaila \/ spalva Nereguliuojama \/ plastikin\u0117 \/ juoda Dureli\u0173 skai\u010dius 1 U\u017edar\u0173 ni\u0161\u0173 skai\u010dius 5<\/p>","protected":false},"excerpt":{"rendered":"<p>The BESTO BT06 L\/R cabinet is a versatile and highly functional piece of furniture that will find its place in a living room or dining room. The shelf has five internal niches, allowing you to store all your essentials, and the doors help keep things organized. The cabinet is versatile; you can choose whether the [&hellip;]<\/p>","protected":false},"featured_media":252798,"comment_status":"open","ping_status":"open","template":"","meta":[],"product_brand":[],"product_cat":[9302,2457,1177],"product_tag":[],"class_list":{"0":"post-252810","1":"product","2":"type-product","3":"status-publish","4":"has-post-thumbnail","6":"product_cat-system-mebli-besto-liveo","7":"product_cat-liveo","8":"product_cat-wardrobes","10":"first","11":"instock","12":"purchasable","13":"product-type-simple"},"_links":{"self":[{"href":"https:\/\/baldumarket.lt\/lt\/wp-json\/wp\/v2\/product\/252810","targetHints":{"allow":["GET"]}}],"collection":[{"href":"https:\/\/baldumarket.lt\/lt\/wp-json\/wp\/v2\/product"}],"about":[{"href":"https:\/\/baldumarket.lt\/lt\/wp-json\/wp\/v2\/types\/product"}],"replies":[{"embeddable":true,"href":"https:\/\/baldumarket.lt\/lt\/wp-json\/wp\/v2\/comments?post=252810"}],"wp:featuredmedia":[{"embeddable":true,"href":"https:\/\/baldumarket.lt\/lt\/wp-json\/wp\/v2\/media\/252798"}],"wp:attachment":[{"href":"https:\/\/baldumarket.lt\/lt\/wp-json\/wp\/v2\/media?parent=252810"}],"wp:term":[{"taxonomy":"product_brand","embeddable":true,"href":"https:\/\/baldumarket.lt\/lt\/wp-json\/wp\/v2\/product_brand?post=252810"},{"taxonomy":"product_cat","embeddable":true,"href":"https:\/\/baldumarket.lt\/lt\/wp-json\/wp\/v2\/product_cat?post=252810"},{"taxonomy":"product_tag","embeddable":true,"href":"https:\/\/baldumarket.lt\/lt\/wp-json\/wp\/v2\/product_tag?post=252810"}],"curies":[{"name":"wp","href":"https:\/\/api.w.org\/{rel}","templated":true}]}}