{"id":252808,"date":"2026-01-10T22:07:03","date_gmt":"2026-01-10T19:07:03","guid":{"rendered":"https:\/\/baldumarket.lt\/product\/besto-bt05-witryna-l-p\/"},"modified":"2026-02-11T18:31:36","modified_gmt":"2026-02-11T15:31:36","slug":"besto-bt05-witryna-l-p","status":"publish","type":"product","link":"https:\/\/baldumarket.lt\/lt\/product\/besto-bt05-witryna-l-p\/","title":{"rendered":"BESTO BT05 EKRANAS K\/D"},"content":{"rendered":"<p>BESTO BT05 kair\u0117s\/de\u0161in\u0117s pus\u0117s vitrina \u2013 eleganti\u0161kas ir stilingas pasirinkimas svetainei, svetainei ar valgomajam. Jos eleganti\u0161kas dizainas sujungia \u012fstiklint\u0105 vitrin\u0105 su klasikine \u012fmontuota spintele, puikiai tinkan\u010dia, pavyzd\u017eiui, dokumentams laikyti. Atvir\u0105 stikl\u0105 ar dekoratyvinius elementus galima dar labiau pary\u0161kinti \u012frengus LED ap\u0161vietim\u0105. Spintel\u0117 yra universali; galite pasirinkti, ar durys atsidaro \u012f de\u0161in\u0119, ar \u012f kair\u0119. \u0160viesios medienos, balt\u0173 fasad\u0173 ir paprast\u0173 grafito ranken\u0117li\u0173 apdaila puikiai dera su \u0161viesiais interjerais, praturtintais mediniais dekoratyviniais elementais. Kair\u0117s\/de\u0161in\u0117s pus\u0117s vitrina idealiai dera su kitais BESTO serijos baldais arba yra atskiras baldas, prisitaikantis prie j\u016bs\u0173 interjero dizaino.<\/p>\n<p>Plotis 66 cm Gylis 40 cm Auk\u0161tis 192 cm Produkto svoris su pakuote 50,90 kg Gamintojo kodas \/ simbolis BT05 Kolekcijos pavadinimas BESTO Pavadinimas b2b sistemoje BESTO BT05 \u0104\u017dUOLAS E\/BALTA BLIZG\u0116 VITRIN\u0116 LP KPL Produkto pakuo\u010di\u0173 skai\u010dius 3 Stilius Moderni \u012franga Surinkimo instrukcijos \/ surinkimo priedai Surinkimas Savaranki\u0161kam surinkimui Korpuso spalva Evoke Oak Korpuso med\u017eiaga \/ tipas \/ storis 16 mm baldin\u0117 plok\u0161t\u0117 \/ Juostel\u0117 18 mm MDF baldin\u0117 plok\u0161t\u0117 Korpuso vir\u0161utin\u0117 dalis \/ med\u017eiaga \/ tipas \/ storis 16 mm baldin\u0117 plok\u0161t\u0117 Korpuso apa\u010dia \/ med\u017eiaga \/ tipas \/ storis 16 mm baldin\u0117 plok\u0161t\u0117 Lentynos spalva Evoke Oak Lentynos med\u017eiaga \/ tipas \/ storis 16 mm baldin\u0117 plok\u0161t\u0117 Lentyn\u0173 kiekis 1 Galin\u0117s sienel\u0117s med\u017eiaga \/ tipas \/ storis 2,5 mm HDF baldin\u0117 plok\u0161t\u0117 Matoma galin\u0117s sienel\u0117s dalis Evoke Oak Priekin\u0117s spalvos Alpi\u0173 balta \/ Evoke Oak Priekin\u0117s apdailos med\u017eiaga \/ tipas \/ storis 16 mm baldin\u0117 plok\u0161t\u0117 \/ 22 mm MDF baldin\u0117 plok\u0161t\u0117 Priekinis vyris \u2300 35 mm reguliuojamas trijose plok\u0161tumose Priekinis atidarymas universalus kairysis \/ de\u0161inysis TAIP Priekinis Rankena \/ apdaila \/ spalva Plastikas \/ juoda Stiklo priekin\u0117 apdaila \/ stiklo spalva Gr\u016bdintas \/ Antisol ruda Stiklo priekinio stiklo storis 4 mm Stiklin\u0117s lentynos stiklo spalva Bespalv\u0117 Stiklin\u0117s lentynos stiklo storis 6 mm Stiklini\u0173 lentyn\u0173 kiekis 2 \u0160velnaus u\u017edarymo dureli\u0173 sistema Standartin\u0117 komplektacija Kojel\u0117 \/ apdaila \/ spalva Nereguliuojama \/ plastikin\u0117 \/ juoda Dureli\u0173 skai\u010dius 1 U\u017edar\u0173 ni\u0161\u0173 skai\u010dius u\u017e priekinio stiklo 3 U\u017edar\u0173 ni\u0161\u0173 skai\u010dius 2<\/p>","protected":false},"excerpt":{"rendered":"<p>The BESTO BT05 L\/R Display Cabinet is an elegant and stylish option for the living room, parlor, or dining room. Its sleek design combines a glazed display area with a classic built-in cabinet, perfect for storing documents, for example. The exposed glass or decorative elements can be further highlighted by adding LED lighting. The cabinet [&hellip;]<\/p>","protected":false},"featured_media":252809,"comment_status":"open","ping_status":"open","template":"","meta":[],"product_brand":[],"product_cat":[9302,2457,2006],"product_tag":[],"class_list":{"0":"post-252808","1":"product","2":"type-product","3":"status-publish","4":"has-post-thumbnail","6":"product_cat-system-mebli-besto-liveo","7":"product_cat-liveo","8":"product_cat-vitrines","10":"first","11":"instock","12":"purchasable","13":"product-type-simple"},"_links":{"self":[{"href":"https:\/\/baldumarket.lt\/lt\/wp-json\/wp\/v2\/product\/252808","targetHints":{"allow":["GET"]}}],"collection":[{"href":"https:\/\/baldumarket.lt\/lt\/wp-json\/wp\/v2\/product"}],"about":[{"href":"https:\/\/baldumarket.lt\/lt\/wp-json\/wp\/v2\/types\/product"}],"replies":[{"embeddable":true,"href":"https:\/\/baldumarket.lt\/lt\/wp-json\/wp\/v2\/comments?post=252808"}],"wp:featuredmedia":[{"embeddable":true,"href":"https:\/\/baldumarket.lt\/lt\/wp-json\/wp\/v2\/media\/252809"}],"wp:attachment":[{"href":"https:\/\/baldumarket.lt\/lt\/wp-json\/wp\/v2\/media?parent=252808"}],"wp:term":[{"taxonomy":"product_brand","embeddable":true,"href":"https:\/\/baldumarket.lt\/lt\/wp-json\/wp\/v2\/product_brand?post=252808"},{"taxonomy":"product_cat","embeddable":true,"href":"https:\/\/baldumarket.lt\/lt\/wp-json\/wp\/v2\/product_cat?post=252808"},{"taxonomy":"product_tag","embeddable":true,"href":"https:\/\/baldumarket.lt\/lt\/wp-json\/wp\/v2\/product_tag?post=252808"}],"curies":[{"name":"wp","href":"https:\/\/api.w.org\/{rel}","templated":true}]}}