{"id":252805,"date":"2026-01-10T22:07:00","date_gmt":"2026-01-10T19:07:00","guid":{"rendered":"https:\/\/baldumarket.lt\/product\/besto-bt04-kredens\/"},"modified":"2026-02-11T18:31:36","modified_gmt":"2026-02-11T15:31:36","slug":"besto-bt04-kredens","status":"publish","type":"product","link":"https:\/\/baldumarket.lt\/lt\/product\/besto-bt04-kredens\/","title":{"rendered":"BESTO BT04 indauja"},"content":{"rendered":"<p>BESTO BT04 indauja \u2013 eleganti\u0161kas ir \u012fdomus svetain\u0117s ar valgomojo pasirinkimas, idealiai tinkantis daiktams laikyti ir kaip dekoratyvinis elementas. Centrin\u0117je indauja pasi\u017eymi stikliniu priekiu, puikiai tinkan\u010diu dekoracijoms ar stikliniams indams eksponuoti. Apatin\u0117je, neglaz\u016bruotoje dalyje yra spintel\u0117 su dviem ni\u0161omis kitiems daiktams. Galite dar labiau pary\u0161kinti atvir\u0105 stikl\u0105 ar dekoracijas, prid\u0117dami LED ap\u0161vietim\u0105. \u0160viesi mediena, balti fasadai ir paprastos grafito ranken\u0117l\u0117s puikiai dera su \u0161viesiais interjerais, praturtintais mediniais dekoratyviniais elementais. Indauja puikiai dera su kitais BESTO serijos baldais arba yra atskiras baldas, prisitaikantis prie j\u016bs\u0173 kambario dizaino.<\/p>\n<p>Plotis 99 cm Gylis 40 cm Auk\u0161tis 136 cm Produkto svoris su pakuote 53,05 kg Gamintojo kodas \/ simbolis BT04 Kolekcijos pavadinimas BESTO Pavadinimas b2b sistemoje BESTO BT04 \u0104\u017dUOLAS E\/BALTA BLIZG\u0116 INDAUJA KPL Produkto pakuo\u010di\u0173 skai\u010dius 3 Stilius Moderni \u012franga Surinkimo instrukcijos \/ surinkimo priedai Surinkimas Savaranki\u0161kam surinkimui Korpuso spalva Evoke Oak Korpuso med\u017eiaga \/ tipas \/ storis 16 mm baldin\u0117 plok\u0161t\u0117 \/ Juostel\u0117 18 mm MDF baldin\u0117 plok\u0161t\u0117 Korpuso vir\u0161utin\u0117 dalis \/ med\u017eiaga \/ tipas \/ storis 16 mm baldin\u0117 plok\u0161t\u0117 Korpuso apa\u010dia \/ med\u017eiaga \/ tipas \/ storis 16 mm baldin\u0117 plok\u0161t\u0117 Lentynos spalva Evoke Oak Lentynos med\u017eiaga \/ tipas \/ storis 16 mm baldin\u0117 plok\u0161t\u0117 Kar\u016bnuotos lentynos kiekis 1 Galin\u0117s sienel\u0117s med\u017eiaga \/ tipas \/ storis 2,5 mm HDF baldin\u0117 plok\u0161t\u0117 Matoma galin\u0117s sienel\u0117s dalis \u0104\u017euolas Evoke Priekin\u0117 spalva Alpi\u0173 balta \/ Evoke Oak Priekin\u0117s apdailos med\u017eiaga \/ tipas \/ storis 16 mm baldin\u0117 plok\u0161t\u0117 \/ 22 mm MDF baldin\u0117 plok\u0161t\u0117 Priekinis vyris \u2300 35 mm reguliuojamas trijose plok\u0161tumose Priekin\u0117 rankena \/ apdaila \/ spalva Plastikas \/ juoda Glaz\u016bruota Priekin\u0117 apdaila \/ stiklo spalva Gr\u016bdintas \/ Antisol ruda Stiklinio priekinio stiklo storis 4 mm Stiklin\u0117s lentynos stiklo spalva Skaidri Stiklin\u0117s lentynos stiklo storis 6 mm Stiklini\u0173 lentyn\u0173 kiekis 2 \u0160velnaus u\u017edarymo dureli\u0173 sistema Standartin\u0117 komplektacija Kojel\u0117 \/ apdaila \/ spalva Nereguliuojama \/ plastikin\u0117 \/ juoda Dureli\u0173 skai\u010dius 2 U\u017edar\u0173 ni\u0161\u0173 skai\u010dius u\u017e priekinio stiklo 4 U\u017edar\u0173 ni\u0161\u0173 skai\u010dius 2<\/p>","protected":false},"excerpt":{"rendered":"<p>BESTO BT04 indauja \u2013 eleganti\u0161kas ir \u012fdomus svetain\u0117s ar valgomojo pasirinkimas, idealiai tinkantis daiktams laikyti ir kaip dekoratyvinis elementas. Centrin\u0117je indaujaus dalyje yra stiklin\u0117 vitrina, puikiai tinkanti dekoracijoms ar stikliniams indams eksponuoti. Apatin\u0117je, neglaz\u016bruotoje dalyje yra spintel\u0117 su dviem ni\u0161omis kitiems daiktams. [\u2026]<\/p>","protected":false},"featured_media":252806,"comment_status":"open","ping_status":"open","template":"","meta":[],"product_brand":[],"product_cat":[9302,1173,2457],"product_tag":[],"class_list":{"0":"post-252805","1":"product","2":"type-product","3":"status-publish","4":"has-post-thumbnail","6":"product_cat-system-mebli-besto-liveo","7":"product_cat-chests-of-drawers","8":"product_cat-liveo","10":"first","11":"instock","12":"purchasable","13":"product-type-simple"},"_links":{"self":[{"href":"https:\/\/baldumarket.lt\/lt\/wp-json\/wp\/v2\/product\/252805","targetHints":{"allow":["GET"]}}],"collection":[{"href":"https:\/\/baldumarket.lt\/lt\/wp-json\/wp\/v2\/product"}],"about":[{"href":"https:\/\/baldumarket.lt\/lt\/wp-json\/wp\/v2\/types\/product"}],"replies":[{"embeddable":true,"href":"https:\/\/baldumarket.lt\/lt\/wp-json\/wp\/v2\/comments?post=252805"}],"wp:featuredmedia":[{"embeddable":true,"href":"https:\/\/baldumarket.lt\/lt\/wp-json\/wp\/v2\/media\/252806"}],"wp:attachment":[{"href":"https:\/\/baldumarket.lt\/lt\/wp-json\/wp\/v2\/media?parent=252805"}],"wp:term":[{"taxonomy":"product_brand","embeddable":true,"href":"https:\/\/baldumarket.lt\/lt\/wp-json\/wp\/v2\/product_brand?post=252805"},{"taxonomy":"product_cat","embeddable":true,"href":"https:\/\/baldumarket.lt\/lt\/wp-json\/wp\/v2\/product_cat?post=252805"},{"taxonomy":"product_tag","embeddable":true,"href":"https:\/\/baldumarket.lt\/lt\/wp-json\/wp\/v2\/product_tag?post=252805"}],"curies":[{"name":"wp","href":"https:\/\/api.w.org\/{rel}","templated":true}]}}