{"id":252801,"date":"2026-01-10T22:06:57","date_gmt":"2026-01-10T19:06:57","guid":{"rendered":"https:\/\/baldumarket.lt\/product\/besto-bt03-komoda\/"},"modified":"2026-02-11T18:31:36","modified_gmt":"2026-02-11T15:31:36","slug":"besto-bt03-komoda","status":"publish","type":"product","link":"https:\/\/baldumarket.lt\/lt\/product\/besto-bt03-komoda\/","title":{"rendered":"BESTO BT03 komoda su stal\u010diais"},"content":{"rendered":"<p>BESTO BT03 komoda yra itin funkcionalus ir nesenstantis baldas, puikiai tinkantis \u012fvairiems interjerams. Komoda turi du stal\u010dius ir dvi spinteles su lentynomis, tod\u0117l yra itin erdvi ir stilinga. Platus stalvir\u0161is puikiai tinka dekoracijoms ir nieku\u010diams eksponuoti. \u0160viesi mediena, balti fasadai ir paprastos grafito ranken\u0117l\u0117s puikiai dera prie \u0161viesi\u0173 spalv\u0173 interjero, pary\u0161kinto mediniais dekoratyviniais elementais. Komoda puikiai der\u0117s su kitais BESTO serijos baldais arba bus savaranki\u0161kas baldas, prisitaikantis prie j\u016bs\u0173 kambario dizaino.<\/p>\n<p>Plotis 153 cm Gylis 40 cm Auk\u0161tis 87,5 cm Produkto svoris su pakuote 56,20 kg Gamintojo kodas \/ simbolis BT03 Kolekcijos pavadinimas BESTO Pavadinimas b2b sistemoje BESTO BT03 \u0104\u017dUOLO E\/BALTA BLIZGIOJI KOMOD\u0172 KOMPLEKTAS Produkto pakuo\u010di\u0173 skai\u010dius 3 Stilius Moderni \u012franga Surinkimo instrukcijos \/ surinkimo priedai Surinkimui Savaranki\u0161kam surinkimui Korpuso spalva Evoke Oak Korpuso med\u017eiaga \/ tipas \/ storis 16 mm baldin\u0117 plok\u0161t\u0117 \/ Juostel\u0117 18 mm MDF baldin\u0117 plok\u0161t\u0117 Vir\u0161utinio korpuso med\u017eiaga \/ med\u017eiaga \/ tipas \/ storis 16 mm baldin\u0117 plok\u0161t\u0117 Apatinio korpuso med\u017eiaga \/ med\u017eiaga \/ tipas \/ storis 16 mm baldin\u0117 plok\u0161t\u0117 Lentynos spalva Evoke Oak Lentynos med\u017eiaga \/ tipas \/ storis 16 mm baldin\u0117 plok\u0161t\u0117 Lentyn\u0173 kiekis 1 Kar\u016bnin\u0117s lentynos kiekis 1 Galin\u0117s sienel\u0117s med\u017eiaga \/ tipas \/ storis 2,5 mm HDF baldin\u0117 plok\u0161t\u0117 Matoma galin\u0117s sienel\u0117s dalis Spalva: Evoke Oak Priekis: Alpi\u0173 balta \/ Evoke Oak Priekis: Apdaila: Med\u017eiaga \/ tipas \/ Dur\u0173 storis: 16 mm baldin\u0117 plok\u0161t\u0117 \/ Stal\u010dius: 22 mm MDF plok\u0161t\u0117 Priekinis Vyris: \u2300 35 mm, reguliuojamas trijose plok\u0161tumose Priekin\u0117 rankena: Apdaila \/ Spalva: Plastikas \/ Juoda \u0160velnaus u\u017edarymo sistema: Standartin\u0117 Pilno i\u0161traukimo stal\u010di\u0173 b\u0117geliai Kojel\u0117: Apdaila \/ Spalva: Nereguliuojama \/ Plastikas \/ Juoda Papildoma kojel\u0117: Apdaila \/ Spalva: Reguliuojama per vidur\u012f \/ Plastikas \/ Juoda Dureli\u0173 skai\u010dius: 3 Stal\u010di\u0173 skai\u010dius: 2 U\u017edar\u0173 ni\u0161\u0173 skai\u010dius: 4<\/p>","protected":false},"excerpt":{"rendered":"<p>The BESTO BT03 chest of drawers is a highly functional and timeless piece, perfect for a variety of interiors. The chest of drawers features two drawers and two cabinets with shelves, creating an exceptionally spacious and stylish piece. Its wide top is perfect for displaying decorations and knick-knacks. The light wood, white fronts, and simple [&hellip;]<\/p>","protected":false},"featured_media":252802,"comment_status":"open","ping_status":"open","template":"","meta":[],"product_brand":[],"product_cat":[9302,1173,2457],"product_tag":[],"class_list":{"0":"post-252801","1":"product","2":"type-product","3":"status-publish","4":"has-post-thumbnail","6":"product_cat-system-mebli-besto-liveo","7":"product_cat-chests-of-drawers","8":"product_cat-liveo","10":"first","11":"instock","12":"purchasable","13":"product-type-simple"},"_links":{"self":[{"href":"https:\/\/baldumarket.lt\/lt\/wp-json\/wp\/v2\/product\/252801","targetHints":{"allow":["GET"]}}],"collection":[{"href":"https:\/\/baldumarket.lt\/lt\/wp-json\/wp\/v2\/product"}],"about":[{"href":"https:\/\/baldumarket.lt\/lt\/wp-json\/wp\/v2\/types\/product"}],"replies":[{"embeddable":true,"href":"https:\/\/baldumarket.lt\/lt\/wp-json\/wp\/v2\/comments?post=252801"}],"wp:featuredmedia":[{"embeddable":true,"href":"https:\/\/baldumarket.lt\/lt\/wp-json\/wp\/v2\/media\/252802"}],"wp:attachment":[{"href":"https:\/\/baldumarket.lt\/lt\/wp-json\/wp\/v2\/media?parent=252801"}],"wp:term":[{"taxonomy":"product_brand","embeddable":true,"href":"https:\/\/baldumarket.lt\/lt\/wp-json\/wp\/v2\/product_brand?post=252801"},{"taxonomy":"product_cat","embeddable":true,"href":"https:\/\/baldumarket.lt\/lt\/wp-json\/wp\/v2\/product_cat?post=252801"},{"taxonomy":"product_tag","embeddable":true,"href":"https:\/\/baldumarket.lt\/lt\/wp-json\/wp\/v2\/product_tag?post=252801"}],"curies":[{"name":"wp","href":"https:\/\/api.w.org\/{rel}","templated":true}]}}