{"id":252795,"date":"2026-01-10T22:06:54","date_gmt":"2026-01-10T19:06:54","guid":{"rendered":"https:\/\/baldumarket.lt\/product\/besto-bt02-komoda\/"},"modified":"2026-02-11T18:31:36","modified_gmt":"2026-02-11T15:31:36","slug":"besto-bt02-komoda","status":"publish","type":"product","link":"https:\/\/baldumarket.lt\/lt\/product\/besto-bt02-komoda\/","title":{"rendered":"BESTO BT02 komoda su stal\u010diais"},"content":{"rendered":"<p>Komoda \u201eBESTO BT02\u201c pasi\u017eymi paprastu, minimalistiniu dizainu, tod\u0117l puikiai dera prie bet kokio interjero. Platus stal\u010dius ir u\u017erakinama spintel\u0117 su dviem skyriais leid\u017eia lengvai susitvarkyti visus b\u016btiniausius daiktus. Ji puikiai tinka dekoratyviniams daiktams ir suvenyrams eksponuoti. \u0160viesi mediena, balti fasadai ir paprastos grafito ranken\u0117l\u0117s papildo \u0161vies\u0173 interjer\u0105, pary\u0161kint\u0105 mediniais akcentais. Komoda puikiai atrodys derinama su kitais \u201eBESTO\u201c serijos baldais arba kaip atskiras baldas, prisitaikantis prie j\u016bs\u0173 kambario dekoro.<\/p>\n<p>Plotis 99 cm Gylis 40 cm Auk\u0161tis 87,5 cm Produkto svoris su pakuote 36,90 kg Gamintojo kodas \/ simbolis BT02 Kolekcijos pavadinimas BESTO Pavadinimas b2b sistemoje BESTO BT02 \u0104\u017dUOLO E\/BALTA BLIZGIOJI KOMOD\u0172 RINKINYS Produkto pakuo\u010di\u0173 skai\u010dius 2 Stilius Moderni \u012eranga Surinkimo instrukcijos \/ surinkimo priedai Surinkimas Savaranki\u0161kam surinkimui Korpuso spalva Evoke Oak Korpuso med\u017eiaga \/ tipas \/ storis 16 mm baldin\u0117 plok\u0161t\u0117 \/ Juostel\u0117 18 mm MDF baldin\u0117 plok\u0161t\u0117 Korpuso vir\u0161utin\u0117 dalis \/ med\u017eiaga \/ tipas \/ storis 16 mm baldin\u0117 plok\u0161t\u0117 Korpuso apa\u010dia \/ med\u017eiaga \/ tipas \/ storis 16 mm baldin\u0117 plok\u0161t\u0117 Lentynos spalva Evoke Oak Lentynos med\u017eiaga \/ tipas \/ storis 16 mm baldin\u0117 plok\u0161t\u0117 Kar\u016bnin\u0117s lentynos kiekis 1 Galin\u0117s sienel\u0117s med\u017eiaga \/ tipas \/ storis 2,5 mm HDF baldin\u0117 plok\u0161t\u0117 Matoma galin\u0117s sienel\u0117s dalis \u0104\u017euolas Evoke Priekin\u0117 spalva Alpi\u0173 balta \/ Evoke Oak Priekin\u0117s apdailos med\u017eiaga \/ tipas \/ dur\u0173 storis 16 mm baldin\u0117 plok\u0161t\u0117 \/ stal\u010dius 22 mm MDF baldin\u0117 plok\u0161t\u0117 Priekinis vyris \u2300 35 mm reguliuojamas trijose plok\u0161tumose Priekin\u0117 rankena \/ apdaila \/ spalva Plastikin\u0117s \/ juodos spalvos \u0160velnaus u\u017edarymo dureli\u0173 sistema Standartin\u0117 komplektacija Pilno i\u0161traukimo stal\u010di\u0173 b\u0117geliai Kojel\u0117 \/ apdaila \/ spalva Nereguliuojami \/ plastikiniai \/ juodi Dureli\u0173 skai\u010dius 2 Stal\u010di\u0173 skai\u010dius 1 U\u017edar\u0173 ni\u0161\u0173 skai\u010dius 2<\/p>","protected":false},"excerpt":{"rendered":"<p>BESTO BT02 komoda pasi\u017eymi paprastu, minimalistiniu dizainu, tod\u0117l puikiai dera prie bet kokio interjero. Platus stal\u010dius ir u\u017erakinama spintel\u0117 su dviem skyriais leid\u017eia lengvai susitvarkyti visus b\u016btiniausius daiktus. Ji puikiai tinka dekoratyviniams daiktams ir suvenyrams eksponuoti. \u0160viesios medienos, balti fasadai ir paprastos grafito ranken\u0117l\u0117s [\u2026]<\/p>","protected":false},"featured_media":252790,"comment_status":"open","ping_status":"open","template":"","meta":[],"product_brand":[],"product_cat":[9302,1173,2457],"product_tag":[],"class_list":{"0":"post-252795","1":"product","2":"type-product","3":"status-publish","4":"has-post-thumbnail","6":"product_cat-system-mebli-besto-liveo","7":"product_cat-chests-of-drawers","8":"product_cat-liveo","10":"first","11":"instock","12":"purchasable","13":"product-type-simple"},"_links":{"self":[{"href":"https:\/\/baldumarket.lt\/lt\/wp-json\/wp\/v2\/product\/252795","targetHints":{"allow":["GET"]}}],"collection":[{"href":"https:\/\/baldumarket.lt\/lt\/wp-json\/wp\/v2\/product"}],"about":[{"href":"https:\/\/baldumarket.lt\/lt\/wp-json\/wp\/v2\/types\/product"}],"replies":[{"embeddable":true,"href":"https:\/\/baldumarket.lt\/lt\/wp-json\/wp\/v2\/comments?post=252795"}],"wp:featuredmedia":[{"embeddable":true,"href":"https:\/\/baldumarket.lt\/lt\/wp-json\/wp\/v2\/media\/252790"}],"wp:attachment":[{"href":"https:\/\/baldumarket.lt\/lt\/wp-json\/wp\/v2\/media?parent=252795"}],"wp:term":[{"taxonomy":"product_brand","embeddable":true,"href":"https:\/\/baldumarket.lt\/lt\/wp-json\/wp\/v2\/product_brand?post=252795"},{"taxonomy":"product_cat","embeddable":true,"href":"https:\/\/baldumarket.lt\/lt\/wp-json\/wp\/v2\/product_cat?post=252795"},{"taxonomy":"product_tag","embeddable":true,"href":"https:\/\/baldumarket.lt\/lt\/wp-json\/wp\/v2\/product_tag?post=252795"}],"curies":[{"name":"wp","href":"https:\/\/api.w.org\/{rel}","templated":true}]}}