{"id":252788,"date":"2026-01-10T22:06:48","date_gmt":"2026-01-10T19:06:48","guid":{"rendered":"https:\/\/baldumarket.lt\/product\/besto-bt01-rtv\/"},"modified":"2026-02-11T18:31:36","modified_gmt":"2026-02-11T15:31:36","slug":"besto-bt01-rtv","status":"publish","type":"product","link":"https:\/\/baldumarket.lt\/lt\/product\/besto-bt01-rtv\/","title":{"rendered":"BESTO BT01 RTV"},"content":{"rendered":"<p>BESTO BT01 televizoriaus staliukas \u2013 tai unikalus, esteti\u0161kai patrauklus ir i\u0161skirtinio funkcionalumo baldas, puikiai tinkantis svetainei ar poilsio zonai. Su stal\u010diumi ir dviem erdviais \u012fdubimais jame tilps visi j\u016bs\u0173 elektroniniai prietaisai ir smulk\u016bs priedai. Stalvir\u0161is gali b\u016bti naudojamas televizoriui eksponuoti arba gra\u017eiai eksponuoti dekoratyvinius daiktus. \u0160viesios medienos, balti fasadai ir paprastos grafito ranken\u0117l\u0117s puikiai dera prie \u0161viesaus interjero, pary\u0161kinto mediniais dekoratyviniais elementais. Televizoriaus staliukas idealiai tinka derinti su kitais BESTO serijos baldais arba naudoti kaip atskiras baldas, prisitaikantis prie j\u016bs\u0173 kambario interjero.<\/p>\n<p>Plotis 153 cm Gylis 40 cm Auk\u0161tis 50 cm Produkto svoris su pakuote 34,00 kg Gamintojo kodas \/ simbolis BT01 Kolekcijos pavadinimas BESTO Pavadinimas b2b sistemoje BESTO BT01 \u0104\u017dUOLAS E\/BALTA BLIZG\u0116 RTV KPL Produkto pakuo\u010di\u0173 skai\u010dius 3 Stilius Moderni \u012franga Surinkimo instrukcijos \/ surinkimo priedai Surinkimas Savaranki\u0161kam surinkimui Korpuso spalva Evoke Oak Korpuso med\u017eiaga \/ tipas \/ storis 16 mm bald\u0173 plok\u0161t\u0117 \/ Juostel\u0117 18 mm MDF bald\u0173 plok\u0161t\u0117 Vir\u0161utinio korpuso med\u017eiaga \/ med\u017eiaga \/ tipas \/ storis 16 mm bald\u0173 plok\u0161t\u0117 Apatinio korpuso med\u017eiaga \/ med\u017eiaga \/ tipas \/ storis 16 mm bald\u0173 plok\u0161t\u0117 Galin\u0117s sienel\u0117s med\u017eiaga \/ tipas \/ storis 2,5 mm HDF bald\u0173 plok\u0161t\u0117 Matoma galin\u0117s sienel\u0117s dalis Evoke Oak Priekin\u0117s spalvos Alpi\u0173 balta \/ Evoke Oak Priekin\u0117s med\u017eiagos \/ tipas \/ storis Durys 16 mm bald\u0173 plok\u0161t\u0117 \/ stal\u010di\u0173 plok\u0161t\u0117 MDF 22 mm Priekinis vyris \u2300 35 mm, reguliuojamas trijose plok\u0161tumose Priekin\u0117 rankena \/ apdaila \/ spalva Plastikas \/ juoda Skyl\u0117 RTV laidams \u2300 50 mm \u0160velnaus u\u017edarymo dur\u0173 sistema Standarti\u0161kai Pilnai i\u0161traukiami stal\u010di\u0173 b\u0117geliai Kojel\u0117 \/ apdaila \/ spalva Nereguliuojamas \/ plastikin\u0117 \/ juoda Papildoma kojel\u0117 \/ apdaila \/ spalva Reguliuojamas vidurys \/ plastikin\u0117 \/ juoda Dureli\u0173 skai\u010dius 2 Stal\u010di\u0173 skai\u010dius 1 Atvir\u0173 ni\u0161\u0173 skai\u010dius 1 U\u017edar\u0173 ni\u0161\u0173 skai\u010dius 2<\/p>","protected":false},"excerpt":{"rendered":"<p>BESTO BT01 televizoriaus staliukas yra unikalus, esteti\u0161kai patrauklus ir i\u0161skirtinio funkcionalumo baldas, puikiai tinkantis svetainei ar poilsio zonai. Su stal\u010diumi ir dviem erdviais \u012fdubimais jis tilps visus j\u016bs\u0173 elektroninius prietaisus ir smulkius priedus. Stalvir\u0161is gali b\u016bti naudojamas televizoriui eksponuoti arba gra\u017eiai eksponuoti dekoratyvinius daiktus. \u0160viestuvas [\u2026]<\/p>","protected":false},"featured_media":252789,"comment_status":"open","ping_status":"open","template":"","meta":[],"product_brand":[],"product_cat":[9302,2457,1175],"product_tag":[],"class_list":{"0":"post-252788","1":"product","2":"type-product","3":"status-publish","4":"has-post-thumbnail","6":"product_cat-system-mebli-besto-liveo","7":"product_cat-liveo","8":"product_cat-tv-stands","10":"first","11":"instock","12":"purchasable","13":"product-type-simple"},"_links":{"self":[{"href":"https:\/\/baldumarket.lt\/lt\/wp-json\/wp\/v2\/product\/252788","targetHints":{"allow":["GET"]}}],"collection":[{"href":"https:\/\/baldumarket.lt\/lt\/wp-json\/wp\/v2\/product"}],"about":[{"href":"https:\/\/baldumarket.lt\/lt\/wp-json\/wp\/v2\/types\/product"}],"replies":[{"embeddable":true,"href":"https:\/\/baldumarket.lt\/lt\/wp-json\/wp\/v2\/comments?post=252788"}],"wp:featuredmedia":[{"embeddable":true,"href":"https:\/\/baldumarket.lt\/lt\/wp-json\/wp\/v2\/media\/252789"}],"wp:attachment":[{"href":"https:\/\/baldumarket.lt\/lt\/wp-json\/wp\/v2\/media?parent=252788"}],"wp:term":[{"taxonomy":"product_brand","embeddable":true,"href":"https:\/\/baldumarket.lt\/lt\/wp-json\/wp\/v2\/product_brand?post=252788"},{"taxonomy":"product_cat","embeddable":true,"href":"https:\/\/baldumarket.lt\/lt\/wp-json\/wp\/v2\/product_cat?post=252788"},{"taxonomy":"product_tag","embeddable":true,"href":"https:\/\/baldumarket.lt\/lt\/wp-json\/wp\/v2\/product_tag?post=252788"}],"curies":[{"name":"wp","href":"https:\/\/api.w.org\/{rel}","templated":true}]}}