{"id":252781,"date":"2026-01-10T22:06:39","date_gmt":"2026-01-10T19:06:39","guid":{"rendered":"https:\/\/baldumarket.lt\/product\/axel-ax17-witryna-wiszaca\/"},"modified":"2026-02-11T18:31:37","modified_gmt":"2026-02-11T15:31:37","slug":"axel-ax17-witryna-wiszaca","status":"publish","type":"product","link":"https:\/\/baldumarket.lt\/lt\/product\/axel-ax17-witryna-wiszaca\/","title":{"rendered":"AXEL AX17 kabinama vitrina"},"content":{"rendered":"<p>AX17 vitrina si\u016blo daugyb\u0119 daikt\u0173 laikymo ir eksponavimo galimybi\u0173 d\u0117l stiklini\u0173 lentyn\u0173 ir stiklini\u0173 dureli\u0173. Tai leid\u017eia eksponuoti m\u0117gstamiausias dekoracijas ir esteti\u0161kai bei funkcionaliai laikyti daiktus.<\/p>\n<p>Plotis 98,5 cm Gylis 29,5 cm Auk\u0161tis 80 cm Gaminio svoris su pakuote 33,25 kg Stilius Modernus \u012eranga Surinkimo instrukcijos \/ surinkimo priedai Surinkimas Savaranki\u0161kam surinkimui Korpuso spalva Tuja \/ \u0105\u017euolo latte Priekin\u0117s dalies spalva Jazmin\u0173 blizgi<\/p>","protected":false},"excerpt":{"rendered":"<p>AX17 vitrina si\u016blo daugyb\u0119 daikt\u0173 laikymo ir eksponavimo galimybi\u0173 d\u0117l stiklini\u0173 lentyn\u0173 ir stiklini\u0173 dureli\u0173. Tai leid\u017eia eksponuoti m\u0117gstamiausias dekoracijas ir laikyti daiktus esteti\u0161kai bei funkcionaliai. Plotis 98,5 cm Gylis 29,5 cm Auk\u0161tis 80 cm Gaminio svoris su pakuote 33,25 kg Stilius Moderni \u012franga Surinkimo instrukcijos \/ surinkimo priedai [\u2026]<\/p>","protected":false},"featured_media":252782,"comment_status":"open","ping_status":"open","template":"","meta":[],"product_brand":[],"product_cat":[9301,2457,2006],"product_tag":[],"class_list":{"0":"post-252781","1":"product","2":"type-product","3":"status-publish","4":"has-post-thumbnail","6":"product_cat-system-mebli-axel-liveo","7":"product_cat-liveo","8":"product_cat-vitrines","10":"first","11":"instock","12":"purchasable","13":"product-type-simple"},"_links":{"self":[{"href":"https:\/\/baldumarket.lt\/lt\/wp-json\/wp\/v2\/product\/252781","targetHints":{"allow":["GET"]}}],"collection":[{"href":"https:\/\/baldumarket.lt\/lt\/wp-json\/wp\/v2\/product"}],"about":[{"href":"https:\/\/baldumarket.lt\/lt\/wp-json\/wp\/v2\/types\/product"}],"replies":[{"embeddable":true,"href":"https:\/\/baldumarket.lt\/lt\/wp-json\/wp\/v2\/comments?post=252781"}],"wp:featuredmedia":[{"embeddable":true,"href":"https:\/\/baldumarket.lt\/lt\/wp-json\/wp\/v2\/media\/252782"}],"wp:attachment":[{"href":"https:\/\/baldumarket.lt\/lt\/wp-json\/wp\/v2\/media?parent=252781"}],"wp:term":[{"taxonomy":"product_brand","embeddable":true,"href":"https:\/\/baldumarket.lt\/lt\/wp-json\/wp\/v2\/product_brand?post=252781"},{"taxonomy":"product_cat","embeddable":true,"href":"https:\/\/baldumarket.lt\/lt\/wp-json\/wp\/v2\/product_cat?post=252781"},{"taxonomy":"product_tag","embeddable":true,"href":"https:\/\/baldumarket.lt\/lt\/wp-json\/wp\/v2\/product_tag?post=252781"}],"curies":[{"name":"wp","href":"https:\/\/api.w.org\/{rel}","templated":true}]}}