{"id":252777,"date":"2026-01-10T22:06:34","date_gmt":"2026-01-10T19:06:34","guid":{"rendered":"https:\/\/baldumarket.lt\/product\/axel-ax16-szafka-wiszaca\/"},"modified":"2026-02-11T18:31:37","modified_gmt":"2026-02-11T15:31:37","slug":"axel-ax16-szafka-wiszaca","status":"publish","type":"product","link":"https:\/\/baldumarket.lt\/lt\/product\/axel-ax16-szafka-wiszaca\/","title":{"rendered":"AXEL AX16 SIENIN\u0116 SPINTEL\u0116"},"content":{"rendered":"<p>\u201eAxel AX16\u201c \u2013 tai funkcionali ir stilinga sienin\u0117 spintel\u0117, kuri puikiai papildys j\u016bs\u0173 interjer\u0105, suteikdama jam modernumo ir prakti\u0161k\u0173 daikt\u0173 laikymo sprendim\u0173. Pagaminta i\u0161 auk\u0161tos kokyb\u0117s laminuotos plok\u0161t\u0117s, \u0161ilto tujos\/latte \u0105\u017euolo atspalvio, AX16 spinduliuoja nat\u016braliu \u017eavesiu, kuris harmoningai dera su \u012fvairiais interjero dizaino stiliais. \u201eAxel AX16\u201c yra ne tik prakti\u0161kas daikt\u0173 laikymo sprendimas, bet ir eleganti\u0161kas dekoratyvinis elementas, kuris papildys j\u016bs\u0173 interjer\u0105, suteikdamas jam klas\u0117s ir rafinuotumo.<\/p>\n<p>Plotis 144,4 cm Gylis 27,5 cm Auk\u0161tis 52,5 cm Gaminio svoris su pakuote 22,65 kg Stilius Modernus \u012eranga Surinkimo instrukcijos \/ surinkimo priedai Surinkimas Savaranki\u0161kam surinkimui Korpuso spalva Tuja \/ Latte \u0104\u017euolas<\/p>","protected":false},"excerpt":{"rendered":"<p>The Axel AX16 is a functional and stylish wall cabinet that will perfectly complement your interior, giving it a modern character and providing practical storage solutions. Crafted from high-quality laminated board in a warm thuja\/latte oak shade, the AX16 exudes a natural charm that blends harmoniously with a variety of interior design styles. The Axel [&hellip;]<\/p>","protected":false},"featured_media":252778,"comment_status":"open","ping_status":"open","template":"","meta":[],"product_brand":[],"product_cat":[9301,1174,2457],"product_tag":[],"class_list":{"0":"post-252777","1":"product","2":"type-product","3":"status-publish","4":"has-post-thumbnail","6":"product_cat-system-mebli-axel-liveo","7":"product_cat-hanging-shelves","8":"product_cat-liveo","10":"first","11":"instock","12":"purchasable","13":"product-type-simple"},"_links":{"self":[{"href":"https:\/\/baldumarket.lt\/lt\/wp-json\/wp\/v2\/product\/252777","targetHints":{"allow":["GET"]}}],"collection":[{"href":"https:\/\/baldumarket.lt\/lt\/wp-json\/wp\/v2\/product"}],"about":[{"href":"https:\/\/baldumarket.lt\/lt\/wp-json\/wp\/v2\/types\/product"}],"replies":[{"embeddable":true,"href":"https:\/\/baldumarket.lt\/lt\/wp-json\/wp\/v2\/comments?post=252777"}],"wp:featuredmedia":[{"embeddable":true,"href":"https:\/\/baldumarket.lt\/lt\/wp-json\/wp\/v2\/media\/252778"}],"wp:attachment":[{"href":"https:\/\/baldumarket.lt\/lt\/wp-json\/wp\/v2\/media?parent=252777"}],"wp:term":[{"taxonomy":"product_brand","embeddable":true,"href":"https:\/\/baldumarket.lt\/lt\/wp-json\/wp\/v2\/product_brand?post=252777"},{"taxonomy":"product_cat","embeddable":true,"href":"https:\/\/baldumarket.lt\/lt\/wp-json\/wp\/v2\/product_cat?post=252777"},{"taxonomy":"product_tag","embeddable":true,"href":"https:\/\/baldumarket.lt\/lt\/wp-json\/wp\/v2\/product_tag?post=252777"}],"curies":[{"name":"wp","href":"https:\/\/api.w.org\/{rel}","templated":true}]}}