{"id":252771,"date":"2026-01-10T22:06:30","date_gmt":"2026-01-10T19:06:30","guid":{"rendered":"https:\/\/baldumarket.lt\/product\/axel-ax03-nadstawka-rtv-l-p\/"},"modified":"2026-02-11T18:31:37","modified_gmt":"2026-02-11T15:31:37","slug":"axel-ax03-nadstawka-rtv-l-p","status":"publish","type":"product","link":"https:\/\/baldumarket.lt\/lt\/product\/axel-ax03-nadstawka-rtv-l-p\/","title":{"rendered":"AXEL AX03 TV prailginimas (K\/D)"},"content":{"rendered":"<p>\u201eAxel AX03\u201c televizoriaus staliukas \u2013 puikus sprendimas norint sukurti visavert\u012f svetain\u0117s dizain\u0105. Sukurtas atsi\u017evelgiant \u012f funkcionalum\u0105 ir estetik\u0105, \u0161is staliukas papildo kitus \u201eAxel\u201c kolekcijos elementus, sukurdamas darni\u0105 ir eleganti\u0161k\u0105 visum\u0105.<\/p>\n<p>Plotis 144,5 cm Gylis 37,5 cm Auk\u0161tis 53 cm Gaminio svoris su pakuote 19,85 kg Stilius Modernus \u012eranga Surinkimo instrukcijos \/ surinkimo priedai Surinkimas Savaranki\u0161kam surinkimui Korpuso spalva Tuja \/ Latte \u0104\u017euolas<\/p>","protected":false},"excerpt":{"rendered":"<p>The Axel AX03 TV stand is the perfect solution for a comprehensive living room setup. Designed with functionality and aesthetics in mind, this stand complements other elements of the Axel collection, creating a cohesive and elegant whole. Width 144.5 cm Depth 37.5 cm Height 53 cm Product weight with packaging 19.85 kg Style Modern Equipment [&hellip;]<\/p>","protected":false},"featured_media":252772,"comment_status":"open","ping_status":"open","template":"","meta":[],"product_brand":[],"product_cat":[9301,2457,1175],"product_tag":[],"class_list":{"0":"post-252771","1":"product","2":"type-product","3":"status-publish","4":"has-post-thumbnail","6":"product_cat-system-mebli-axel-liveo","7":"product_cat-liveo","8":"product_cat-tv-stands","10":"first","11":"instock","12":"purchasable","13":"product-type-simple"},"_links":{"self":[{"href":"https:\/\/baldumarket.lt\/lt\/wp-json\/wp\/v2\/product\/252771","targetHints":{"allow":["GET"]}}],"collection":[{"href":"https:\/\/baldumarket.lt\/lt\/wp-json\/wp\/v2\/product"}],"about":[{"href":"https:\/\/baldumarket.lt\/lt\/wp-json\/wp\/v2\/types\/product"}],"replies":[{"embeddable":true,"href":"https:\/\/baldumarket.lt\/lt\/wp-json\/wp\/v2\/comments?post=252771"}],"wp:featuredmedia":[{"embeddable":true,"href":"https:\/\/baldumarket.lt\/lt\/wp-json\/wp\/v2\/media\/252772"}],"wp:attachment":[{"href":"https:\/\/baldumarket.lt\/lt\/wp-json\/wp\/v2\/media?parent=252771"}],"wp:term":[{"taxonomy":"product_brand","embeddable":true,"href":"https:\/\/baldumarket.lt\/lt\/wp-json\/wp\/v2\/product_brand?post=252771"},{"taxonomy":"product_cat","embeddable":true,"href":"https:\/\/baldumarket.lt\/lt\/wp-json\/wp\/v2\/product_cat?post=252771"},{"taxonomy":"product_tag","embeddable":true,"href":"https:\/\/baldumarket.lt\/lt\/wp-json\/wp\/v2\/product_tag?post=252771"}],"curies":[{"name":"wp","href":"https:\/\/api.w.org\/{rel}","templated":true}]}}