{"id":252765,"date":"2026-01-10T22:06:26","date_gmt":"2026-01-10T19:06:26","guid":{"rendered":"https:\/\/baldumarket.lt\/product\/axel-ax02-rtv\/"},"modified":"2026-02-11T18:31:37","modified_gmt":"2026-02-11T15:31:37","slug":"axel-ax02-rtv","status":"publish","type":"product","link":"https:\/\/baldumarket.lt\/lt\/product\/axel-ax02-rtv\/","title":{"rendered":"AXEL AX02 RTV"},"content":{"rendered":"<p>\u201eAxel AX02 RTV\u201c \u2013 dar vienas eleganti\u0161ko ir prakti\u0161ko sprendimo j\u016bs\u0173 svetainei pavyzdys. Kaip ir AX01 modelis, \u0161is televizorius sukurtas atsi\u017evelgiant \u012f modern\u0173 interjero dizain\u0105, pasi\u017eymint\u012f dideliu funkcionalumu. \u201eAxel AX02 RTV\u201c si\u016blo daug vietos elektronikai ir kitai medijos prietaisams laikyti. D\u0117l apgalvoto lentyn\u0173 ir stal\u010di\u0173 i\u0161d\u0117stymo galite lengvai susisteminti erdv\u0119 pagal savo poreikius.<\/p>\n<p>Plotis 144,4 cm Gylis 47,5 cm Auk\u0161tis 55,2 cm Gaminio svoris su pakuote 48,15 kg Stilius Modernus \u012eranga Surinkimo instrukcijos \/ surinkimo priedai Surinkimas Savaranki\u0161kam surinkimui Korpuso spalva Tuja \/ \u0105\u017euolo latte Priekin\u0117s dalies spalva Jazmin\u0173 blizgi<\/p>","protected":false},"excerpt":{"rendered":"<p>\u201eAxel AX02 RTV\u201c \u2013 dar vienas eleganti\u0161ko ir prakti\u0161ko sprendimo j\u016bs\u0173 svetainei pavyzdys. Kaip ir AX01 modelis, \u0161is televizorius sukurtas atsi\u017evelgiant \u012f modern\u0173 interjero dizain\u0105, pasi\u017eymint\u012f dideliu funkcionalumu. \u201eAxel AX02 RTV\u201c si\u016blo daug vietos elektronikai ir kitai laikmenai laikyti. D\u0117l apgalvoto i\u0161d\u0117stymo [\u2026]<\/p>","protected":false},"featured_media":252759,"comment_status":"open","ping_status":"open","template":"","meta":[],"product_brand":[],"product_cat":[9301,2457,1175],"product_tag":[],"class_list":{"0":"post-252765","1":"product","2":"type-product","3":"status-publish","4":"has-post-thumbnail","6":"product_cat-system-mebli-axel-liveo","7":"product_cat-liveo","8":"product_cat-tv-stands","10":"first","11":"instock","12":"purchasable","13":"product-type-simple"},"_links":{"self":[{"href":"https:\/\/baldumarket.lt\/lt\/wp-json\/wp\/v2\/product\/252765","targetHints":{"allow":["GET"]}}],"collection":[{"href":"https:\/\/baldumarket.lt\/lt\/wp-json\/wp\/v2\/product"}],"about":[{"href":"https:\/\/baldumarket.lt\/lt\/wp-json\/wp\/v2\/types\/product"}],"replies":[{"embeddable":true,"href":"https:\/\/baldumarket.lt\/lt\/wp-json\/wp\/v2\/comments?post=252765"}],"wp:featuredmedia":[{"embeddable":true,"href":"https:\/\/baldumarket.lt\/lt\/wp-json\/wp\/v2\/media\/252759"}],"wp:attachment":[{"href":"https:\/\/baldumarket.lt\/lt\/wp-json\/wp\/v2\/media?parent=252765"}],"wp:term":[{"taxonomy":"product_brand","embeddable":true,"href":"https:\/\/baldumarket.lt\/lt\/wp-json\/wp\/v2\/product_brand?post=252765"},{"taxonomy":"product_cat","embeddable":true,"href":"https:\/\/baldumarket.lt\/lt\/wp-json\/wp\/v2\/product_cat?post=252765"},{"taxonomy":"product_tag","embeddable":true,"href":"https:\/\/baldumarket.lt\/lt\/wp-json\/wp\/v2\/product_tag?post=252765"}],"curies":[{"name":"wp","href":"https:\/\/api.w.org\/{rel}","templated":true}]}}