{"id":252757,"date":"2026-01-10T22:06:22","date_gmt":"2026-01-10T19:06:22","guid":{"rendered":"https:\/\/baldumarket.lt\/product\/axel-ax01-rtv\/"},"modified":"2026-02-11T18:31:37","modified_gmt":"2026-02-11T15:31:37","slug":"axel-ax01-rtv","status":"publish","type":"product","link":"https:\/\/baldumarket.lt\/lt\/product\/axel-ax01-rtv\/","title":{"rendered":"AXEL AX01 RTV"},"content":{"rendered":"<p>\u201eAxel AX01 RTV\u201c \u2013 eleganti\u0161kas ir funkcionalus sprendimas j\u016bs\u0173 svetainei. Korpusas, pagamintas i\u0161 patvarios laminuotos plok\u0161t\u0117s \u201eThuja Oak Latte\u201c spalvos, suteikia baldams nat\u016brali\u0105, \u0161ilt\u0105 i\u0161vaizd\u0105, kuri dera prie \u012fvairi\u0173 interjer\u0173. Blizg\u016bs jazmin\u0173 fasadai suteikia baldams elegancijos ir patraukia ak\u012f. Tvirta konstrukcija ir auk\u0161tos kokyb\u0117s med\u017eiagos garantuoja bald\u0173 ilgaam\u017ei\u0161kum\u0105 ir tvirtum\u0105, u\u017etikrindamos, kad jie tarnaus jums ilgus metus.<\/p>\n<p>Plotis 190,5 cm Gylis 47 cm Auk\u0161tis 38,2 cm Gaminio svoris su pakuote 45,20 kg Stilius Modernus \u012eranga Surinkimo instrukcijos \/ surinkimo priedai Surinkimas Savaranki\u0161kam surinkimui Korpuso spalva Tuja \/ \u0105\u017euolo latte Priekin\u0117s dalies spalva Jazmin\u0173 blizgi<\/p>","protected":false},"excerpt":{"rendered":"<p>The Axel AX01 RTV is an elegant and functional solution for your living room. The body, made of durable laminated board in a Thuja Oak Latte color, gives the furniture a natural, warm look that complements a variety of interiors. High-gloss jasmine fronts add elegance and make the furniture eye-catching. The solid construction and high-quality [&hellip;]<\/p>","protected":false},"featured_media":252758,"comment_status":"open","ping_status":"open","template":"","meta":[],"product_brand":[],"product_cat":[9301,2457,1175],"product_tag":[],"class_list":{"0":"post-252757","1":"product","2":"type-product","3":"status-publish","4":"has-post-thumbnail","6":"product_cat-system-mebli-axel-liveo","7":"product_cat-liveo","8":"product_cat-tv-stands","10":"first","11":"instock","12":"purchasable","13":"product-type-simple"},"_links":{"self":[{"href":"https:\/\/baldumarket.lt\/lt\/wp-json\/wp\/v2\/product\/252757","targetHints":{"allow":["GET"]}}],"collection":[{"href":"https:\/\/baldumarket.lt\/lt\/wp-json\/wp\/v2\/product"}],"about":[{"href":"https:\/\/baldumarket.lt\/lt\/wp-json\/wp\/v2\/types\/product"}],"replies":[{"embeddable":true,"href":"https:\/\/baldumarket.lt\/lt\/wp-json\/wp\/v2\/comments?post=252757"}],"wp:featuredmedia":[{"embeddable":true,"href":"https:\/\/baldumarket.lt\/lt\/wp-json\/wp\/v2\/media\/252758"}],"wp:attachment":[{"href":"https:\/\/baldumarket.lt\/lt\/wp-json\/wp\/v2\/media?parent=252757"}],"wp:term":[{"taxonomy":"product_brand","embeddable":true,"href":"https:\/\/baldumarket.lt\/lt\/wp-json\/wp\/v2\/product_brand?post=252757"},{"taxonomy":"product_cat","embeddable":true,"href":"https:\/\/baldumarket.lt\/lt\/wp-json\/wp\/v2\/product_cat?post=252757"},{"taxonomy":"product_tag","embeddable":true,"href":"https:\/\/baldumarket.lt\/lt\/wp-json\/wp\/v2\/product_tag?post=252757"}],"curies":[{"name":"wp","href":"https:\/\/api.w.org\/{rel}","templated":true}]}}