{"id":252749,"date":"2026-01-10T22:06:19","date_gmt":"2026-01-10T19:06:19","guid":{"rendered":"https:\/\/baldumarket.lt\/product\/ate-at16-szafka-nocna\/"},"modified":"2026-02-11T18:31:37","modified_gmt":"2026-02-11T15:31:37","slug":"ate-at16-szafka-nocna","status":"publish","type":"product","link":"https:\/\/baldumarket.lt\/lt\/product\/ate-at16-szafka-nocna\/","title":{"rendered":"ATE AT16 naktin\u0117 spintel\u0117"},"content":{"rendered":"<p>Naktinis staliukas ATE AT16 puikiai tiks bet kuriame miegamajame. Jis turi patog\u0173 stal\u010di\u0173 ir atvir\u0105 lentyn\u0105. Ant vir\u0161aus galima pad\u0117ti lemp\u0105, vandens buteliuk\u0105 ar telefon\u0105. ATE kolekcija pasi\u017eymi madinga akmens \u0105\u017euolo spalva, kuri kartu su juodais akcentais sukuria kontrasting\u0105 efekt\u0105, patraukiant\u012f d\u0117mes\u012f ir suteikiant\u012f kambariui elegancijos. Spintel\u0117 atsidaro naudojant specialiai i\u0161lenktus griovelius priekyje. \u0160is naktinis staliukas idealiai tinka naudoti su kitais ATE serijos baldais arba kaip atskiras baldas, prisitaikantis prie j\u016bs\u0173 kambario interjero.<\/p>\n<p>Plotis 50 cm Gylis 39 cm Auk\u0161tis 55 cm Produkto svoris su pakuote 17,70 kg Gamintojo kodas \/ simbolis AT16 Kolekcijos pavadinimas ATE Pavadinimas b2b sistemoje ATE AT16 AKMENINIO \u0104\u017dUOLO\/JUODOS NAKTIN\u0116S SPINTEL\u0116S KOMPLEKTAS Produkto pakuo\u010di\u0173 skai\u010dius 2 Stilius Moderni \u012franga Surinkimo instrukcijos \/ surinkimo priedai Surinkimas Savaranki\u0161kam surinkimui Korpuso spalva Akmens \u0105\u017euolas \/ Juoda Korpuso apdailos med\u017eiaga \/ tipas \/ storis 16 mm baldin\u0117 plok\u0161t\u0117 Korpuso vir\u0161utin\u0117s dalies apdaila \/ med\u017eiaga \/ tipas \/ storis 32 mm baldin\u0117 plok\u0161t\u0117 Korpuso apatin\u0117s dalies apdaila \/ med\u017eiaga \/ tipas \/ storis 16 mm baldin\u0117 plok\u0161t\u0117 Korpuso pagrindo apdaila \/ med\u017eiaga \/ tipas \/ storis 16 mm baldin\u0117 plok\u0161t\u0117 Galin\u0117s sienel\u0117s apdailos med\u017eiaga \/ tipas \/ storis 2,5 mm HDF baldin\u0117 plok\u0161t\u0117 Galin\u0117s sienel\u0117s matomos dalies spalva Juoda Priekin\u0117 spalva Akmens \u0105\u017euolas Priekin\u0117s apdailos med\u017eiaga \/ tipas \/ storis 16 mm baldin\u0117 plok\u0161t\u0117 Priekin\u0117 rankena \/ apdaila \/ spalva Frezuota \/ akmens \u0105\u017euolas Pilno i\u0161traukimo stal\u010di\u0173 b\u0117geliai Kojel\u0117 \/ apdaila \/ spalva Nereguliuojama \/ plastikin\u0117 \/ juoda Kojel\u0117s auk\u0161tis 120 mm Stal\u010di\u0173 skai\u010dius 1 Atvir\u0173 ni\u0161\u0173 skai\u010dius 1<\/p>","protected":false},"excerpt":{"rendered":"<p>ATE AT16 naktinis staliukas puikiai tiks bet kuriame miegamajame. Jis turi patog\u0173 stal\u010di\u0173 ir atvir\u0105 lentyn\u0105. Ant stalvir\u0161io galima pasid\u0117ti lemp\u0105, vandens buteliuk\u0105 ar telefon\u0105. ATE kolekcija pasi\u017eymi madinga akmens \u0105\u017euolo spalva, kuri kartu su juodais akcentais sukuria kontrasting\u0105 efekt\u0105, traukiant\u012f d\u0117mes\u012f [\u2026]<\/p>","protected":false},"featured_media":252750,"comment_status":"open","ping_status":"open","template":"","meta":[],"product_brand":[],"product_cat":[9300,1176,2457],"product_tag":[],"class_list":{"0":"post-252749","1":"product","2":"type-product","3":"status-publish","4":"has-post-thumbnail","6":"product_cat-system-mebli-ate-liveo","7":"product_cat-bedside-tables","8":"product_cat-liveo","10":"first","11":"instock","12":"purchasable","13":"product-type-simple"},"_links":{"self":[{"href":"https:\/\/baldumarket.lt\/lt\/wp-json\/wp\/v2\/product\/252749","targetHints":{"allow":["GET"]}}],"collection":[{"href":"https:\/\/baldumarket.lt\/lt\/wp-json\/wp\/v2\/product"}],"about":[{"href":"https:\/\/baldumarket.lt\/lt\/wp-json\/wp\/v2\/types\/product"}],"replies":[{"embeddable":true,"href":"https:\/\/baldumarket.lt\/lt\/wp-json\/wp\/v2\/comments?post=252749"}],"wp:featuredmedia":[{"embeddable":true,"href":"https:\/\/baldumarket.lt\/lt\/wp-json\/wp\/v2\/media\/252750"}],"wp:attachment":[{"href":"https:\/\/baldumarket.lt\/lt\/wp-json\/wp\/v2\/media?parent=252749"}],"wp:term":[{"taxonomy":"product_brand","embeddable":true,"href":"https:\/\/baldumarket.lt\/lt\/wp-json\/wp\/v2\/product_brand?post=252749"},{"taxonomy":"product_cat","embeddable":true,"href":"https:\/\/baldumarket.lt\/lt\/wp-json\/wp\/v2\/product_cat?post=252749"},{"taxonomy":"product_tag","embeddable":true,"href":"https:\/\/baldumarket.lt\/lt\/wp-json\/wp\/v2\/product_tag?post=252749"}],"curies":[{"name":"wp","href":"https:\/\/api.w.org\/{rel}","templated":true}]}}