{"id":25274,"date":"2025-11-14T16:39:07","date_gmt":"2025-11-14T13:39:07","guid":{"rendered":"https:\/\/baldumarket.lt\/product\/quadratta-240x180\/"},"modified":"2026-03-24T16:39:57","modified_gmt":"2026-03-24T13:39:57","slug":"quadratta-240x180","status":"publish","type":"product","link":"https:\/\/baldumarket.lt\/lt\/product\/quadratta-240x180\/","title":{"rendered":"Keturkampis 240\u00d7180"},"content":{"rendered":"<p>\u201eQuadratta 240\u00d7180\u201c komplekt\u0105 sudaro 24 plok\u0161t\u0117s (12 vnt. po 40\u00d740 cm, 12 vnt. po 50\u00d740 cm). \u201eQuadratta\u201c sienel\u0117s pagrindas pagamintas i\u0161 MDF plok\u0161t\u0117s. \u0160is komponentas pasi\u017eymi lengvumu, tod\u0117l neapsunkina sienos, ir dideliu patvarumu, kuris apsaugo nuo mechanini\u0173 pa\u017eeidim\u0173. \u0160is pagrindas padengtas 3 cm storio T21 put\u0173 sluoksniu. Med\u017eiaga maloni liesti ir lanksti, tod\u0117l idealiai tinka lovos galv\u016bgaliui arba \u0161oninei plok\u0161tei. Jos pavir\u0161ius \u0161velniai prilaiko nugar\u0105, u\u017etikrindamas komfort\u0105 ir saugum\u0105 s\u0117dint. \u201eQuadratta\u201c apmu\u0161tos plok\u0161t\u0117s yra aptrauktos stilingu, \u012f zom\u0161\u0105 pana\u0161iu audiniu. J\u0173 pavir\u0161ius yra itin malonus liesti ir atsparus trin\u010diai bei trin\u010diai. Be to, visa plok\u0161t\u0117 pagaminta naudojant hidrofobin\u0119 technologij\u0105. Apmu\u0161t\u0173 plok\u0161\u010di\u0173 montavimas yra itin paprastas ir nereikalauja profesionalios \u012frangos. Jos puikiai dera su kitais \u201eQuadratta\u201c kolekcijos elementais. Kiekvien\u0105 plok\u0161t\u0119 galima \u012fsigyti kaip komplekt\u0105 arba atskirai.<\/p>","protected":false},"excerpt":{"rendered":"<p>\u201eQuadratta 240\u00d7180\u201c komplekt\u0105 sudaro 24 plok\u0161t\u0117s (12 40\u00d740 cm, 12 50\u00d740 cm). \u201eQuadratta\u201c sienos plok\u0161t\u0117s pagrindas pagamintas i\u0161 MDF plok\u0161t\u0117s. \u0160is komponentas pasi\u017eymi lengvumu, tod\u0117l neapsunkina sienos, ir dideliu patvarumu, apsaugan\u010diu nuo mechanini\u0173 pa\u017eeidim\u0173. \u0160is pagrindas padengtas 3 cm storio [\u2026]<\/p>","protected":false},"featured_media":25275,"comment_status":"open","ping_status":"open","template":"","meta":[],"product_brand":[],"product_cat":[2012,1137],"product_tag":[],"class_list":{"0":"post-25274","1":"product","2":"type-product","3":"status-publish","4":"has-post-thumbnail","6":"product_cat-eltap","7":"product_cat-upholstered-panels","9":"first","10":"instock","11":"purchasable","12":"product-type-variable","13":"wvs-archive-product-wrapper"},"_links":{"self":[{"href":"https:\/\/baldumarket.lt\/lt\/wp-json\/wp\/v2\/product\/25274","targetHints":{"allow":["GET"]}}],"collection":[{"href":"https:\/\/baldumarket.lt\/lt\/wp-json\/wp\/v2\/product"}],"about":[{"href":"https:\/\/baldumarket.lt\/lt\/wp-json\/wp\/v2\/types\/product"}],"replies":[{"embeddable":true,"href":"https:\/\/baldumarket.lt\/lt\/wp-json\/wp\/v2\/comments?post=25274"}],"wp:featuredmedia":[{"embeddable":true,"href":"https:\/\/baldumarket.lt\/lt\/wp-json\/wp\/v2\/media\/25275"}],"wp:attachment":[{"href":"https:\/\/baldumarket.lt\/lt\/wp-json\/wp\/v2\/media?parent=25274"}],"wp:term":[{"taxonomy":"product_brand","embeddable":true,"href":"https:\/\/baldumarket.lt\/lt\/wp-json\/wp\/v2\/product_brand?post=25274"},{"taxonomy":"product_cat","embeddable":true,"href":"https:\/\/baldumarket.lt\/lt\/wp-json\/wp\/v2\/product_cat?post=25274"},{"taxonomy":"product_tag","embeddable":true,"href":"https:\/\/baldumarket.lt\/lt\/wp-json\/wp\/v2\/product_tag?post=25274"}],"curies":[{"name":"wp","href":"https:\/\/api.w.org\/{rel}","templated":true}]}}