{"id":252723,"date":"2026-01-10T22:06:05","date_gmt":"2026-01-10T19:06:05","guid":{"rendered":"https:\/\/baldumarket.lt\/product\/ate-at15-160-loze-bez-pojemnika-na-posciel\/"},"modified":"2026-02-11T18:31:37","modified_gmt":"2026-02-11T15:31:37","slug":"ate-at15-160-loze-bez-pojemnika-na-posciel","status":"publish","type":"product","link":"https:\/\/baldumarket.lt\/lt\/product\/ate-at15-160-loze-bez-pojemnika-na-posciel\/","title":{"rendered":"ATE AT15\/160 LOVA BE PATALYN\u0116S D\u0116\u017d\u0116S"},"content":{"rendered":"<p>Lova be vietos daiktams ATE AT15 \u2013 idealus miegamojo pasirinkimas tiems, kurie m\u0117gsta klasikin\u012f ir jauk\u0173 interjer\u0105. Jos paprastumas i\u0161siskiria i\u0161 kit\u0173, ta\u010diau kartu suteikia miegamajam elegancijos ir rafinuotumo. Tvirta lovos konstrukcija u\u017etikrina patogi\u0105 miegojimo erdv\u0119, o apmu\u0161tas galv\u016bgalis pats savaime yra dekoratyvinis elementas, pabr\u0117\u017eiantis lovos form\u0105. Lova yra keturi\u0173 dyd\u017ei\u0173: 120 cm, 140 cm, 160 cm ir 180 cm. Ji puikiai dera su kitais ATE serijos baldais arba gali b\u016bti naudojama kaip atskiras baldas, prisitaikantis prie j\u016bs\u0173 kambario interjero.<\/p>\n<p>Plotis 168 cm Ilgis 220 cm Auk\u0161tis 106 cm Miegamoji erdv\u0117 160 cm x 200 cm Produkto svoris su pakuote 76,65 kg Gamintojo kodas \/ simbolis AT15\/160 Kolekcijos pavadinimas ATE Pavadinimas b2b sistemoje ATE AT15\/160 AKMENIN\u0116 \u0104\u017dUOLO\/JUODA LOVA 160 Produkto pakuo\u010di\u0173 skai\u010dius 4 Stilius Modernus \u012eranga Surinkimo instrukcijos \/ surinkimo priedai Surinkimas Savaranki\u0161kam surinkimui Spalva Akmens \u0105\u017euolas \/ Juoda Vir\u0161utin\u0117s dalies med\u017eiaga \/ tipas \/ storis Bald\u0173 lenta (2 x 16) 32 mm, apmu\u0161tas elementas Bald\u0173 lenta 16 mm Kair\u0117s ir de\u0161in\u0117s pus\u0117s med\u017eiaga \/ tipas \/ storis Bald\u0173 lenta (2 x 16) 32 mm Apatin\u0117s dalies med\u017eiaga \/ tipas \/ storis Bald\u0173 lenta (2 x 16) 32 mm Pagrindo med\u017eiaga \/ tipas \/ storis Bald\u0173 lenta 16 mm Kojel\u0117 \/ apdaila \/ spalva Nereguliuojama \/ plastikin\u0117 \/ juoda Kojel\u0117s auk\u0161tis 120 mm Papildoma koja \/ apdaila \/ spalva Reguliuojama vidurin\u0117 \/ plastikin\u0117 \/ juoda Korpuso \u012franga Standartinis apmu\u0161tas galv\u016bgalio panelis i\u0161 juodo audinio Audinio pavadinimas \/ numeris Amor \/ 4322<\/p>","protected":false},"excerpt":{"rendered":"<p>ATE AT15 lova be vietos daiktams \u2013 idealus miegamojo variantas tiems, kurie m\u0117gsta klasikin\u012f ir jauk\u0173 i\u0161d\u0117stym\u0105. J\u0105 i\u0161skiria paprastumas, tuo pa\u010diu suteikiantis miegamajam elegancijos ir rafinuotumo. Tvirta lovos konstrukcija u\u017etikrina patogi\u0105 miegojimo erdv\u0119, o apmu\u0161tas galv\u016bgalis pats savaime tarnauja kaip dekoratyvinis elementas, [\u2026]<\/p>","protected":false},"featured_media":252724,"comment_status":"open","ping_status":"open","template":"","meta":[],"product_brand":[],"product_cat":[9300,505,2457],"product_tag":[],"class_list":{"0":"post-252723","1":"product","2":"type-product","3":"status-publish","4":"has-post-thumbnail","6":"product_cat-system-mebli-ate-liveo","7":"product_cat-bedroom-beds","8":"product_cat-liveo","10":"first","11":"instock","12":"purchasable","13":"product-type-simple"},"_links":{"self":[{"href":"https:\/\/baldumarket.lt\/lt\/wp-json\/wp\/v2\/product\/252723","targetHints":{"allow":["GET"]}}],"collection":[{"href":"https:\/\/baldumarket.lt\/lt\/wp-json\/wp\/v2\/product"}],"about":[{"href":"https:\/\/baldumarket.lt\/lt\/wp-json\/wp\/v2\/types\/product"}],"replies":[{"embeddable":true,"href":"https:\/\/baldumarket.lt\/lt\/wp-json\/wp\/v2\/comments?post=252723"}],"wp:featuredmedia":[{"embeddable":true,"href":"https:\/\/baldumarket.lt\/lt\/wp-json\/wp\/v2\/media\/252724"}],"wp:attachment":[{"href":"https:\/\/baldumarket.lt\/lt\/wp-json\/wp\/v2\/media?parent=252723"}],"wp:term":[{"taxonomy":"product_brand","embeddable":true,"href":"https:\/\/baldumarket.lt\/lt\/wp-json\/wp\/v2\/product_brand?post=252723"},{"taxonomy":"product_cat","embeddable":true,"href":"https:\/\/baldumarket.lt\/lt\/wp-json\/wp\/v2\/product_cat?post=252723"},{"taxonomy":"product_tag","embeddable":true,"href":"https:\/\/baldumarket.lt\/lt\/wp-json\/wp\/v2\/product_tag?post=252723"}],"curies":[{"name":"wp","href":"https:\/\/api.w.org\/{rel}","templated":true}]}}