{"id":252715,"date":"2026-01-10T22:06:01","date_gmt":"2026-01-10T19:06:01","guid":{"rendered":"https:\/\/baldumarket.lt\/product\/ate-at15-140-s-p-loze-z-pojemnikiem-na-posciel\/"},"modified":"2026-02-11T18:31:38","modified_gmt":"2026-02-11T15:31:38","slug":"ate-at15-140-s-p-loze-z-pojemnikiem-na-posciel","status":"publish","type":"product","link":"https:\/\/baldumarket.lt\/lt\/product\/ate-at15-140-s-p-loze-z-pojemnikiem-na-posciel\/","title":{"rendered":"ATE AT15\/140 SP Lova su patalyn\u0117s d\u0117\u017ee"},"content":{"rendered":"<p>Lova ATE AT15 su daiktad\u0117\u017ee \u2013 puikus pasirinkimas j\u016bs\u0173 miegamajam, m\u0117gstantiems klasikin\u012f ir jauk\u0173 i\u0161d\u0117stym\u0105. Tvirta lovos konstrukcija u\u017etikrina patogi\u0105 miegojimo erdv\u0119, o apmu\u0161tas galv\u016bgalis yra dekoratyvinis elementas, pagerinantis bendr\u0105 dizain\u0105. Svarbiausias lovos bruo\u017eas \u2013 \u012fmontuota patalyn\u0117s daiktad\u0117\u017e\u0117 su metaliniu r\u0117mu ir medin\u0117mis \u010diu\u017einio grotel\u0117mis. \u010ciu\u017einys \u012f komplekt\u0105 ne\u012feina ir gali b\u016bti \u012fsigyjamas atskirai. Lova yra keturi\u0173 dyd\u017ei\u0173: 120 cm, 140 cm, 160 cm ir 180 cm. Ji idealiai tinka naudoti su kitais ATE serijos baldais arba kaip atskiras baldas, leid\u017eiantis pritaikyti savo kambario dizain\u0105.<\/p>\n<p>Plotis 148 cm Ilgis 220 cm Auk\u0161tis 106 cm Miegamoji erdv\u0117 140 cm x 200 cm Produkto svoris su pakuote 116,85 kg Gamintojo kodas \/ simbolis AT15\/140 SP Kolekcijos pavadinimas ATE Pavadinimas b2b sistemoje ATE AT15\/140 AKMENIN\u0116 \u0104\u017dUOLO\/JUODA LOVA 140 su talpa Produkto pakuo\u010di\u0173 skai\u010dius 7 Stilius Moderni \u012franga Surinkimo instrukcijos \/ surinkimo priedai Surinkimas Savaranki\u0161kam surinkimui Spalva Akmens \u0105\u017euolas \/ Juoda Vir\u0161utin\u0117s dalies med\u017eiaga \/ tipas \/ storis Bald\u0173 lenta (2 x 16) 32 mm, apmu\u0161tas elementas Bald\u0173 lenta 16 mm Kair\u0117s ir de\u0161in\u0117s pus\u0117s med\u017eiaga \/ tipas \/ storis Bald\u0173 lenta (2 x 16) 32 mm Apatin\u0117s dalies med\u017eiaga \/ tipas \/ storis Bald\u0173 lenta (2 x 16) 32 mm Pagrindo med\u017eiaga \/ tipas \/ storis Bald\u0173 lenta 16 mm Kojel\u0117 \/ med\u017eiaga \/ spalva Nereguliuojama \/ plastikin\u0117 \/ juoda Kojel\u0117s auk\u0161tis 120 mm Papildoma koja \/ med\u017eiaga \/ spalva Reguliuojama vidurin\u0117 dalis \/ plastikin\u0117 \/ juoda R\u0117mas Standartinis R\u0117mo med\u017eiaga: Metalinis r\u0117mas \/ medin\u0117s lentjuost\u0117s R\u0117mas: lentjuos\u010di\u0173 skai\u010dius: 48 Patalyn\u0117s d\u0117\u017e\u0117: Standartin\u0117 Konteinerio tipas: vidin\u0117 lovoje U\u017edar\u0173 ni\u0161\u0173 skai\u010dius: 2 K\u0117bulo \u012franga: Standartin\u0117 aptraukta juodu audiniu galv\u016bgalio plok\u0161t\u0117 Pavadinimas \/ audinio numeris: Amor \/ 4322<\/p>","protected":false},"excerpt":{"rendered":"<p>The ATE AT15 bed with storage is the perfect choice for your bedroom, perfect for those who love classic and cozy arrangements. The bed&#8217;s solid construction allows for a comfortable sleeping space, while the upholstered headboard itself serves as a decorative element that enhances the overall design. A key feature of the bed is its [&hellip;]<\/p>","protected":false},"featured_media":252716,"comment_status":"open","ping_status":"open","template":"","meta":[],"product_brand":[],"product_cat":[9300,505,2457],"product_tag":[],"class_list":{"0":"post-252715","1":"product","2":"type-product","3":"status-publish","4":"has-post-thumbnail","6":"product_cat-system-mebli-ate-liveo","7":"product_cat-bedroom-beds","8":"product_cat-liveo","10":"first","11":"instock","12":"purchasable","13":"product-type-simple"},"_links":{"self":[{"href":"https:\/\/baldumarket.lt\/lt\/wp-json\/wp\/v2\/product\/252715","targetHints":{"allow":["GET"]}}],"collection":[{"href":"https:\/\/baldumarket.lt\/lt\/wp-json\/wp\/v2\/product"}],"about":[{"href":"https:\/\/baldumarket.lt\/lt\/wp-json\/wp\/v2\/types\/product"}],"replies":[{"embeddable":true,"href":"https:\/\/baldumarket.lt\/lt\/wp-json\/wp\/v2\/comments?post=252715"}],"wp:featuredmedia":[{"embeddable":true,"href":"https:\/\/baldumarket.lt\/lt\/wp-json\/wp\/v2\/media\/252716"}],"wp:attachment":[{"href":"https:\/\/baldumarket.lt\/lt\/wp-json\/wp\/v2\/media?parent=252715"}],"wp:term":[{"taxonomy":"product_brand","embeddable":true,"href":"https:\/\/baldumarket.lt\/lt\/wp-json\/wp\/v2\/product_brand?post=252715"},{"taxonomy":"product_cat","embeddable":true,"href":"https:\/\/baldumarket.lt\/lt\/wp-json\/wp\/v2\/product_cat?post=252715"},{"taxonomy":"product_tag","embeddable":true,"href":"https:\/\/baldumarket.lt\/lt\/wp-json\/wp\/v2\/product_tag?post=252715"}],"curies":[{"name":"wp","href":"https:\/\/api.w.org\/{rel}","templated":true}]}}