{"id":252687,"date":"2026-01-10T22:05:47","date_gmt":"2026-01-10T19:05:47","guid":{"rendered":"https:\/\/baldumarket.lt\/product\/ate-at13-szafa\/"},"modified":"2026-02-11T18:31:38","modified_gmt":"2026-02-11T15:31:38","slug":"ate-at13-szafa","status":"publish","type":"product","link":"https:\/\/baldumarket.lt\/lt\/product\/ate-at13-szafa\/","title":{"rendered":"ATE AT13 DRABU\u017dIN\u0116"},"content":{"rendered":"<p>Spinta ATE AT13 puikiai tiks bet kuriame miegamajame, persirengimo kambaryje ar prie\u0161kambaryje. Joje yra trys b\u0117geliai kasdieniams drabu\u017eiams susid\u0117ti, o keturi stal\u010diai skirti aksesuarams ir apatiniams drabu\u017eiams laikyti. Spinta gali b\u016bti komplektuojama su papildomomis ATE AT14 lentynomis, kad b\u016bt\u0173 lengviau sutvarkyti garderob\u0105. ATE kolekcija pasi\u017eymi madinga akmens \u0105\u017euolo spalva, kuri kartu su juodais akcentais sukuria kontrasting\u0105 vaizd\u0105, patraukiant\u012f d\u0117mes\u012f ir suteikiant\u012f kambariui elegancijos. Spinta atsidaro naudojant specialiai i\u0161lenktus griovelius priekiniame kra\u0161te. Spinta idealiai tinka naudoti su kitais ATE serijos baldais arba kaip atskiras baldas, prisitaikantis prie j\u016bs\u0173 kambario interjero dizaino.<\/p>\n<p>Plotis 159,5 cm Gylis 54 cm Auk\u0161tis 205 cm Produkto svoris su pakuote 126,75 kg Gamintojo kodas \/ simbolis AT13 Kolekcijos pavadinimas ATE Pavadinimas b2b sistemoje ATE AT13 AKMENINIO \u0104\u017dUOLO\/JUODOS SPALVOS KOMPLEKTAS Produkt\u0173 pakuo\u010di\u0173 skai\u010dius 4 Stilius Moderni \u012franga Surinkimo instrukcijos \/ surinkimo priedai Surinkimas Savaranki\u0161kam surinkimui Korpuso spalva Akmens \u0105\u017euolas \/ Juoda Korpuso med\u017eiaga \/ tipas \/ storis 16 mm baldin\u0117 lenta Korpuso vir\u0161utin\u0117 dalis \/ tipas \/ storis 32 mm baldin\u0117 lenta Korpuso med\u017eiagos apa\u010dia \/ tipas \/ storis 16 mm baldin\u0117 lenta Korpuso pagrindo dalis \/ tipas \/ storis 16 mm baldin\u0117 lenta Galin\u0117s sienel\u0117s med\u017eiaga \/ tipas \/ storis 2,5 mm HDF baldin\u0117 lenta Galin\u0117s sienel\u0117s matomos dalies spalva Juoda Priekin\u0117s spalvos Akmens \u0105\u017euolas Priekin\u0117s med\u017eiagos \/ tipas \/ storis 16 mm baldin\u0117 lenta Priekinis vyris \u2300 35 mm, reguliuojamas trijose plok\u0161tumose Priekin\u0117 rankena \/ apdaila \/ spalva Frezuota \/ akmens \u0105\u017euolas \u0160velniai u\u017esidaranti dur\u0173 sistema Standarti\u0161kai Pilnai i\u0161traukiami stal\u010di\u0173 b\u0117geliai Kojel\u0117 \/ apdaila \/ spalva Nereguliuojama \/ plastikin\u0117 \/ juoda Kojel\u0117s auk\u0161tis 120 mm Papildoma koja \/ apdaila \/ spalva Reguliuojamas vidurys \/ plastikas \/ juodas Dureli\u0173 skai\u010dius 3 Stal\u010di\u0173 skai\u010dius 4 U\u017edar\u0173 ni\u0161\u0173 skai\u010dius Standarti\u0161kai 2 \/ i\u0161ple\u010diama iki 6 Korpuso \u012franga Standarti\u0161kai 3 pakabos<\/p>","protected":false},"excerpt":{"rendered":"<p>Drabu\u017ein\u0117 ATE AT13 puikiai tiks bet kuriame miegamajame, persirengimo kambaryje ar prie\u0161kambaryje. Joje yra trys skersiniai kasdieniams drabu\u017eiams susid\u0117ti, o keturi stal\u010diai \u2013 aksesuarams ir apatiniams drabu\u017eiams. Drabu\u017ein\u0119 galima komplektuoti su papildomomis ATE AT14 lentynomis, kad b\u016bt\u0173 lengviau susitvarkyti garderob\u0105. ATE kolekcijoje yra madingas [\u2026]<\/p>","protected":false},"featured_media":252688,"comment_status":"open","ping_status":"open","template":"","meta":[],"product_brand":[],"product_cat":[9300,2457,1177],"product_tag":[],"class_list":{"0":"post-252687","1":"product","2":"type-product","3":"status-publish","4":"has-post-thumbnail","6":"product_cat-furniture-system-ate-liveo","7":"product_cat-liveo","8":"product_cat-wardrobes","10":"first","11":"instock","12":"purchasable","13":"product-type-simple"},"_links":{"self":[{"href":"https:\/\/baldumarket.lt\/lt\/wp-json\/wp\/v2\/product\/252687","targetHints":{"allow":["GET"]}}],"collection":[{"href":"https:\/\/baldumarket.lt\/lt\/wp-json\/wp\/v2\/product"}],"about":[{"href":"https:\/\/baldumarket.lt\/lt\/wp-json\/wp\/v2\/types\/product"}],"replies":[{"embeddable":true,"href":"https:\/\/baldumarket.lt\/lt\/wp-json\/wp\/v2\/comments?post=252687"}],"wp:featuredmedia":[{"embeddable":true,"href":"https:\/\/baldumarket.lt\/lt\/wp-json\/wp\/v2\/media\/252688"}],"wp:attachment":[{"href":"https:\/\/baldumarket.lt\/lt\/wp-json\/wp\/v2\/media?parent=252687"}],"wp:term":[{"taxonomy":"product_brand","embeddable":true,"href":"https:\/\/baldumarket.lt\/lt\/wp-json\/wp\/v2\/product_brand?post=252687"},{"taxonomy":"product_cat","embeddable":true,"href":"https:\/\/baldumarket.lt\/lt\/wp-json\/wp\/v2\/product_cat?post=252687"},{"taxonomy":"product_tag","embeddable":true,"href":"https:\/\/baldumarket.lt\/lt\/wp-json\/wp\/v2\/product_tag?post=252687"}],"curies":[{"name":"wp","href":"https:\/\/api.w.org\/{rel}","templated":true}]}}