{"id":252681,"date":"2026-01-10T22:05:44","date_gmt":"2026-01-10T19:05:44","guid":{"rendered":"https:\/\/baldumarket.lt\/product\/ate-at11-szafa\/"},"modified":"2026-02-11T18:31:38","modified_gmt":"2026-02-11T15:31:38","slug":"ate-at11-szafa","status":"publish","type":"product","link":"https:\/\/baldumarket.lt\/lt\/product\/ate-at11-szafa\/","title":{"rendered":"ATE AT11 DRABU\u017dIN\u0116"},"content":{"rendered":"<p>Spinta ATE AT11 puikiai tiks bet kuriame miegamajame, persirengimo kambaryje, prie\u0161kambaryje ar net biure. Joje yra trys b\u0117geliai kasdieniams drabu\u017eiams susid\u0117ti, o du erdv\u016bs stal\u010diai skirti aksesuarams ir apatiniams drabu\u017eiams susid\u0117ti. Spinta gali b\u016bti apr\u016bpinta papildomomis ATE AT12 lentynomis, kad b\u016bt\u0173 lengviau sutvarkyti garderob\u0105. ATE kolekcija pasi\u017eymi madinga akmens \u0105\u017euolo spalva, kuri kartu su juodais akcentais sukuria kontrasting\u0105 vaizd\u0105, patraukiant\u012f d\u0117mes\u012f ir suteikiant\u012f kambariui elegancijos. Spinta atsidaro naudojant specialiai i\u0161lenktus griovelius priekin\u0117s dalies kra\u0161te. Spinta idealiai tinka derinti su kitais ATE serijos baldais arba naudoti kaip atskir\u0105 bald\u0105, tod\u0117l galite j\u0105 pritaikyti prie savo kambario dizaino.<\/p>\n<p>Plotis 91,5 cm Gylis 54 cm Auk\u0161tis 197 cm Produkto svoris su pakuote 82,80 kg Gamintojo kodas \/ simbolis AT11 Kolekcijos pavadinimas ATE Pavadinimas b2b sistemoje ATE AT11 AKMENINIO \u0104\u017dUOLO\/JUODOS SPALVOS KOMPLEKTAS Produkt\u0173 pakuo\u010di\u0173 skai\u010dius 3 Stilius Moderni \u012franga Surinkimo instrukcijos \/ surinkimo priedai Surinkimas Savaranki\u0161kam surinkimui Korpuso spalva Akmens \u0105\u017euolas \/ Juoda Korpuso med\u017eiaga \/ tipas \/ storis 16 mm baldin\u0117 lenta Korpuso vir\u0161utin\u0117 dalis \/ tipas \/ storis 32 mm baldin\u0117 lenta Korpuso med\u017eiagos apa\u010dia \/ tipas \/ storis 16 mm baldin\u0117 lenta Korpuso pagrindo dalis \/ tipas \/ storis 16 mm baldin\u0117 lenta Galin\u0117s sienel\u0117s med\u017eiaga \/ tipas \/ storis 2,5 mm HDF baldin\u0117 lenta Galin\u0117s sienel\u0117s matomos dalies spalva Juoda Priekin\u0117s spalvos Akmens \u0105\u017euolas Priekin\u0117s med\u017eiagos \/ tipas \/ storis 16 mm baldin\u0117 lenta Priekinis vyris \u2300 35 mm, reguliuojamas trijose plok\u0161tumose Priekin\u0117 rankena \/ apdaila \/ spalva Frezuota \/ akmens \u0105\u017euolas \u0160velnaus u\u017edarymo dur\u0173 sistema Standarti\u0161kai Pilno i\u0161traukimo stal\u010di\u0173 b\u0117geliai Kojel\u0117 \/ apdaila \/ spalva Nereguliuojama \/ plastikin\u0117 \/ juoda Kojel\u0117s auk\u0161tis 120 mm Skai\u010dius Dur\u0173 skai\u010dius 2 Stal\u010di\u0173 skai\u010dius 2 U\u017edar\u0173 ni\u0161\u0173 skai\u010dius Standarti\u0161kai 2 \/ i\u0161ple\u010diama iki 5 Korpuso \u012franga Standarti\u0161kai 3 pakabos<\/p>","protected":false},"excerpt":{"rendered":"<p>Drabu\u017ein\u0117 ATE AT11 puikiai tiks bet kuriame miegamajame, persirengimo kambaryje, prie\u0161kambaryje ar net biure. Joje yra trys skersiniai kasdieniams drabu\u017eiams susid\u0117ti, o du erdv\u016bs stal\u010diai skirti aksesuarams ir apatiniams drabu\u017eiams susid\u0117ti. Drabu\u017ein\u0119 galima komplektuoti su papildomomis ATE AT12 lentynomis, kad b\u016bt\u0173 lengviau susitvarkyti garderob\u0105. ATE kolekcija [\u2026]<\/p>","protected":false},"featured_media":252680,"comment_status":"open","ping_status":"open","template":"","meta":[],"product_brand":[],"product_cat":[9300,2457,1177],"product_tag":[],"class_list":{"0":"post-252681","1":"product","2":"type-product","3":"status-publish","4":"has-post-thumbnail","6":"product_cat-system-mebli-ate-liveo","7":"product_cat-liveo","8":"product_cat-wardrobes","10":"first","11":"instock","12":"purchasable","13":"product-type-simple"},"_links":{"self":[{"href":"https:\/\/baldumarket.lt\/lt\/wp-json\/wp\/v2\/product\/252681","targetHints":{"allow":["GET"]}}],"collection":[{"href":"https:\/\/baldumarket.lt\/lt\/wp-json\/wp\/v2\/product"}],"about":[{"href":"https:\/\/baldumarket.lt\/lt\/wp-json\/wp\/v2\/types\/product"}],"replies":[{"embeddable":true,"href":"https:\/\/baldumarket.lt\/lt\/wp-json\/wp\/v2\/comments?post=252681"}],"wp:featuredmedia":[{"embeddable":true,"href":"https:\/\/baldumarket.lt\/lt\/wp-json\/wp\/v2\/media\/252680"}],"wp:attachment":[{"href":"https:\/\/baldumarket.lt\/lt\/wp-json\/wp\/v2\/media?parent=252681"}],"wp:term":[{"taxonomy":"product_brand","embeddable":true,"href":"https:\/\/baldumarket.lt\/lt\/wp-json\/wp\/v2\/product_brand?post=252681"},{"taxonomy":"product_cat","embeddable":true,"href":"https:\/\/baldumarket.lt\/lt\/wp-json\/wp\/v2\/product_cat?post=252681"},{"taxonomy":"product_tag","embeddable":true,"href":"https:\/\/baldumarket.lt\/lt\/wp-json\/wp\/v2\/product_tag?post=252681"}],"curies":[{"name":"wp","href":"https:\/\/api.w.org\/{rel}","templated":true}]}}