{"id":252674,"date":"2026-01-10T22:05:41","date_gmt":"2026-01-10T19:05:41","guid":{"rendered":"https:\/\/baldumarket.lt\/product\/ate-at10-polka-wiszaca\/"},"modified":"2026-02-11T18:31:38","modified_gmt":"2026-02-11T15:31:38","slug":"ate-at10-polka-wiszaca","status":"publish","type":"product","link":"https:\/\/baldumarket.lt\/lt\/product\/ate-at10-polka-wiszaca\/","title":{"rendered":"ATE AT10 PAKABINAMA LENTYNA"},"content":{"rendered":"<p>Lentyna ATE AT10 puikiai tiks bet kuriame kambaryje, bus prakti\u0161kas bet kokio interjero papildymas. Tai universalus baldas \u2013 tiesiog pakabinkite j\u0105 vir\u0161 sofos ar komodos ir demonstruokite nuotraukas ar dekoracijas. Lentyna puikiai dera su komoda ATE AT03 arba kaip atskiras baldas, prisitaikantis prie j\u016bs\u0173 kambario interjero.<\/p>\n<p>Plotis 159,5 cm Gylis 24 cm Auk\u0161tis 22 cm Produkto svoris su pakuote 12,15 kg Gamintojo kodas \/ simbolis AT10 Kolekcijos pavadinimas ATE Pavadinimas b2b sistemoje ATE AT10 AKMENINIO \u0104\u017dUOLO LENTYN\u0172 KOMPLEKTAS Produkto pakuo\u010di\u0173 skai\u010dius 1 Stilius Modernus \u012eranga Surinkimo instrukcijos \/ surinkimo priedai Surinkimas Savaranki\u0161kam surinkimui Spalvos Akmens \u0105\u017euolas Korpuso med\u017eiaga \/ tipas \/ storis 16 mm bald\u0173 plok\u0161t\u0117 Korpuso vir\u0161utin\u0117s dalies med\u017eiaga \/ tipas \/ storis 32 mm bald\u0173 plok\u0161t\u0117 Korpuso \u012franga Reguliuojami bald\u0173 pakabos<\/p>","protected":false},"excerpt":{"rendered":"<p>The ATE AT10 shelf is a perfect addition to any room, a practical addition to any d\u00e9cor. It&#8217;s a versatile piece of furniture\u2014just hang it over a sofa or a dresser and display photos or decorations. The shelf works perfectly with the ATE AT03 dresser or as a standalone piece, adapting to your room&#8217;s d\u00e9cor. [&hellip;]<\/p>","protected":false},"featured_media":252664,"comment_status":"open","ping_status":"open","template":"","meta":[],"product_brand":[],"product_cat":[9300,1174,2457],"product_tag":[],"class_list":{"0":"post-252674","1":"product","2":"type-product","3":"status-publish","4":"has-post-thumbnail","6":"product_cat-system-mebli-ate-liveo","7":"product_cat-hanging-shelves","8":"product_cat-liveo","10":"first","11":"instock","12":"purchasable","13":"product-type-simple"},"_links":{"self":[{"href":"https:\/\/baldumarket.lt\/lt\/wp-json\/wp\/v2\/product\/252674","targetHints":{"allow":["GET"]}}],"collection":[{"href":"https:\/\/baldumarket.lt\/lt\/wp-json\/wp\/v2\/product"}],"about":[{"href":"https:\/\/baldumarket.lt\/lt\/wp-json\/wp\/v2\/types\/product"}],"replies":[{"embeddable":true,"href":"https:\/\/baldumarket.lt\/lt\/wp-json\/wp\/v2\/comments?post=252674"}],"wp:featuredmedia":[{"embeddable":true,"href":"https:\/\/baldumarket.lt\/lt\/wp-json\/wp\/v2\/media\/252664"}],"wp:attachment":[{"href":"https:\/\/baldumarket.lt\/lt\/wp-json\/wp\/v2\/media?parent=252674"}],"wp:term":[{"taxonomy":"product_brand","embeddable":true,"href":"https:\/\/baldumarket.lt\/lt\/wp-json\/wp\/v2\/product_brand?post=252674"},{"taxonomy":"product_cat","embeddable":true,"href":"https:\/\/baldumarket.lt\/lt\/wp-json\/wp\/v2\/product_cat?post=252674"},{"taxonomy":"product_tag","embeddable":true,"href":"https:\/\/baldumarket.lt\/lt\/wp-json\/wp\/v2\/product_tag?post=252674"}],"curies":[{"name":"wp","href":"https:\/\/api.w.org\/{rel}","templated":true}]}}