{"id":252666,"date":"2026-01-10T22:05:37","date_gmt":"2026-01-10T19:05:37","guid":{"rendered":"https:\/\/baldumarket.lt\/product\/ate-at09-mobilny-kontenerek-do-biurka-at08\/"},"modified":"2026-02-11T18:31:38","modified_gmt":"2026-02-11T15:31:38","slug":"ate-at09-mobilny-kontenerek-do-biurka-at08","status":"publish","type":"product","link":"https:\/\/baldumarket.lt\/lt\/product\/ate-at09-mobilny-kontenerek-do-biurka-at08\/","title":{"rendered":"ATE AT09 MOBILUSIS STALO KONTEINERIS AT08"},"content":{"rendered":"<p>ATE AT09 stovas \u2013 tai prakti\u0161kas b\u016bdas padidinti j\u016bs\u0173 stalo funkcionalum\u0105. Jis tvirtinamas ant ratuk\u0173, tod\u0117l j\u012f lengva perkelti i\u0161 vienos vietos \u012f kit\u0105. Jame yra trys stal\u010diai. ATE kolekcija pasi\u017eymi madinga akmens \u0105\u017euolo spalva, kuri kartu su juodais akcentais sukuria kontrasting\u0105 efekt\u0105, patraukiant\u012f d\u0117mes\u012f ir suteikiant\u012f kambariui elegancijos. Spintel\u0117 atsidaro naudojant specialiai i\u0161lenktus griovelius priekiniame kra\u0161te. Stovas idealiai tinka naudoti su ATE AT08 stalu arba kaip atskiras baldas, prisitaikantis prie j\u016bs\u0173 kambario interjero dizaino.<\/p>\n<p>Plotis 44 cm Gylis 39 cm Auk\u0161tis 63 cm Produkto svoris su pakuote 18,50 kg Gamintojo kodas \/ simbolis AT09 Kolekcijos pavadinimas ATE Pavadinimas b2b sistemoje ATE AT09 AKMENINIO \u0104\u017dUOLO\/JUODO SKONIO KONTEINERI\u0172 RINKINYS Produkto pakuo\u010di\u0173 skai\u010dius 2 Stilius Moderni \u012franga Surinkimo instrukcijos \/ surinkimo priedai Surinkimas Savaranki\u0161kam surinkimui Korpuso spalva Akmens \u0105\u017euolas \/ Juoda Korpuso apdailos med\u017eiaga \/ tipas \/ storis 16 mm bald\u0173 plok\u0161t\u0117 Korpuso vir\u0161utin\u0117 dalis \/ med\u017eiaga \/ tipas \/ storis 32 mm bald\u0173 plok\u0161t\u0117 Korpuso apdailos apatin\u0117 dalis \/ med\u017eiaga \/ tipas \/ storis 16 mm bald\u0173 plok\u0161t\u0117 Korpuso apdailos pagrindas \/ med\u017eiaga \/ tipas \/ storis 16 mm bald\u0173 plok\u0161t\u0117 Galin\u0117s sienel\u0117s apdailos med\u017eiaga \/ tipas \/ storis 2,5 mm HDF bald\u0173 plok\u0161t\u0117 Priekin\u0117 spalva Akmens \u0105\u017euolas Priekin\u0117s apdailos med\u017eiaga \/ tipas \/ storis 16 mm bald\u0173 plok\u0161t\u0117 Priekin\u0117 rankena \/ apdaila \/ spalva Frezuota \/ akmens \u0105\u017euolas Stal\u010di\u0173 b\u0117geliai su pilnu i\u0161traukimu Kojel\u0117 \/ apdaila \/ spalva Nereguliuojama \/ plastikin\u0117 \/ Ratukai \/ 2 vnt. su stabd\u017eiais \/ juoda Kojel\u0117s auk\u0161tis 60 mm Stal\u010di\u0173 skai\u010dius 2<\/p>","protected":false},"excerpt":{"rendered":"<p>The ATE AT09 pedestal is a practical way to enhance the functionality of your desk. It&#8217;s mounted on casters, making it easy to move from one place to another. It features three drawers. The ATE collection features a fashionable stone oak color, which, combined with black accents, creates a contrasting effect that attracts attention and [&hellip;]<\/p>","protected":false},"featured_media":252667,"comment_status":"open","ping_status":"open","template":"","meta":[],"product_brand":[],"product_cat":[9300,9120,2457],"product_tag":[],"class_list":{"0":"post-252666","1":"product","2":"type-product","3":"status-publish","4":"has-post-thumbnail","6":"product_cat-system-mebli-ate-liveo","7":"product_cat-cabinets","8":"product_cat-liveo","10":"first","11":"instock","12":"purchasable","13":"product-type-simple"},"_links":{"self":[{"href":"https:\/\/baldumarket.lt\/lt\/wp-json\/wp\/v2\/product\/252666","targetHints":{"allow":["GET"]}}],"collection":[{"href":"https:\/\/baldumarket.lt\/lt\/wp-json\/wp\/v2\/product"}],"about":[{"href":"https:\/\/baldumarket.lt\/lt\/wp-json\/wp\/v2\/types\/product"}],"replies":[{"embeddable":true,"href":"https:\/\/baldumarket.lt\/lt\/wp-json\/wp\/v2\/comments?post=252666"}],"wp:featuredmedia":[{"embeddable":true,"href":"https:\/\/baldumarket.lt\/lt\/wp-json\/wp\/v2\/media\/252667"}],"wp:attachment":[{"href":"https:\/\/baldumarket.lt\/lt\/wp-json\/wp\/v2\/media?parent=252666"}],"wp:term":[{"taxonomy":"product_brand","embeddable":true,"href":"https:\/\/baldumarket.lt\/lt\/wp-json\/wp\/v2\/product_brand?post=252666"},{"taxonomy":"product_cat","embeddable":true,"href":"https:\/\/baldumarket.lt\/lt\/wp-json\/wp\/v2\/product_cat?post=252666"},{"taxonomy":"product_tag","embeddable":true,"href":"https:\/\/baldumarket.lt\/lt\/wp-json\/wp\/v2\/product_tag?post=252666"}],"curies":[{"name":"wp","href":"https:\/\/api.w.org\/{rel}","templated":true}]}}