{"id":252658,"date":"2026-01-10T22:05:34","date_gmt":"2026-01-10T19:05:34","guid":{"rendered":"https:\/\/baldumarket.lt\/product\/ate-at08-biurko\/"},"modified":"2026-02-11T18:31:38","modified_gmt":"2026-02-11T15:31:38","slug":"ate-at08-biurko","status":"publish","type":"product","link":"https:\/\/baldumarket.lt\/lt\/product\/ate-at08-biurko\/","title":{"rendered":"ATE AT08 STALAS"},"content":{"rendered":"<p>ATE AT08 stalas puikiai tinka tiek jaunimo kambariui, tiek biurui, nes jame tilps viskas, ko reikia darbui ar mokymuisi. Platus stalvir\u0161is leid\u017eia patogiai pasid\u0117ti u\u017era\u0161\u0173 knygeles, knygas ar ne\u0161iojam\u0105j\u012f kompiuter\u012f. Visas stalvir\u0161is nuda\u017eytas ta pa\u010dia spalva: akmens \u0105\u017euolu. Stalas atsidaro naudojant specialiai i\u0161lenktus griovelius priekiniame kra\u0161te. Stalas idealiai tinka derinant su ATE AT09 stalvir\u0161iu arba kaip atskiras baldas, prisitaikantis prie j\u016bs\u0173 kambario interjero dizaino.<\/p>\n<p>Plotis 128 cm Gylis 68 cm Auk\u0161tis 77 cm Produkto svoris su pakuote 29,50 kg Gamintojo kodas \/ simbolis AT08 Kolekcijos pavadinimas ATE Pavadinimas b2b sistemoje ATE AT08 AKMENINIO \u0104\u017dUOLO STALO KOMPLEKTAS Produkto pakuo\u010di\u0173 skai\u010dius 1 Stilius Modernus \u012eranga Surinkimo instrukcijos \/ surinkimo priedai Surinkimas Savaranki\u0161kam surinkimui Spalvos Akmens \u0105\u017euolas Korpuso med\u017eiaga \/ tipas \/ storis Bald\u0173 plok\u0161t\u0117 16 mm Korpuso vir\u0161utin\u0117s dalies med\u017eiaga \/ tipas \/ storis Bald\u0173 plok\u0161t\u0117 (2 x 16) 32 mm Kojeli\u0173 med\u017eiaga \/ tipas \/ storis Bald\u0173 plok\u0161t\u0117 (2 x 16) 32 mm Kojel\u0117 \/ med\u017eiaga \/ spalva Nereguliuojama \/ Bald\u0173 b\u0117geliai \/ plastikas \/ Juoda<\/p>","protected":false},"excerpt":{"rendered":"<p>ATE AT08 ra\u0161omasis stalas puikiai tinka tiek jaunimo kambariui, tiek biurui, jame tilps viskas, ko reikia darbui ar mokymuisi. Platus stalvir\u0161is leid\u017eia patogiai pasid\u0117ti u\u017era\u0161\u0173 knygeles, knygas ar ne\u0161iojam\u0105j\u012f kompiuter\u012f. Visas stalvir\u0161is apdailintas ta pa\u010dia spalva: akmens \u0105\u017euolu. Stalas atsidaro specialiai i\u0161lenktais grioveliais priekin\u0117je pus\u0117je [\u2026]<\/p>","protected":false},"featured_media":252659,"comment_status":"open","ping_status":"open","template":"","meta":[],"product_brand":[],"product_cat":[9300,1312,2457],"product_tag":[],"class_list":{"0":"post-252658","1":"product","2":"type-product","3":"status-publish","4":"has-post-thumbnail","6":"product_cat-system-mebli-ate-liveo","7":"product_cat-desks","8":"product_cat-liveo","10":"first","11":"instock","12":"purchasable","13":"product-type-simple"},"_links":{"self":[{"href":"https:\/\/baldumarket.lt\/lt\/wp-json\/wp\/v2\/product\/252658","targetHints":{"allow":["GET"]}}],"collection":[{"href":"https:\/\/baldumarket.lt\/lt\/wp-json\/wp\/v2\/product"}],"about":[{"href":"https:\/\/baldumarket.lt\/lt\/wp-json\/wp\/v2\/types\/product"}],"replies":[{"embeddable":true,"href":"https:\/\/baldumarket.lt\/lt\/wp-json\/wp\/v2\/comments?post=252658"}],"wp:featuredmedia":[{"embeddable":true,"href":"https:\/\/baldumarket.lt\/lt\/wp-json\/wp\/v2\/media\/252659"}],"wp:attachment":[{"href":"https:\/\/baldumarket.lt\/lt\/wp-json\/wp\/v2\/media?parent=252658"}],"wp:term":[{"taxonomy":"product_brand","embeddable":true,"href":"https:\/\/baldumarket.lt\/lt\/wp-json\/wp\/v2\/product_brand?post=252658"},{"taxonomy":"product_cat","embeddable":true,"href":"https:\/\/baldumarket.lt\/lt\/wp-json\/wp\/v2\/product_cat?post=252658"},{"taxonomy":"product_tag","embeddable":true,"href":"https:\/\/baldumarket.lt\/lt\/wp-json\/wp\/v2\/product_tag?post=252658"}],"curies":[{"name":"wp","href":"https:\/\/api.w.org\/{rel}","templated":true}]}}