{"id":252650,"date":"2026-01-10T22:05:30","date_gmt":"2026-01-10T19:05:30","guid":{"rendered":"https:\/\/baldumarket.lt\/product\/ate-at07-regal-l-p\/"},"modified":"2026-02-11T18:31:38","modified_gmt":"2026-02-11T15:31:38","slug":"ate-at07-regal-l-p","status":"publish","type":"product","link":"https:\/\/baldumarket.lt\/lt\/product\/ate-at07-regal-l-p\/","title":{"rendered":"ATE AT07 LENTYNA K\/D"},"content":{"rendered":"<p>ATE AT07 (K\/D) knyg\u0173 lentyna yra funkcionalus ir b\u016btinas svetain\u0117s ar nam\u0173 biuro elementas. Vir\u0161utin\u0119 ir apatin\u0119 knyg\u0173 lentynos dalis sudaro spintel\u0117 su pilnomis durel\u0117mis, puikiai tinkanti dokumentams ar smulkiems drabu\u017ei\u0173 spintos daiktams laikyti. Centrin\u0119, atvir\u0105 lentyn\u0105 galima u\u017epildyti suvenyrais ar madingais dekoracijomis. Po ni\u0161a esantis stal\u010dius suteikia papildomos vietos daiktams susid\u0117ti. ATE kolekcija apdailinta madinga akmens \u0105\u017euolo spalva, kuri kartu su juodais akcentais sukuria kontrasting\u0105 derin\u012f, patraukiant\u012f d\u0117mes\u012f ir suteikiant\u012f kambariui elegancijos. Spintel\u0117 atsidaro naudojant specialiai profiliuotus griovelius priekiniame kra\u0161te. K\/D knyg\u0173 lentyna idealiai tinka derinti su kitais ATE serijos baldais arba kaip atskiras baldas, prisitaikantis prie j\u016bs\u0173 kambario interjero dizaino.<\/p>\n<p>Plotis 54,5 cm Gylis 39 cm Auk\u0161tis 197 cm Produkto svoris su pakuote 42,40 kg Gamintojo kodas \/ simbolis AT07 Kolekcijos pavadinimas ATE Pavadinimas b2b sistemoje ATE AT07 AKMENINIO \u0104\u017dUOLO\/JUODOS LENTYN\u0172 KOMPLEKTAS Produkt\u0173 pakuo\u010di\u0173 skai\u010dius 3 Stilius Moderni \u012franga Surinkimo instrukcijos \/ surinkimo priedai Surinkimas Savaranki\u0161kam surinkimui Korpuso spalva Akmens \u0105\u017euolas \/ Juoda Korpuso med\u017eiaga \/ tipas \/ storis 16 mm baldin\u0117 plok\u0161t\u0117 Korpuso vir\u0161utin\u0117 dalis \/ tipas \/ storis 32 mm baldin\u0117 plok\u0161t\u0117 Korpuso apatin\u0117 dalis \/ tipas \/ storis 16 mm baldin\u0117 plok\u0161t\u0117 Korpuso pagrindo dalis \/ tipas \/ storis 16 mm baldin\u0117 plok\u0161t\u0117 Lentynos spalva Akmens \u0105\u017euolas Lentynos med\u017eiaga \/ tipas \/ storis 16 mm baldin\u0117 plok\u0161t\u0117 Lentyn\u0173 kiekis 1 Galin\u0117s sienel\u0117s med\u017eiaga \/ tipas \/ storis 2,5 mm HDF baldin\u0117 plok\u0161t\u0117 Matoma galin\u0117s sienel\u0117s dalis Juoda Priekin\u0117 spalva Akmens \u0105\u017euolas Priekin\u0117s apdailos med\u017eiaga \/ tipas \/ storis 16 mm baldin\u0117 plok\u0161t\u0117 Priekinis vyris \u2300 35 mm reguliuojamas trijose plok\u0161tumose Priekinis atidarymas universalus kairysis \/ de\u0161inysis TAIP Priekin\u0117 rankena \/ apdaila \/ spalva Frezuota \/ akmens \u0105\u017euolas Mink\u0161ta U\u017edarymo sistema Standartin\u0117 Pilno i\u0161traukimo stal\u010di\u0173 b\u0117geliai Kojel\u0117 \/ apdaila \/ spalva Nereguliuojama \/ plastikin\u0117 \/ juoda Kojel\u0117s auk\u0161tis 120 mm Dureli\u0173 skai\u010dius 2 Stal\u010di\u0173 skai\u010dius 1 Atvir\u0173 ni\u0161\u0173 skai\u010dius 2 U\u017edar\u0173 ni\u0161\u0173 skai\u010dius 2<\/p>","protected":false},"excerpt":{"rendered":"<p>ATE AT07 L\/R knyg\u0173 lentyna yra funkcionalus ir b\u016btinas elementas svetain\u0117je ar nam\u0173 biure. Vir\u0161utin\u0117 ir apatin\u0117 knyg\u0173 lentynos dalys susideda i\u0161 spintel\u0117s su pilnomis durel\u0117mis, puikiai tinkan\u010di\u0173 dokumentams ar smulkiems drabu\u017ei\u0173 spintos daiktams laikyti. Centrin\u0117je, atviroje lentynoje galima laikyti suvenyrus ar madingus dekoracijos elementus. Stal\u010dius [\u2026]<\/p>","protected":false},"featured_media":252651,"comment_status":"open","ping_status":"open","template":"","meta":[],"product_brand":[],"product_cat":[9300,2457,1177],"product_tag":[],"class_list":{"0":"post-252650","1":"product","2":"type-product","3":"status-publish","4":"has-post-thumbnail","6":"product_cat-system-mebli-ate-liveo","7":"product_cat-liveo","8":"product_cat-wardrobes","10":"first","11":"instock","12":"purchasable","13":"product-type-simple"},"_links":{"self":[{"href":"https:\/\/baldumarket.lt\/lt\/wp-json\/wp\/v2\/product\/252650","targetHints":{"allow":["GET"]}}],"collection":[{"href":"https:\/\/baldumarket.lt\/lt\/wp-json\/wp\/v2\/product"}],"about":[{"href":"https:\/\/baldumarket.lt\/lt\/wp-json\/wp\/v2\/types\/product"}],"replies":[{"embeddable":true,"href":"https:\/\/baldumarket.lt\/lt\/wp-json\/wp\/v2\/comments?post=252650"}],"wp:featuredmedia":[{"embeddable":true,"href":"https:\/\/baldumarket.lt\/lt\/wp-json\/wp\/v2\/media\/252651"}],"wp:attachment":[{"href":"https:\/\/baldumarket.lt\/lt\/wp-json\/wp\/v2\/media?parent=252650"}],"wp:term":[{"taxonomy":"product_brand","embeddable":true,"href":"https:\/\/baldumarket.lt\/lt\/wp-json\/wp\/v2\/product_brand?post=252650"},{"taxonomy":"product_cat","embeddable":true,"href":"https:\/\/baldumarket.lt\/lt\/wp-json\/wp\/v2\/product_cat?post=252650"},{"taxonomy":"product_tag","embeddable":true,"href":"https:\/\/baldumarket.lt\/lt\/wp-json\/wp\/v2\/product_tag?post=252650"}],"curies":[{"name":"wp","href":"https:\/\/api.w.org\/{rel}","templated":true}]}}