{"id":252634,"date":"2026-01-10T22:05:22","date_gmt":"2026-01-10T19:05:22","guid":{"rendered":"https:\/\/baldumarket.lt\/product\/ate-at05-witryna-lewostronna\/"},"modified":"2026-02-11T18:31:39","modified_gmt":"2026-02-11T15:31:39","slug":"ate-at05-witryna-lewostronna","status":"publish","type":"product","link":"https:\/\/baldumarket.lt\/lt\/product\/ate-at05-witryna-lewostronna\/","title":{"rendered":"ATE AT05 KAIR\u0116S PUS\u0116S VITRINA"},"content":{"rendered":"<p>Kair\u0117je pus\u0117je esanti vitrina ATE AT05 puikiai tiks svetain\u0117se, miegamuosiuose ir darbo kambariuose. U\u017e i\u0161 dalies \u012fstiklinto priekio esan\u010diose dviejose stiklin\u0117se lentynose telpa dekoracijos, kurias galima ap\u0161viesti LED lemput\u0117mis (pasirinktinai). Apa\u010dioje, u\u017e tvirt\u0173 dureli\u0173, yra ni\u0161a kitiems daiktams. ATE kolekcija pasi\u017eymi madinga akmens \u0105\u017euolo spalva, kuri kartu su juodais akcentais sukuria kontrasting\u0105 derin\u012f, patraukiant\u012f d\u0117mes\u012f ir suteikiant\u012f kambariui elegancijos. Spintel\u0117 atsidaro naudojant specialiai i\u0161lenktus griovelius priekin\u0117s dalies kra\u0161te. Kair\u0117je pus\u0117je esanti vitrina idealiai tinka naudoti su kitais ATE serijos gaminiais arba kaip atskiras \u012frenginys, prisitaikantis prie j\u016bs\u0173 kambario interjero dizaino.<\/p>\n<p>Plotis 54,5 cm Gylis 39 cm Auk\u0161tis 197 cm Produkto svoris su pakuote 45,85 kg Gamintojo kodas \/ simbolis AT05 Kolekcijos pavadinimas ATE Pavadinimas b2b sistemoje ATE AT05 AKMENINIO \u0104\u017dUOLO\/JUODOS SPALVOS VITRIN\u0116 L KOMPLEKTAS Produkto pakuo\u010di\u0173 skai\u010dius 3 Stilius Moderni \u012franga Surinkimo instrukcijos \/ surinkimo priedai Surinkimas Savaranki\u0161kam surinkimui Korpuso spalva Akmens \u0105\u017euolas \/ Juoda Korpuso med\u017eiaga \/ tipas \/ storis 16 mm baldin\u0117 plok\u0161t\u0117 Korpuso vir\u0161utin\u0117 dalis \/ tipas \/ storis 32 mm baldin\u0117 plok\u0161t\u0117 Korpuso med\u017eiagos apatin\u0117 dalis \/ tipas \/ storis 16 mm baldin\u0117 plok\u0161t\u0117 Korpuso pagrindo dalis \/ tipas \/ storis 16 mm baldin\u0117 plok\u0161t\u0117 Galin\u0117s sienel\u0117s med\u017eiaga \/ tipas \/ storis 2,5 mm HDF baldin\u0117 plok\u0161t\u0117 Galin\u0117s sienel\u0117s matomos dalies spalva Juoda Priekin\u0117 spalva Akmens \u0105\u017euolas Priekin\u0117 med\u017eiaga \/ tipas \/ storis 16 mm baldin\u0117 plok\u0161t\u0117 Priekinis vyris \u2300 35 mm, reguliuojamas trijose plok\u0161tumose Priekin\u0117 ranken\u0117l\u0117 \/ apdaila \/ spalva Frezuota \/ akmens \u0105\u017euolas Glaz\u016bruota priekin\u0117 apdaila \/ stiklo spalva Gr\u016bdintas \/ skaidrus Glaz\u016bruoto priekinio stiklo storis 4 mm Stiklin\u0117s lentynos stiklo spalva Skaidrus Stiklin\u0117s lentynos stiklo storis 5 mm Stiklas Lentyn\u0173 kiekis 2 \u0160velnaus u\u017edarymo dureli\u0173 sistema Standartin\u0117 komplektacija Kojel\u0117 \/ apdaila \/ spalva Nereguliuojama \/ plastikin\u0117 \/ juoda Kojel\u0117s auk\u0161tis 120 mm Dureli\u0173 skai\u010dius 2 U\u017edar\u0173 ni\u0161\u0173 skai\u010dius u\u017e priekinio stiklo 3 U\u017edar\u0173 ni\u0161\u0173 skai\u010dius 1<\/p>","protected":false},"excerpt":{"rendered":"<p>Kair\u0117je pus\u0117je esanti vitrina ATE AT05 puikiai tiks svetain\u0117se, miegamuosiuose ir darbo kambariuose. U\u017e i\u0161 dalies \u012fstiklinto priekio esan\u010diose dviejose stiklin\u0117se lentynose telpa dekoracijos, kurias galima ap\u0161viesti LED lemput\u0117mis (pasirinktinai). Apa\u010dioje, u\u017e tvirt\u0173 dureli\u0173, yra ni\u0161a kitiems daiktams. ATE kolekcija pasi\u017eymi madinga akmens \u0105\u017euolo spalva, kuri [\u2026]<\/p>","protected":false},"featured_media":252635,"comment_status":"open","ping_status":"open","template":"","meta":[],"product_brand":[],"product_cat":[9300,2457,2006],"product_tag":[],"class_list":{"0":"post-252634","1":"product","2":"type-product","3":"status-publish","4":"has-post-thumbnail","6":"product_cat-system-mebli-ate-liveo","7":"product_cat-liveo","8":"product_cat-vitrines","10":"first","11":"instock","12":"purchasable","13":"product-type-simple"},"_links":{"self":[{"href":"https:\/\/baldumarket.lt\/lt\/wp-json\/wp\/v2\/product\/252634","targetHints":{"allow":["GET"]}}],"collection":[{"href":"https:\/\/baldumarket.lt\/lt\/wp-json\/wp\/v2\/product"}],"about":[{"href":"https:\/\/baldumarket.lt\/lt\/wp-json\/wp\/v2\/types\/product"}],"replies":[{"embeddable":true,"href":"https:\/\/baldumarket.lt\/lt\/wp-json\/wp\/v2\/comments?post=252634"}],"wp:featuredmedia":[{"embeddable":true,"href":"https:\/\/baldumarket.lt\/lt\/wp-json\/wp\/v2\/media\/252635"}],"wp:attachment":[{"href":"https:\/\/baldumarket.lt\/lt\/wp-json\/wp\/v2\/media?parent=252634"}],"wp:term":[{"taxonomy":"product_brand","embeddable":true,"href":"https:\/\/baldumarket.lt\/lt\/wp-json\/wp\/v2\/product_brand?post=252634"},{"taxonomy":"product_cat","embeddable":true,"href":"https:\/\/baldumarket.lt\/lt\/wp-json\/wp\/v2\/product_cat?post=252634"},{"taxonomy":"product_tag","embeddable":true,"href":"https:\/\/baldumarket.lt\/lt\/wp-json\/wp\/v2\/product_tag?post=252634"}],"curies":[{"name":"wp","href":"https:\/\/api.w.org\/{rel}","templated":true}]}}