{"id":252626,"date":"2026-01-10T22:05:19","date_gmt":"2026-01-10T19:05:19","guid":{"rendered":"https:\/\/baldumarket.lt\/product\/ate-at04-kredens\/"},"modified":"2026-02-11T18:31:39","modified_gmt":"2026-02-11T15:31:39","slug":"ate-at04-kredens","status":"publish","type":"product","link":"https:\/\/baldumarket.lt\/lt\/product\/ate-at04-kredens\/","title":{"rendered":"ATE AT04 indauja"},"content":{"rendered":"<p>ATE AT04 indauja skirta svetainei, darbo kambariui ar valgomajam. Erdviame viduje tilps b\u016btiniausi daiktai, o i\u0161 dalies \u012fstiklinta priekin\u0117 dalis, kuri\u0105 galima papildomai ap\u0161viesti LED ap\u0161vietimu (galima \u012fsigyti kaip papildom\u0105 \u012frang\u0105), leis eksponuoti suvenyrus ir papuo\u0161alus. U\u017edara dalis tinka stalo \u012frankiams, stalties\u0117ms, dokumentams ar kitiems kasdieniams daiktams laikyti. ATE kolekcija pasi\u017eymi madinga akmens \u0105\u017euolo spalva, kuri kartu su juodais akcentais sukuria kontrasting\u0105 derin\u012f, patraukiant\u012f d\u0117mes\u012f ir suteikiant\u012f kambariui elegancijos. Spintel\u0117 atsidaro naudojant specialiai i\u0161lenktus griovelius priekin\u0117s dalies kra\u0161te. Indauja idealiai tinka naudoti su kitais ATE serijos baldais arba kaip atskiras baldas, prisitaikantis prie j\u016bs\u0173 kambario interjero dizaino.<\/p>\n<p>Plotis 91,5 cm Gylis 39 cm Auk\u0161tis 144,5 cm Produkto svoris su pakuote 51,10 kg Gamintojo kodas \/ simbolis at04 Kolekcijos pavadinimas ATE Pavadinimas b2b sistemoje ATE AT04 AKMENINIO \u0104\u017dUOLO\/JUODOS INDAUJOS RINKINYS Produkto pakuo\u010di\u0173 skai\u010dius 3 Stilius Moderni \u012franga Surinkimo instrukcijos \/ surinkimo priedai Surinkimas Savaranki\u0161kam surinkimui Korpuso spalva Akmens \u0105\u017euolas \/ Juoda Korpuso med\u017eiaga \/ tipas \/ storis 16 mm baldin\u0117 lenta Korpuso vir\u0161utin\u0117s dalies med\u017eiaga \/ tipas \/ storis 32 mm baldin\u0117 lenta Apatin\u0117s dalies med\u017eiaga \/ tipas \/ storis 16 mm baldin\u0117 lenta Korpuso pagrindo med\u017eiaga \/ tipas \/ storis 16 mm baldin\u0117 lenta Lentynos spalva Akmens \u0105\u017euolas Lentynos med\u017eiaga \/ tipas \/ storis 16 mm baldin\u0117 lenta Lentyn\u0173 kiekis 2 Galin\u0117s sienel\u0117s med\u017eiaga \/ tipas \/ storis 2,5 mm HDF baldin\u0117 lenta Matoma galin\u0117s sienel\u0117s dalis Juoda Priekin\u0117 spalva Akmens \u0105\u017euolas Priekin\u0117s apdailos med\u017eiaga \/ tipas \/ storis 16 mm baldin\u0117 lenta Priekinis vyris \u2300 35 mm, reguliuojamas trijose plok\u0161tumose Priekin\u0117 rankena \/ apdaila \/ spalva Frezuota \/ akmens \u0105\u017euolas Glaz\u016bruota priekin\u0117 apdaila \/ stiklo spalva Gr\u016bdintas \/ skaidrus Stiklinio priekinio stiklo storis 4 mm Stiklin\u0117s lentynos stiklo spalva Skaidri Stiklin\u0117s lentynos stiklo storis 5 mm Stiklini\u0173 lentyn\u0173 kiekis 1 \u0160velnaus u\u017edarymo dureli\u0173 sistema Standartin\u0117 komplektacija Kojel\u0117 \/ apdaila \/ spalva Nereguliuojama \/ plastikin\u0117 \/ juoda Kojel\u0117s auk\u0161tis 120 mm Dureli\u0173 skai\u010dius 3 U\u017edar\u0173 ni\u0161\u0173 skai\u010dius u\u017e priekinio stiklo 2 U\u017edar\u0173 ni\u0161\u0173 skai\u010dius 4<\/p>","protected":false},"excerpt":{"rendered":"<p>The ATE AT04 sideboard is designed for the living room, den, or dining room. Its spacious interior accommodates essentials, while the partially glazed front, which can be additionally illuminated with LED lighting (available as an option), showcases mementos and ornaments. The closed section can hold tableware, tablecloths, documents, or everyday essentials. The ATE collection features [&hellip;]<\/p>","protected":false},"featured_media":252627,"comment_status":"open","ping_status":"open","template":"","meta":[],"product_brand":[],"product_cat":[9300,1173,2457],"product_tag":[],"class_list":{"0":"post-252626","1":"product","2":"type-product","3":"status-publish","4":"has-post-thumbnail","6":"product_cat-furniture-system-ate-liveo","7":"product_cat-chests-of-drawers","8":"product_cat-liveo","10":"first","11":"instock","12":"purchasable","13":"product-type-simple"},"_links":{"self":[{"href":"https:\/\/baldumarket.lt\/lt\/wp-json\/wp\/v2\/product\/252626","targetHints":{"allow":["GET"]}}],"collection":[{"href":"https:\/\/baldumarket.lt\/lt\/wp-json\/wp\/v2\/product"}],"about":[{"href":"https:\/\/baldumarket.lt\/lt\/wp-json\/wp\/v2\/types\/product"}],"replies":[{"embeddable":true,"href":"https:\/\/baldumarket.lt\/lt\/wp-json\/wp\/v2\/comments?post=252626"}],"wp:featuredmedia":[{"embeddable":true,"href":"https:\/\/baldumarket.lt\/lt\/wp-json\/wp\/v2\/media\/252627"}],"wp:attachment":[{"href":"https:\/\/baldumarket.lt\/lt\/wp-json\/wp\/v2\/media?parent=252626"}],"wp:term":[{"taxonomy":"product_brand","embeddable":true,"href":"https:\/\/baldumarket.lt\/lt\/wp-json\/wp\/v2\/product_brand?post=252626"},{"taxonomy":"product_cat","embeddable":true,"href":"https:\/\/baldumarket.lt\/lt\/wp-json\/wp\/v2\/product_cat?post=252626"},{"taxonomy":"product_tag","embeddable":true,"href":"https:\/\/baldumarket.lt\/lt\/wp-json\/wp\/v2\/product_tag?post=252626"}],"curies":[{"name":"wp","href":"https:\/\/api.w.org\/{rel}","templated":true}]}}