{"id":252610,"date":"2026-01-10T22:05:11","date_gmt":"2026-01-10T19:05:11","guid":{"rendered":"https:\/\/baldumarket.lt\/product\/ate-at02-komoda\/"},"modified":"2026-02-11T18:31:39","modified_gmt":"2026-02-11T15:31:39","slug":"ate-at02-komoda","status":"publish","type":"product","link":"https:\/\/baldumarket.lt\/lt\/product\/ate-at02-komoda\/","title":{"rendered":"ATE AT02 SKRYNI\u0172 SKRYNIA"},"content":{"rendered":"<p>Komoda ATE AT02 puikiai tiks bet kuriame kambaryje. Su stal\u010diumi ir dviem pasl\u0117ptais skyriais u\u017e dureli\u0173, \u0161is funkcionalus sprendimas suteikia \u012fvairi\u0173 daikt\u0173 laikymo galimybi\u0173. ATE kolekcija pasi\u017eymi madinga akmens \u0105\u017euolo spalva, kuri kartu su juodais akcentais sukuria kontrasting\u0105 vaizd\u0105, patraukiant\u012f d\u0117mes\u012f ir suteikiant\u012f elegancijos bet kuriame kambaryje. Komoda idealiai dera su kitais ATE serijos baldais arba kaip atskiras baldas, leid\u017eiantis j\u0105 pritaikyti prie savo kambario interjero.<\/p>\n<p>Plotis 91,5 cm Gylis 39 cm Auk\u0161tis 88,5 cm Produkto svoris su pakuote 36,20 kg Gamintojo kodas \/ simbolis AT02 Kolekcijos pavadinimas ATE Pavadinimas b2b sistemoje ATE AT02 AKMENINIO \u0104\u017dUOLO\/JUODOS SPALVOS KOMODOS KOMPLEKTAS Produkto pakuo\u010di\u0173 skai\u010dius 3 Stilius Moderni \u012franga Surinkimo instrukcijos \/ surinkimo priedai Surinkimui Savaranki\u0161kam surinkimui Korpuso spalva Akmens \u0105\u017euolas \/ Juoda Korpuso med\u017eiaga \/ tipas \/ storis 16 mm baldin\u0117 plok\u0161t\u0117 Korpuso vir\u0161utin\u0117s dalies med\u017eiaga \/ tipas \/ storis 32 mm baldin\u0117 plok\u0161t\u0117 Korpuso apatin\u0117s dalies med\u017eiaga \/ tipas \/ storis 16 mm baldin\u0117 plok\u0161t\u0117 Korpuso pagrindo med\u017eiaga \/ tipas \/ storis 16 mm baldin\u0117 plok\u0161t\u0117 Lentynos spalva Akmens \u0105\u017euolas Lentynos med\u017eiaga \/ tipas \/ storis 16 mm baldin\u0117 plok\u0161t\u0117 Lentyn\u0173 kiekis 1 Galin\u0117s sienel\u0117s med\u017eiaga \/ tipas \/ storis 2,5 mm HDF baldin\u0117 plok\u0161t\u0117 Matomos galin\u0117s sienel\u0117s dalies spalva Juoda Priekin\u0117 spalva: Akmens \u0105\u017euolas Priekin\u0117s apdailos med\u017eiaga \/ tipas \/ storis: 16 mm baldin\u0117 plok\u0161t\u0117 Priekinis vyris \u2300 35 mm, reguliuojamas trijose plok\u0161tumose Priekin\u0117 rankena \/ apdaila \/ spalva: Frezuota \/ akmens \u0105\u017euolas \u0160velnaus u\u017edarymo sistema Standarti\u0161kai Pilno i\u0161traukimo stal\u010di\u0173 b\u0117geliai Kojel\u0117 \/ apdaila \/ spalva: Nereguliuojama \/ plastikin\u0117 \/ juoda Kojel\u0117s auk\u0161tis: 120 mm Dureli\u0173 skai\u010dius: 2 Stal\u010di\u0173 skai\u010dius: 1 U\u017edar\u0173 ni\u0161\u0173 skai\u010dius: 3<\/p>","protected":false},"excerpt":{"rendered":"<p>Komoda ATE AT02 puikiai tiks bet kuriame kambaryje. \u0160is funkcionalus sprendimas su stal\u010diumi ir dviem pasl\u0117ptais skyriais u\u017e dureli\u0173 suteikia \u012fvairi\u0173 daikt\u0173 laikymo galimybi\u0173. ATE kolekcija pasi\u017eymi madinga akmens \u0105\u017euolo spalva, kuri kartu su juodais akcentais sukuria kontrasting\u0105 vaizd\u0105, patraukiant\u012f d\u0117mes\u012f ir [\u2026]<\/p>","protected":false},"featured_media":252611,"comment_status":"open","ping_status":"open","template":"","meta":[],"product_brand":[],"product_cat":[9300,1173,2457],"product_tag":[],"class_list":{"0":"post-252610","1":"product","2":"type-product","3":"status-publish","4":"has-post-thumbnail","6":"product_cat-system-mebli-ate-liveo","7":"product_cat-chests-of-drawers","8":"product_cat-liveo","10":"first","11":"instock","12":"purchasable","13":"product-type-simple"},"_links":{"self":[{"href":"https:\/\/baldumarket.lt\/lt\/wp-json\/wp\/v2\/product\/252610","targetHints":{"allow":["GET"]}}],"collection":[{"href":"https:\/\/baldumarket.lt\/lt\/wp-json\/wp\/v2\/product"}],"about":[{"href":"https:\/\/baldumarket.lt\/lt\/wp-json\/wp\/v2\/types\/product"}],"replies":[{"embeddable":true,"href":"https:\/\/baldumarket.lt\/lt\/wp-json\/wp\/v2\/comments?post=252610"}],"wp:featuredmedia":[{"embeddable":true,"href":"https:\/\/baldumarket.lt\/lt\/wp-json\/wp\/v2\/media\/252611"}],"wp:attachment":[{"href":"https:\/\/baldumarket.lt\/lt\/wp-json\/wp\/v2\/media?parent=252610"}],"wp:term":[{"taxonomy":"product_brand","embeddable":true,"href":"https:\/\/baldumarket.lt\/lt\/wp-json\/wp\/v2\/product_brand?post=252610"},{"taxonomy":"product_cat","embeddable":true,"href":"https:\/\/baldumarket.lt\/lt\/wp-json\/wp\/v2\/product_cat?post=252610"},{"taxonomy":"product_tag","embeddable":true,"href":"https:\/\/baldumarket.lt\/lt\/wp-json\/wp\/v2\/product_tag?post=252610"}],"curies":[{"name":"wp","href":"https:\/\/api.w.org\/{rel}","templated":true}]}}