{"id":252596,"date":"2026-01-10T22:05:05","date_gmt":"2026-01-10T19:05:05","guid":{"rendered":"https:\/\/baldumarket.lt\/product\/aston-an14-polka-wiszaca\/"},"modified":"2026-02-11T18:31:39","modified_gmt":"2026-02-11T15:31:39","slug":"aston-an14-polka-wiszaca","status":"publish","type":"product","link":"https:\/\/baldumarket.lt\/lt\/product\/aston-an14-polka-wiszaca\/","title":{"rendered":"ASTON AN14 SIENIN\u0116 LENTYNA"},"content":{"rendered":"<p>Pakabinama lentyna \u201eAston AN14\u201c yra prakti\u0161kas ir stilingas \u201eAston\u201c bald\u0173 kolekcijos papildymas, suteikiantis bet kokiam kambariui modernumo ir funkcionalumo. \u0160i eleganti\u0161ka lentyna buvo sukurta vartotojams, ie\u0161kantiems prakti\u0161k\u0173 daikt\u0173 laikymo ir eksponavimo sprendim\u0173. Tai puikus stalo ar darbo vietos papildymas, puikiai tinkantis knygoms, dekoracijoms ar kitiems b\u016btiniausiems daiktams eksponuoti. Minimalistinis dizainas puikiai dera su \u012fvairiais interjero dizainais, suteikdamas bet kokiam kambariui subtilios elegancijos ir funkcionalumo.<\/p>\n<p>Plotis 157 cm Gylis 23,5 cm Auk\u0161tis 22 cm Produkto svoris su pakuote 11,25 kg Gamintojo kodas \/ simbolis AN14 Kolekcijos pavadinimas ASTON Pavadinimas b2b sistemoje ASTON AN14 CREMONA \u0104\u017dUOLAS\/KA\u0160MYRO LENTYN\u0172 KOMPLEKTAS Produkto pakuo\u010di\u0173 skai\u010dius 1 Stilius Modernus \u012eranga Surinkimo instrukcijos \/ surinkimo priedai Surinkimas Savaranki\u0161kam surinkimui Spalvos ka\u0161myras \/ kremonos \u0105\u017euolas Korpuso med\u017eiaga \/ tipas \/ storis 16 mm bald\u0173 plok\u0161t\u0117 Korpuso vir\u0161utin\u0117s dalies med\u017eiaga \/ tipas \/ storis 28 mm bald\u0173 plok\u0161t\u0117 Korpuso \u012franga Reguliuojami bald\u0173 pakabos<\/p>","protected":false},"excerpt":{"rendered":"<p>The Aston AN14 hanging shelf is a practical and stylish addition to the Aston furniture collection, adding a modern and functional touch to any room. This elegant shelf was designed for users seeking practical storage and display solutions. It&#8217;s the perfect addition to a desk or workspace, perfect for displaying books, decorations, or other essentials. [&hellip;]<\/p>","protected":false},"featured_media":252597,"comment_status":"open","ping_status":"open","template":"","meta":[],"product_brand":[],"product_cat":[9299,1174,2457],"product_tag":[],"class_list":{"0":"post-252596","1":"product","2":"type-product","3":"status-publish","4":"has-post-thumbnail","6":"product_cat-system-mebli-aston-liveo","7":"product_cat-hanging-shelves","8":"product_cat-liveo","10":"first","11":"instock","12":"purchasable","13":"product-type-simple"},"_links":{"self":[{"href":"https:\/\/baldumarket.lt\/lt\/wp-json\/wp\/v2\/product\/252596","targetHints":{"allow":["GET"]}}],"collection":[{"href":"https:\/\/baldumarket.lt\/lt\/wp-json\/wp\/v2\/product"}],"about":[{"href":"https:\/\/baldumarket.lt\/lt\/wp-json\/wp\/v2\/types\/product"}],"replies":[{"embeddable":true,"href":"https:\/\/baldumarket.lt\/lt\/wp-json\/wp\/v2\/comments?post=252596"}],"wp:featuredmedia":[{"embeddable":true,"href":"https:\/\/baldumarket.lt\/lt\/wp-json\/wp\/v2\/media\/252597"}],"wp:attachment":[{"href":"https:\/\/baldumarket.lt\/lt\/wp-json\/wp\/v2\/media?parent=252596"}],"wp:term":[{"taxonomy":"product_brand","embeddable":true,"href":"https:\/\/baldumarket.lt\/lt\/wp-json\/wp\/v2\/product_brand?post=252596"},{"taxonomy":"product_cat","embeddable":true,"href":"https:\/\/baldumarket.lt\/lt\/wp-json\/wp\/v2\/product_cat?post=252596"},{"taxonomy":"product_tag","embeddable":true,"href":"https:\/\/baldumarket.lt\/lt\/wp-json\/wp\/v2\/product_tag?post=252596"}],"curies":[{"name":"wp","href":"https:\/\/api.w.org\/{rel}","templated":true}]}}