{"id":252588,"date":"2026-01-10T22:05:01","date_gmt":"2026-01-10T19:05:01","guid":{"rendered":"https:\/\/baldumarket.lt\/product\/aston-an13-mobilny-kontenerek-l-p-do-biurka-an12\/"},"modified":"2026-02-11T18:31:39","modified_gmt":"2026-02-11T15:31:39","slug":"aston-an13-mobilny-kontenerek-l-p-do-biurka-an12","status":"publish","type":"product","link":"https:\/\/baldumarket.lt\/lt\/product\/aston-an13-mobilny-kontenerek-l-p-do-biurka-an12\/","title":{"rendered":"ASTON AN13 MOBILUSIS KONTEINERIS K\/D STALUI AN12"},"content":{"rendered":"<p>\u201eAston AN13\u201c stalvir\u0161is yra prakti\u0161kas ir stilingas baldas, puikiai papildantis tos pa\u010dios kolekcijos stal\u0105. Tai patogus sprendimas laikyti \u012fvairius biuro reikmenis, dokumentus ir smulkius daiktus, kuriuos reik\u0117s tur\u0117ti po ranka dirbant. Jis sukurtas taip, kad puikiai papildyt\u0173 \u201eAston\u201c kolekcijos stal\u0105, sukurdamas darn\u0173 ir eleganti\u0161k\u0105 komplekt\u0105. Tvirta konstrukcija ir auk\u0161tos kokyb\u0117s apdaila garantuoja stalvir\u0161io patvarum\u0105 ir stabilum\u0105 ilgus metus. \u201eAston AN13\u201c stalvir\u0161is padarys j\u016bs\u0173 darbo viet\u0105 funkcionalesn\u0119 ir organizuotesn\u0119, leisdamas jums sutelkti d\u0117mes\u012f \u012f savo u\u017eduotis be nereikalingos netvarkos.<\/p>\n<p>Plotis 44 cm Gylis 39 cm Auk\u0161tis 63 cm Produkto svoris su pakuote 16,45 kg Gamintojo kodas \/ simbolis AN13 Kolekcijos pavadinimas ASTON Pavadinimas b2b sistemoje ASTON AN13 CREMONA OAK\/CASHMERE CONTAINER LP KPL Produkto pakuo\u010di\u0173 skai\u010dius 2 Stilius Moderni \u012franga Surinkimo instrukcijos \/ surinkimo priedai Surinkimas Savaranki\u0161kam surinkimui Korpuso spalva Kremonos \u0105\u017euolas \/ ka\u0161myras Korpuso med\u017eiaga \/ tipas \/ storis 16 mm baldin\u0117 plok\u0161t\u0117 Korpuso vir\u0161utin\u0117s dalies med\u017eiaga \/ tipas \/ storis 28 mm baldin\u0117 plok\u0161t\u0117 Korpuso apatin\u0117s dalies med\u017eiaga \/ tipas \/ storis 16 mm baldin\u0117 plok\u0161t\u0117 Korpuso pagrindo med\u017eiaga \/ tipas \/ storis 16 mm baldin\u0117 plok\u0161t\u0117 Lentynos spalva Kremonos \u0105\u017euolas Lentynos med\u017eiaga \/ tipas \/ storis 16 mm baldin\u0117 plok\u0161t\u0117 Lentyn\u0173 kiekis 1 Galin\u0117s sienel\u0117s med\u017eiaga \/ tipas \/ storis 2,5 mm HDF baldin\u0117 plok\u0161t\u0117 Matoma galin\u0117s sienel\u0117s dalis Kremonos \u0105\u017euolo spalva Priekin\u0117s dalies spalva ka\u0161myras \/ Kremonos \u0105\u017euolas Priekin\u0117s med\u017eiagos \/ tipas \/ storis 16 mm MDF baldin\u0117 plok\u0161t\u0117 \/ 16 mm baldin\u0117 plok\u0161t\u0117 Priekinis vyris \u2300 35 mm reguliuojamas trijose plok\u0161tumose Priekin\u0117 universali Atsidaro \u012f kair\u0119 \/ \u012f de\u0161in\u0119 TAIP Priekin\u0117 rankena \/ apdaila \/ spalva Frezuotas \/ ka\u0161myras \u0160velnaus u\u017edarymo sistema Standartin\u0117 komplektacija Kojel\u0117 \/ apdaila \/ spalva Nereguliuojama \/ plastikiniai \/ Ratukai \/ 2 vnt. su stabd\u017eiais \/ juodi Kojel\u0117s auk\u0161tis 60 mm Dureli\u0173 skai\u010dius 1 U\u017edar\u0173 ni\u0161\u0173 skai\u010dius 2<\/p>","protected":false},"excerpt":{"rendered":"<p>The Aston AN13 pedestal is a practical and stylish piece of furniture that perfectly complements the desk from the same collection. It&#8217;s a convenient solution for storing various office accessories, documents, and small items you&#8217;ll need to have close at hand while working. It&#8217;s designed to perfectly complement the Aston collection desk, creating a cohesive [&hellip;]<\/p>","protected":false},"featured_media":252589,"comment_status":"open","ping_status":"open","template":"","meta":[],"product_brand":[],"product_cat":[9299,9120,2457],"product_tag":[],"class_list":{"0":"post-252588","1":"product","2":"type-product","3":"status-publish","4":"has-post-thumbnail","6":"product_cat-system-mebli-aston-liveo","7":"product_cat-cabinets","8":"product_cat-liveo","10":"first","11":"instock","12":"purchasable","13":"product-type-simple"},"_links":{"self":[{"href":"https:\/\/baldumarket.lt\/lt\/wp-json\/wp\/v2\/product\/252588","targetHints":{"allow":["GET"]}}],"collection":[{"href":"https:\/\/baldumarket.lt\/lt\/wp-json\/wp\/v2\/product"}],"about":[{"href":"https:\/\/baldumarket.lt\/lt\/wp-json\/wp\/v2\/types\/product"}],"replies":[{"embeddable":true,"href":"https:\/\/baldumarket.lt\/lt\/wp-json\/wp\/v2\/comments?post=252588"}],"wp:featuredmedia":[{"embeddable":true,"href":"https:\/\/baldumarket.lt\/lt\/wp-json\/wp\/v2\/media\/252589"}],"wp:attachment":[{"href":"https:\/\/baldumarket.lt\/lt\/wp-json\/wp\/v2\/media?parent=252588"}],"wp:term":[{"taxonomy":"product_brand","embeddable":true,"href":"https:\/\/baldumarket.lt\/lt\/wp-json\/wp\/v2\/product_brand?post=252588"},{"taxonomy":"product_cat","embeddable":true,"href":"https:\/\/baldumarket.lt\/lt\/wp-json\/wp\/v2\/product_cat?post=252588"},{"taxonomy":"product_tag","embeddable":true,"href":"https:\/\/baldumarket.lt\/lt\/wp-json\/wp\/v2\/product_tag?post=252588"}],"curies":[{"name":"wp","href":"https:\/\/api.w.org\/{rel}","templated":true}]}}