{"id":252580,"date":"2026-01-10T22:04:57","date_gmt":"2026-01-10T19:04:57","guid":{"rendered":"https:\/\/baldumarket.lt\/product\/aston-an12-biurko\/"},"modified":"2026-02-11T18:31:39","modified_gmt":"2026-02-11T15:31:39","slug":"aston-an12-biurko","status":"publish","type":"product","link":"https:\/\/baldumarket.lt\/lt\/product\/aston-an12-biurko\/","title":{"rendered":"ASTON AN12 stalas"},"content":{"rendered":"<p>\u201eAston AN12\u201c ra\u0161omasis stalas yra eleganti\u0161kas ir funkcionalus bet kurio biuro ar jaunimo kambario papildymas. Jis si\u016blo daug darbo vietos ir esteti\u0161kai patraukl\u0173 dizain\u0105, kuris dera tiek su moderniu, tiek su klasikiniu interjeru. \u0160is stalas, si\u016blomas \u201eCremona Oak\u201c spalvos, atrodo nat\u016braliai ir \u0161iltai. \u0160i spalva pasi\u017eymi subtiliais medienos ra\u0161tais, suteikian\u010diais subtilaus \u017eavesio ir elegancijos. D\u0117l to \u0161is stalas puikiai dera prie \u012fvairi\u0173 interjero stili\u0173 \u2013 nuo tradicinio iki modernesnio. Tod\u0117l \u201eAston AN12\u201c ra\u0161omasis stalas yra puikus pasirinkimas ie\u0161kantiems funkcionalaus ir stilingo baldo nam\u0173 biurui ar studento kambariui.<\/p>\n<p>Plotis 128 cm Gylis 68 cm Auk\u0161tis 77 cm Produkto svoris su pakuote 32,85 kg Gamintojo kodas \/ simbolis AN12 Kolekcijos pavadinimas ASTON Pavadinimas b2b sistemoje ASTON AN12 CREMONA \u0104\u017dUOLINIS STALO KOMPLEKTAS Produkto pakuo\u010di\u0173 skai\u010dius 1 Stilius Moderni \u012franga Surinkimo instrukcijos \/ surinkimo priedai Surinkimas Savaranki\u0161kam surinkimui Spalvos Cremona \u0105\u017euolas Korpuso med\u017eiaga \/ tipas \/ storis Bald\u0173 plok\u0161t\u0117 16 mm Korpuso vir\u0161utin\u0117s dalies med\u017eiaga \/ tipas \/ storis Bald\u0173 plok\u0161t\u0117 28 mm Kojeli\u0173 med\u017eiaga \/ tipas \/ storis Bald\u0173 plok\u0161t\u0117 (2 x 16) 32 mm Kojel\u0117 \/ med\u017eiaga \/ spalva Nereguliuojama \/ Bald\u0173 b\u0117geliai \/ plastikas \/ Juoda<\/p>","protected":false},"excerpt":{"rendered":"<p>\u201eAston AN12\u201c ra\u0161omasis stalas yra eleganti\u0161kas ir funkcionalus bet kurio biuro ar jaunimo kambario papildymas. Jis si\u016blo daug darbo vietos ir esteti\u0161kai patraukl\u0173 dizain\u0105, kuris dera tiek su moderniu, tiek su klasikiniu interjeru. \u0160is stalas, kur\u012f galima \u012fsigyti \u201eCremona Oak\u201c spalvos, atrodo nat\u016braliai ir \u0161iltai. \u0160i spalva pasi\u017eymi subtiliais medienos ra\u0161tais, suteikian\u010diais subtilaus \u017eavesio ir elegancijos. [\u2026]<\/p>","protected":false},"featured_media":252581,"comment_status":"open","ping_status":"open","template":"","meta":[],"product_brand":[],"product_cat":[9299,1312,2457],"product_tag":[],"class_list":{"0":"post-252580","1":"product","2":"type-product","3":"status-publish","4":"has-post-thumbnail","6":"product_cat-system-mebli-aston-liveo","7":"product_cat-desks","8":"product_cat-liveo","10":"first","11":"instock","12":"purchasable","13":"product-type-simple"},"_links":{"self":[{"href":"https:\/\/baldumarket.lt\/lt\/wp-json\/wp\/v2\/product\/252580","targetHints":{"allow":["GET"]}}],"collection":[{"href":"https:\/\/baldumarket.lt\/lt\/wp-json\/wp\/v2\/product"}],"about":[{"href":"https:\/\/baldumarket.lt\/lt\/wp-json\/wp\/v2\/types\/product"}],"replies":[{"embeddable":true,"href":"https:\/\/baldumarket.lt\/lt\/wp-json\/wp\/v2\/comments?post=252580"}],"wp:featuredmedia":[{"embeddable":true,"href":"https:\/\/baldumarket.lt\/lt\/wp-json\/wp\/v2\/media\/252581"}],"wp:attachment":[{"href":"https:\/\/baldumarket.lt\/lt\/wp-json\/wp\/v2\/media?parent=252580"}],"wp:term":[{"taxonomy":"product_brand","embeddable":true,"href":"https:\/\/baldumarket.lt\/lt\/wp-json\/wp\/v2\/product_brand?post=252580"},{"taxonomy":"product_cat","embeddable":true,"href":"https:\/\/baldumarket.lt\/lt\/wp-json\/wp\/v2\/product_cat?post=252580"},{"taxonomy":"product_tag","embeddable":true,"href":"https:\/\/baldumarket.lt\/lt\/wp-json\/wp\/v2\/product_tag?post=252580"}],"curies":[{"name":"wp","href":"https:\/\/api.w.org\/{rel}","templated":true}]}}