{"id":25258,"date":"2025-11-14T16:38:34","date_gmt":"2025-11-14T13:38:34","guid":{"rendered":"https:\/\/baldumarket.lt\/product\/quadratta-180x100\/"},"modified":"2026-03-24T16:40:05","modified_gmt":"2026-03-24T13:40:05","slug":"quadratta-180x100","status":"publish","type":"product","link":"https:\/\/baldumarket.lt\/lt\/product\/quadratta-180x100\/","title":{"rendered":"Kvadratas 180\u00d7100"},"content":{"rendered":"<p>\u201eQuadratta 180\u00d7100\u201c komplekt\u0105 sudaro 12 50 x 30 cm dyd\u017eio paneli\u0173. Mink\u0161tas \u201eQuadratta 50 x 30 cm\u201c apmu\u0161tos panel\u0117s vidus, pagamintas i\u0161 3 cm storio T21 putplas\u010dio ir lengvos, atsparios pa\u017eeidimams MDF plok\u0161t\u0117s, efektyviai pa\u0161alina rizik\u0105 atsitrenkti \u012f sien\u0105 \u017eaid\u017eiant. Tai padeda j\u016bs\u0173 ma\u017eyliui i\u0161vengti a\u0161ar\u0173 ir sumu\u0161im\u0173! Patrauklus dizainas ir platus \u201eBalduMarket\u201c spalv\u0173 pasirinkimas u\u017etikrina, kad t\u0117vai taip pat bus patenkinti. Plok\u0161t\u0117s, sumontuotos svarbiose vietose, pavyzd\u017eiui, u\u017e vaiko lovos, taip pat padeda suma\u017einti rizik\u0105, kad j\u016bs\u0173 vaikas liesis prie \u0161altos sienos. Kiekviena m\u016bs\u0173 apmu\u0161ta panel\u0117 gali b\u016bti aptraukta mink\u0161tu, zom\u0161os stiliaus audiniu. Med\u017eiagos pavir\u0161ius yra ne tik atsparus pumpuravimuisi, dilimui ir trin\u010diai, bet ir atsparus vandeniui. Plok\u0161t\u0119 taip pat galite valyti dr\u0117gnu b\u016bdu, kad pa\u0161alintum\u0117te dulkes. \u201eQuadratta\u201c ilgai i\u0161laikys savo nepriekai\u0161ting\u0105 i\u0161vaizd\u0105! Apmu\u0161t\u0173 paneli\u0173 montavimas yra greitas ir nereikalauja sunkios \u012frangos. Jos puikiai dera su kitais \u201eQuadratta\u201c kolekcijos elementais. Kiekvien\u0105 panel\u0119 galima \u012fsigyti kaip komplekt\u0105 arba atskirai.<\/p>","protected":false},"excerpt":{"rendered":"<p>\u201eQuadratta 180\u00d7100\u201c komplekt\u0105 sudaro 12 50x30 cm dyd\u017eio paneli\u0173. Mink\u0161tas \u201eQuadratta 50x30cm\u201c apmu\u0161tos panel\u0117s vidus, pagamintas i\u0161 3 cm storio T21 putplas\u010dio ir lengvos, atsparios pa\u017eeidimams MDF plok\u0161t\u0117s, efektyviai pa\u0161alina rizik\u0105 atsitrenkti \u012f sien\u0105 \u017eaid\u017eiant. Tai padeda j\u016bs\u0173 ma\u017eyliui i\u0161vengti a\u0161ar\u0173 ir m\u0117lyni\u0173! Patrauklus dizainas ir platus spalv\u0173 pasirinkimas [\u2026]<\/p>","protected":false},"featured_media":25259,"comment_status":"open","ping_status":"open","template":"","meta":[],"product_brand":[],"product_cat":[2012,1137],"product_tag":[],"class_list":{"0":"post-25258","1":"product","2":"type-product","3":"status-publish","4":"has-post-thumbnail","6":"product_cat-eltap","7":"product_cat-upholstered-panels","9":"first","10":"instock","11":"purchasable","12":"product-type-variable","13":"wvs-archive-product-wrapper"},"_links":{"self":[{"href":"https:\/\/baldumarket.lt\/lt\/wp-json\/wp\/v2\/product\/25258","targetHints":{"allow":["GET"]}}],"collection":[{"href":"https:\/\/baldumarket.lt\/lt\/wp-json\/wp\/v2\/product"}],"about":[{"href":"https:\/\/baldumarket.lt\/lt\/wp-json\/wp\/v2\/types\/product"}],"replies":[{"embeddable":true,"href":"https:\/\/baldumarket.lt\/lt\/wp-json\/wp\/v2\/comments?post=25258"}],"wp:featuredmedia":[{"embeddable":true,"href":"https:\/\/baldumarket.lt\/lt\/wp-json\/wp\/v2\/media\/25259"}],"wp:attachment":[{"href":"https:\/\/baldumarket.lt\/lt\/wp-json\/wp\/v2\/media?parent=25258"}],"wp:term":[{"taxonomy":"product_brand","embeddable":true,"href":"https:\/\/baldumarket.lt\/lt\/wp-json\/wp\/v2\/product_brand?post=25258"},{"taxonomy":"product_cat","embeddable":true,"href":"https:\/\/baldumarket.lt\/lt\/wp-json\/wp\/v2\/product_cat?post=25258"},{"taxonomy":"product_tag","embeddable":true,"href":"https:\/\/baldumarket.lt\/lt\/wp-json\/wp\/v2\/product_tag?post=25258"}],"curies":[{"name":"wp","href":"https:\/\/api.w.org\/{rel}","templated":true}]}}