{"id":252572,"date":"2026-01-10T22:04:54","date_gmt":"2026-01-10T19:04:54","guid":{"rendered":"https:\/\/baldumarket.lt\/product\/aston-an11-szafa\/"},"modified":"2026-02-11T18:31:39","modified_gmt":"2026-02-11T15:31:39","slug":"aston-an11-szafa","status":"publish","type":"product","link":"https:\/\/baldumarket.lt\/lt\/product\/aston-an11-szafa\/","title":{"rendered":"ASTON AN11 DRABU\u017dIN\u0116"},"content":{"rendered":"<p>ASTON AN11 spinta \u2013 tai funkcionalus baldas su drabu\u017ei\u0173 kabykla, idealiai tinkantis drabu\u017eiams laikyti \u012fvairiuose nam\u0173 kambariuose. Paprastas dizainas ir universalumas puikiai papildo \u012fvairius interjero dizainus. D\u0117l drabu\u017ei\u0173 kabyklos, erdvios ni\u0161os ir eleganti\u0161kos konstrukcijos ASTON AN11 spinta u\u017etikrina patog\u0173 ir stiling\u0105 drabu\u017ei\u0173 laikym\u0105 be papildom\u0173 stal\u010di\u0173. AN11 spinta \u2013 universalus baldas, puikiai tinkantis tiek prie\u0161kambaryje, tiek miegamajame, tiek svetain\u0117je.<\/p>\n<p>Plotis 90 cm Gylis 56 cm Auk\u0161tis 197 cm Produkto svoris su pakuote 74,75 kg Gamintojo kodas \/ simbolis AN11 Kolekcijos pavadinimas ASTON Pavadinimas b2b sistemoje ASTON AN11 \u0104\u017dUOLO KREMONA\/KA\u0160MYRO SPINTEL\u0116 2D KOMPLEKTAS Produkto pakuo\u010di\u0173 skai\u010dius 3 Stilius Moderni \u012franga Surinkimo instrukcijos \/ surinkimo priedai Surinkimas Savaranki\u0161kam surinkimui Korpuso spalva Kremonos \u0105\u017euolas \/ ka\u0161myras Korpuso med\u017eiaga \/ tipas \/ storis 16 mm baldin\u0117 lenta Korpuso vir\u0161utin\u0117s dalies med\u017eiaga \/ tipas \/ storis 28 mm baldin\u0117 lenta Korpuso apatin\u0117s dalies med\u017eiaga \/ tipas \/ storis 16 mm baldin\u0117 lenta Korpuso pagrindo med\u017eiaga \/ tipas \/ storis 16 mm baldin\u0117 lenta Lentynos spalva Kremonos \u0105\u017euolas Lentynos med\u017eiaga \/ tipas \/ storis 16 mm baldin\u0117 lenta Lentynos kar\u016bnos kiekis 1 Galin\u0117s sienel\u0117s med\u017eiaga \/ tipas \/ storis 2,5 mm HDF baldin\u0117 lenta Matomos galin\u0117s sienel\u0117s dalies spalva kremonos \u0105\u017euolas Priekin\u0117s spalvos ka\u0161myras \/ kremonos \u0105\u017euolas Priekin\u0117s apdailos med\u017eiaga \/ tipas \/ storis 16 mm MDF baldin\u0117 lenta \/ 16 mm baldin\u0117 lenta Priekinis vyris \u2300 35 mm reguliuojamas trij\u0173 plok\u0161tum\u0173 Priekin\u0117 rankena \/ apdaila \/ spalva Frezuota \/ ka\u0161myro \u0160velnaus u\u017edarymo sistema Standarti\u0161kai Kojel\u0117 \/ apdaila \/ spalva Nereguliuojama \/ plastikin\u0117 \/ juoda Kojel\u0117s auk\u0161tis 120 mm Dureli\u0173 skai\u010dius 4 U\u017edar\u0173 ni\u0161\u0173 skai\u010dius 3 Korpuso \u012franga Standarti\u0161kai 1 pakabos strypas<\/p>","protected":false},"excerpt":{"rendered":"<p>The ASTON AN11 wardrobe is a functional piece of furniture with a clothes rail, ideal for storing clothes in various rooms of the home. Its simple design and versatile nature make it a perfect complement to various interior designs. Thanks to the clothes rail, spacious recess, and elegant construction, the ASTON AN11 wardrobe provides convenient [&hellip;]<\/p>","protected":false},"featured_media":252573,"comment_status":"open","ping_status":"open","template":"","meta":[],"product_brand":[],"product_cat":[9299,2457,1177],"product_tag":[],"class_list":{"0":"post-252572","1":"product","2":"type-product","3":"status-publish","4":"has-post-thumbnail","6":"product_cat-furniture-system-aston-liveo","7":"product_cat-liveo","8":"product_cat-wardrobes","10":"first","11":"instock","12":"purchasable","13":"product-type-simple"},"_links":{"self":[{"href":"https:\/\/baldumarket.lt\/lt\/wp-json\/wp\/v2\/product\/252572","targetHints":{"allow":["GET"]}}],"collection":[{"href":"https:\/\/baldumarket.lt\/lt\/wp-json\/wp\/v2\/product"}],"about":[{"href":"https:\/\/baldumarket.lt\/lt\/wp-json\/wp\/v2\/types\/product"}],"replies":[{"embeddable":true,"href":"https:\/\/baldumarket.lt\/lt\/wp-json\/wp\/v2\/comments?post=252572"}],"wp:featuredmedia":[{"embeddable":true,"href":"https:\/\/baldumarket.lt\/lt\/wp-json\/wp\/v2\/media\/252573"}],"wp:attachment":[{"href":"https:\/\/baldumarket.lt\/lt\/wp-json\/wp\/v2\/media?parent=252572"}],"wp:term":[{"taxonomy":"product_brand","embeddable":true,"href":"https:\/\/baldumarket.lt\/lt\/wp-json\/wp\/v2\/product_brand?post=252572"},{"taxonomy":"product_cat","embeddable":true,"href":"https:\/\/baldumarket.lt\/lt\/wp-json\/wp\/v2\/product_cat?post=252572"},{"taxonomy":"product_tag","embeddable":true,"href":"https:\/\/baldumarket.lt\/lt\/wp-json\/wp\/v2\/product_tag?post=252572"}],"curies":[{"name":"wp","href":"https:\/\/api.w.org\/{rel}","templated":true}]}}