{"id":252556,"date":"2026-01-10T22:04:45","date_gmt":"2026-01-10T19:04:45","guid":{"rendered":"https:\/\/baldumarket.lt\/product\/aston-an09-szafka-lewostronna\/"},"modified":"2026-02-11T18:31:39","modified_gmt":"2026-02-11T15:31:39","slug":"aston-an09-szafka-lewostronna","status":"publish","type":"product","link":"https:\/\/baldumarket.lt\/lt\/product\/aston-an09-szafka-lewostronna\/","title":{"rendered":"ASTON AN09 KAIR\u0116S PUS\u0116S SPINTEL\u0116"},"content":{"rendered":"<p>Kairin\u0117 \u201eAston\u201c kolekcijos spintel\u0117, modelis AN09, yra modernaus minimalizmo esencija i\u0161skirtinai eleganti\u0161koje versijoje. Subtilus, ta\u010diau i\u0161rai\u0161kingas dizainas puikiai papildo bet kokio interjero charakter\u012f. Spintel\u0117 AN09 yra ne tik prakti\u0161kas daikt\u0173 laikymo sprendimas, bet ir ry\u0161kus dekoratyvinis elementas, kuris suteiks elegancijos ir stiliaus bet kokiam interjerui. Spintel\u0117 suteikia daug praktin\u0117s erdv\u0117s \u012fvairiems daiktams laikyti. Patogios lentynos leid\u017eia susisteminti \u012fvairius daiktus ir i\u0161laikyti tvark\u0105 kambaryje.<\/p>\n<p>Plotis 55 cm Gylis 39 cm Auk\u0161tis 197 cm Produkto svoris su pakuote 45,30 kg Gamintojo kodas \/ simbolis AN09 Kolekcijos pavadinimas ASTON Pavadinimas b2b sistemoje ASTON AN09 CREMONA \u0104\u017dUOLO\/KA\u0160MYRO SPINTEL\u0116 L KOMPLEKTAS Produkto pakuo\u010di\u0173 skai\u010dius 3 Stilius Moderni \u012franga Surinkimo instrukcijos \/ surinkimo priedai Surinkimas Savaranki\u0161kam surinkimui Korpuso spalva Kremonos \u0105\u017euolas \/ ka\u0161myras Korpuso med\u017eiaga \/ tipas \/ storis 16 mm baldin\u0117 plok\u0161t\u0117 Korpuso vir\u0161utin\u0117s dalies med\u017eiaga \/ tipas \/ storis 28 mm baldin\u0117 plok\u0161t\u0117 Korpuso apatin\u0117s dalies med\u017eiaga \/ tipas \/ storis 16 mm baldin\u0117 plok\u0161t\u0117 Korpuso pagrindo med\u017eiaga \/ tipas \/ storis 16 mm baldin\u0117 plok\u0161t\u0117 Lentynos spalva Kremonos \u0105\u017euolas Lentynos med\u017eiaga \/ tipas \/ storis 16 mm baldin\u0117 plok\u0161t\u0117 Lentyn\u0173 kiekis 3 Galin\u0117s sienel\u0117s med\u017eiaga \/ tipas \/ storis 2,5 mm HDF baldin\u0117 plok\u0161t\u0117 Matoma galin\u0117s sienel\u0117s dalis kremonos \u0105\u017euolo spalva Priekin\u0117s dalies spalva ka\u0161myras \/ kremonos \u0105\u017euolas Priekin\u0117s med\u017eiagos \/ tipas \/ storis 16 mm MDF baldin\u0117 plok\u0161t\u0117 \/ 16 mm baldin\u0117 plok\u0161t\u0117 Priekinis vyris \u2300 35 mm reguliuojamas trijose plok\u0161tumose Priekin\u0117 rankena \/ Apdaila \/ spalva Frezuota \/ ka\u0161myro \u0160velnaus u\u017edarymo sistema Standartin\u0117 komplektacija Kojel\u0117 \/ apdaila \/ spalva Nereguliuojama \/ plastikin\u0117 \/ juoda Kojel\u0117s auk\u0161tis 120 mm Dureli\u0173 skai\u010dius 2 U\u017edar\u0173 ni\u0161\u0173 skai\u010dius 5<\/p>","protected":false},"excerpt":{"rendered":"<p>The left-hand cabinet from the Aston collection, model AN09, is the essence of modern minimalism in an exceptionally elegant version. Its subtle yet expressive design perfectly enhances the character of any interior. The AN09 cabinet is not only a practical storage solution but also a striking decorative element that will add elegance and style to [&hellip;]<\/p>","protected":false},"featured_media":252557,"comment_status":"open","ping_status":"open","template":"","meta":[],"product_brand":[],"product_cat":[9299,2457,1177],"product_tag":[],"class_list":{"0":"post-252556","1":"product","2":"type-product","3":"status-publish","4":"has-post-thumbnail","6":"product_cat-system-mebli-aston-liveo","7":"product_cat-liveo","8":"product_cat-wardrobes","10":"first","11":"instock","12":"purchasable","13":"product-type-simple"},"_links":{"self":[{"href":"https:\/\/baldumarket.lt\/lt\/wp-json\/wp\/v2\/product\/252556","targetHints":{"allow":["GET"]}}],"collection":[{"href":"https:\/\/baldumarket.lt\/lt\/wp-json\/wp\/v2\/product"}],"about":[{"href":"https:\/\/baldumarket.lt\/lt\/wp-json\/wp\/v2\/types\/product"}],"replies":[{"embeddable":true,"href":"https:\/\/baldumarket.lt\/lt\/wp-json\/wp\/v2\/comments?post=252556"}],"wp:featuredmedia":[{"embeddable":true,"href":"https:\/\/baldumarket.lt\/lt\/wp-json\/wp\/v2\/media\/252557"}],"wp:attachment":[{"href":"https:\/\/baldumarket.lt\/lt\/wp-json\/wp\/v2\/media?parent=252556"}],"wp:term":[{"taxonomy":"product_brand","embeddable":true,"href":"https:\/\/baldumarket.lt\/lt\/wp-json\/wp\/v2\/product_brand?post=252556"},{"taxonomy":"product_cat","embeddable":true,"href":"https:\/\/baldumarket.lt\/lt\/wp-json\/wp\/v2\/product_cat?post=252556"},{"taxonomy":"product_tag","embeddable":true,"href":"https:\/\/baldumarket.lt\/lt\/wp-json\/wp\/v2\/product_tag?post=252556"}],"curies":[{"name":"wp","href":"https:\/\/api.w.org\/{rel}","templated":true}]}}